{"id":141096,"date":"2024-12-06T16:38:30","date_gmt":"2024-12-09T09:07:45","guid":{"rendered":"https:\/\/kingarms.ee\/product\/sck-dekorativs-duncis-zs211\/"},"modified":"2025-08-02T16:17:56","modified_gmt":"2025-08-02T13:17:56","slug":"sck-ornamentals-dager-zs211","status":"publish","type":"product","link":"https:\/\/kingarms.ee\/lv\/product\/sck-ornamentals-dager-zs211\/","title":{"rendered":"SCK dekorat\u012bvs duncis (ZS211)"},"content":{"rendered":"<p>SCK dekorat\u012bvs duncis (ZS211)<\/p>\n<p>Dekursts<br \/>\nT\u0113rauda asmens 165 mm<br \/>\nPlastmasas rokturis (koksnes imit\u0101cija)<br \/>\nPlastmasas kaudze (koksnes imit\u0101cija)<br \/>\nKop\u0113jais garums 265 mm (300 mm ar \u0137abi)<br \/>\nSvars 130 g (210 g ar \u0137abi)<br \/>\nKoka\/sudraba kr\u0101sas imit\u0101cija<\/p>\n","protected":false},"excerpt":{"rendered":"<p>SCK dekorat\u012bvs duncis (ZS211) Dekursts T\u0113rauda asmens 165 mm Plastmasas rokturis (koksnes imit\u0101cija) Plastmasas kaudze (koksnes imit\u0101cija) Kop\u0113jais garums 265<\/p>\n","protected":false},"featured_media":139320,"template":"","meta":{"_acf_changed":false},"product_brand":[],"product_cat":[1105,1311],"product_tag":[],"class_list":{"0":"post-141096","1":"product","2":"type-product","3":"status-publish","4":"has-post-thumbnail","6":"product_cat-cits","7":"product_cat-zobeni","9":"first","10":"instock","11":"purchasable","12":"product-type-simple"},"acf":[],"_links":{"self":[{"href":"https:\/\/kingarms.ee\/lv\/wp-json\/wp\/v2\/product\/141096","targetHints":{"allow":["GET"]}}],"collection":[{"href":"https:\/\/kingarms.ee\/lv\/wp-json\/wp\/v2\/product"}],"about":[{"href":"https:\/\/kingarms.ee\/lv\/wp-json\/wp\/v2\/types\/product"}],"wp:featuredmedia":[{"embeddable":true,"href":"https:\/\/kingarms.ee\/lv\/wp-json\/wp\/v2\/media\/139320"}],"wp:attachment":[{"href":"https:\/\/kingarms.ee\/lv\/wp-json\/wp\/v2\/media?parent=141096"}],"wp:term":[{"taxonomy":"product_brand","embeddable":true,"href":"https:\/\/kingarms.ee\/lv\/wp-json\/wp\/v2\/product_brand?post=141096"},{"taxonomy":"product_cat","embeddable":true,"href":"https:\/\/kingarms.ee\/lv\/wp-json\/wp\/v2\/product_cat?post=141096"},{"taxonomy":"product_tag","embeddable":true,"href":"https:\/\/kingarms.ee\/lv\/wp-json\/wp\/v2\/product_tag?post=141096"}],"curies":[{"name":"wp","href":"https:\/\/api.w.org\/{rel}","templated":true}]}}