{"id":141145,"date":"2024-12-06T16:38:30","date_gmt":"2024-12-09T10:33:59","guid":{"rendered":"https:\/\/kingarms.ee\/product\/dekorativa-fantazijas-zobens-ar-bambusa-asmeni-zs678wd\/"},"modified":"2025-08-02T16:23:30","modified_gmt":"2025-08-02T13:23:30","slug":"dekorativa-fantasy-sword-with-bamboo-as-zs678wd","status":"publish","type":"product","link":"https:\/\/kingarms.ee\/lv\/product\/dekorativa-fantasy-sword-with-bamboo-as-zs678wd\/","title":{"rendered":"Dekorat\u012bv\u0101 fant\u0101zijas zobens ar bambusa asmeni (ZS678WD)"},"content":{"rendered":"<p>Dekorat\u012bv\u0101 fant\u0101zijas zobens ar bambusa asmeni (ZS678WD)<\/p>\n<p>Dekorat\u012bv\u0101 fant\u0101zijas zobens<br \/>\nIedvesmojoties no Tengen Uzui zobena<br \/>\nAnime s\u0113rija Demon Slayer: Kimetsu no Yaiba<br \/>\nBambusa asmens un rokturis<br \/>\nPlastisk\u0101 aizsargs<br \/>\nPlastmasas poga un \u0137\u0113de<br \/>\nLeterete smaci\u0146a<br \/>\nAsmens garums 585 mm<br \/>\nKop\u0113jais garums 865 mm<br \/>\nSvars 350 g (590 g ar \u0137abi)<\/p>\n<p>Neass un nav asin\u0101ts bambusa asmens, tikai dekorat\u012bvos nol\u016bkos<br \/>\nL\u016bdzu, pirms pirk\u0161anas p\u0101rbaudiet savas valsts regulu<\/p>\n","protected":false},"excerpt":{"rendered":"<p>Dekorat\u012bv\u0101 fant\u0101zijas zobens ar bambusa asmeni (ZS678WD) Dekorat\u012bv\u0101 fant\u0101zijas zobens Iedvesmojoties no Tengen Uzui zobena Anime s\u0113rija Demon Slayer: Kimetsu<\/p>\n","protected":false},"featured_media":139632,"template":"","meta":{"_acf_changed":false},"product_brand":[],"product_cat":[1105,1311],"product_tag":[],"class_list":{"0":"post-141145","1":"product","2":"type-product","3":"status-publish","4":"has-post-thumbnail","6":"product_cat-cits","7":"product_cat-zobeni","9":"first","10":"instock","11":"purchasable","12":"product-type-simple"},"acf":[],"_links":{"self":[{"href":"https:\/\/kingarms.ee\/lv\/wp-json\/wp\/v2\/product\/141145","targetHints":{"allow":["GET"]}}],"collection":[{"href":"https:\/\/kingarms.ee\/lv\/wp-json\/wp\/v2\/product"}],"about":[{"href":"https:\/\/kingarms.ee\/lv\/wp-json\/wp\/v2\/types\/product"}],"wp:featuredmedia":[{"embeddable":true,"href":"https:\/\/kingarms.ee\/lv\/wp-json\/wp\/v2\/media\/139632"}],"wp:attachment":[{"href":"https:\/\/kingarms.ee\/lv\/wp-json\/wp\/v2\/media?parent=141145"}],"wp:term":[{"taxonomy":"product_brand","embeddable":true,"href":"https:\/\/kingarms.ee\/lv\/wp-json\/wp\/v2\/product_brand?post=141145"},{"taxonomy":"product_cat","embeddable":true,"href":"https:\/\/kingarms.ee\/lv\/wp-json\/wp\/v2\/product_cat?post=141145"},{"taxonomy":"product_tag","embeddable":true,"href":"https:\/\/kingarms.ee\/lv\/wp-json\/wp\/v2\/product_tag?post=141145"}],"curies":[{"name":"wp","href":"https:\/\/api.w.org\/{rel}","templated":true}]}}