{"id":141148,"date":"2024-12-06T16:38:30","date_gmt":"2024-12-09T10:33:59","guid":{"rendered":"https:\/\/kingarms.ee\/product\/dekorativas-fantazijas-para-zobeni-zs678-2\/"},"modified":"2025-08-02T16:24:26","modified_gmt":"2025-08-02T13:24:26","slug":"dekorativa-fantaza-para-words-zs678-2","status":"publish","type":"product","link":"https:\/\/kingarms.ee\/lv\/product\/dekorativa-fantaza-para-words-zs678-2\/","title":{"rendered":"Dekorat\u012bv\u0101s fant\u0101zijas p\u0101ra zobeni (ZS678-2)"},"content":{"rendered":"<p>Dekorat\u012bv\u0101s fant\u0101zijas p\u0101ra zobeni (ZS678-2)<\/p>\n<p>Dekorat\u012bv\u0101s fant\u0101zijas p\u0101ra zobeni<br \/>\nIedvesmojoties no Tengen Uzui zobeniem<br \/>\nAnime s\u0113rija Demon Slayer: Kimetsu no Yaiba<br \/>\nT\u0113rauda asmens<br \/>\nMet\u0101la aizsargs, poga un \u0137\u0113de<br \/>\nKoka rokturis<br \/>\nLeterete smaci\u0146a<br \/>\nAsmens garums 490mm<br \/>\nKop\u0113jais garums 790mm<br \/>\nKop\u0113jais svars 2560 g (2855 g ar \u0137abi)<\/p>\n<p>Neass un nav asin\u0101ts asmens, tikai dekorat\u012bviem nol\u016bkiem<br \/>\nL\u016bdzu, pirms pirk\u0161anas p\u0101rbaudiet savas valsts regulu<\/p>\n","protected":false},"excerpt":{"rendered":"<p>Dekorat\u012bv\u0101s fant\u0101zijas p\u0101ra zobeni (ZS678-2) Dekorat\u012bv\u0101s fant\u0101zijas p\u0101ra zobeni Iedvesmojoties no Tengen Uzui zobeniem Anime s\u0113rija Demon Slayer: Kimetsu no<\/p>\n","protected":false},"featured_media":133052,"template":"","meta":{"_acf_changed":false},"product_brand":[],"product_cat":[1105,1311],"product_tag":[],"class_list":{"0":"post-141148","1":"product","2":"type-product","3":"status-publish","4":"has-post-thumbnail","6":"product_cat-cits","7":"product_cat-zobeni","9":"first","10":"instock","11":"purchasable","12":"product-type-simple"},"acf":[],"_links":{"self":[{"href":"https:\/\/kingarms.ee\/lv\/wp-json\/wp\/v2\/product\/141148","targetHints":{"allow":["GET"]}}],"collection":[{"href":"https:\/\/kingarms.ee\/lv\/wp-json\/wp\/v2\/product"}],"about":[{"href":"https:\/\/kingarms.ee\/lv\/wp-json\/wp\/v2\/types\/product"}],"wp:featuredmedia":[{"embeddable":true,"href":"https:\/\/kingarms.ee\/lv\/wp-json\/wp\/v2\/media\/133052"}],"wp:attachment":[{"href":"https:\/\/kingarms.ee\/lv\/wp-json\/wp\/v2\/media?parent=141148"}],"wp:term":[{"taxonomy":"product_brand","embeddable":true,"href":"https:\/\/kingarms.ee\/lv\/wp-json\/wp\/v2\/product_brand?post=141148"},{"taxonomy":"product_cat","embeddable":true,"href":"https:\/\/kingarms.ee\/lv\/wp-json\/wp\/v2\/product_cat?post=141148"},{"taxonomy":"product_tag","embeddable":true,"href":"https:\/\/kingarms.ee\/lv\/wp-json\/wp\/v2\/product_tag?post=141148"}],"curies":[{"name":"wp","href":"https:\/\/api.w.org\/{rel}","templated":true}]}}