{"id":141178,"date":"2024-12-06T16:37:47","date_gmt":"2024-12-09T10:42:12","guid":{"rendered":"https:\/\/kingarms.ee\/product\/dekorativais-zobens-by-078a\/"},"modified":"2025-08-02T16:50:15","modified_gmt":"2025-08-02T13:50:15","slug":"dekorativais-varda-by-078a","status":"publish","type":"product","link":"https:\/\/kingarms.ee\/lv\/product\/dekorativais-varda-by-078a\/","title":{"rendered":"Dekorat\u012bvais zobens (by-078a)"},"content":{"rendered":"<p>Dekorat\u012bvais zobens (by-078a)<\/p>\n<p>Dekorat\u012bvais zobens (by-078a)<br \/>\nIedvesmojoties no ASV Marine Corp Mameluke zobena<br \/>\nT\u0113rauda asmens<br \/>\nPlastmasas kalna ar met\u0101la aizsargu<br \/>\nMet\u0101la kraupis<br \/>\nKop\u0113jais garums 894 mm (980 mm ar \u0161\u0137embu)<br \/>\nAsmens garums 750 mm<br \/>\nSvars 645G (1120G ar Scabbard)<br \/>\nIek\u013cauts auduma v\u0101ks<\/p>\n<p>Neass un nav asin\u0101ts asmens, tikai dekorat\u012bviem nol\u016bkiem<br \/>\nL\u016bdzu, pirms pirk\u0161anas p\u0101rbaudiet savas valsts regul\u0113jumu<\/p>\n","protected":false},"excerpt":{"rendered":"<p>Dekorat\u012bvais zobens (by-078a) Dekorat\u012bvais zobens (by-078a) Iedvesmojoties no ASV Marine Corp Mameluke zobena T\u0113rauda asmens Plastmasas kalna ar met\u0101la aizsargu<\/p>\n","protected":false},"featured_media":138882,"template":"","meta":{"_acf_changed":false},"product_brand":[],"product_cat":[1105,1311],"product_tag":[],"class_list":{"0":"post-141178","1":"product","2":"type-product","3":"status-publish","4":"has-post-thumbnail","6":"product_cat-cits","7":"product_cat-zobeni","9":"first","10":"instock","11":"purchasable","12":"product-type-simple"},"acf":[],"_links":{"self":[{"href":"https:\/\/kingarms.ee\/lv\/wp-json\/wp\/v2\/product\/141178","targetHints":{"allow":["GET"]}}],"collection":[{"href":"https:\/\/kingarms.ee\/lv\/wp-json\/wp\/v2\/product"}],"about":[{"href":"https:\/\/kingarms.ee\/lv\/wp-json\/wp\/v2\/types\/product"}],"wp:featuredmedia":[{"embeddable":true,"href":"https:\/\/kingarms.ee\/lv\/wp-json\/wp\/v2\/media\/138882"}],"wp:attachment":[{"href":"https:\/\/kingarms.ee\/lv\/wp-json\/wp\/v2\/media?parent=141178"}],"wp:term":[{"taxonomy":"product_brand","embeddable":true,"href":"https:\/\/kingarms.ee\/lv\/wp-json\/wp\/v2\/product_brand?post=141178"},{"taxonomy":"product_cat","embeddable":true,"href":"https:\/\/kingarms.ee\/lv\/wp-json\/wp\/v2\/product_cat?post=141178"},{"taxonomy":"product_tag","embeddable":true,"href":"https:\/\/kingarms.ee\/lv\/wp-json\/wp\/v2\/product_tag?post=141178"}],"curies":[{"name":"wp","href":"https:\/\/api.w.org\/{rel}","templated":true}]}}