{"id":141179,"date":"2024-12-06T16:37:47","date_gmt":"2024-12-09T10:42:12","guid":{"rendered":"https:\/\/kingarms.ee\/product\/dekorativais-zobens-by-091b\/"},"modified":"2025-08-02T16:51:04","modified_gmt":"2025-08-02T13:51:04","slug":"dekorativais-varda-by-091b","status":"publish","type":"product","link":"https:\/\/kingarms.ee\/lv\/product\/dekorativais-varda-by-091b\/","title":{"rendered":"Dekorat\u012bvais zobens (by-091b)"},"content":{"rendered":"<p>Dekorat\u012bvais zobens (by-091b)<\/p>\n<p>Dekorat\u012bvais zobens<br \/>\nIedvesmojoties no Cossacks \u0160a\u0161ka Saber<br \/>\nT\u0113rauda asmens<br \/>\nKoka \u0161\u0137embas ar met\u0101la rot\u0101jumiem<br \/>\nPlastmasas un met\u0101la kalna<br \/>\nKop\u0113jais garums 913 mm (965 mm ar \u0161\u0137embu)<br \/>\nAsmens garums 765 mm<br \/>\nSvars 715G (1300G ar Scabbard)<br \/>\nIek\u013cauts auduma v\u0101ks<\/p>\n<p>Neass un nav asin\u0101ts asmens, tikai dekorat\u012bviem nol\u016bkiem<br \/>\nL\u016bdzu, pirms pirk\u0161anas p\u0101rbaudiet savas valsts regul\u0113jumu<\/p>\n","protected":false},"excerpt":{"rendered":"<p>Dekorat\u012bvais zobens (by-091b) Dekorat\u012bvais zobens Iedvesmojoties no Cossacks \u0160a\u0161ka Saber T\u0113rauda asmens Koka \u0161\u0137embas ar met\u0101la rot\u0101jumiem Plastmasas un met\u0101la<\/p>\n","protected":false},"featured_media":138894,"template":"","meta":{"_acf_changed":false},"product_brand":[],"product_cat":[1105,1311],"product_tag":[],"class_list":{"0":"post-141179","1":"product","2":"type-product","3":"status-publish","4":"has-post-thumbnail","6":"product_cat-cits","7":"product_cat-zobeni","9":"first","10":"instock","11":"purchasable","12":"product-type-simple"},"acf":[],"_links":{"self":[{"href":"https:\/\/kingarms.ee\/lv\/wp-json\/wp\/v2\/product\/141179","targetHints":{"allow":["GET"]}}],"collection":[{"href":"https:\/\/kingarms.ee\/lv\/wp-json\/wp\/v2\/product"}],"about":[{"href":"https:\/\/kingarms.ee\/lv\/wp-json\/wp\/v2\/types\/product"}],"wp:featuredmedia":[{"embeddable":true,"href":"https:\/\/kingarms.ee\/lv\/wp-json\/wp\/v2\/media\/138894"}],"wp:attachment":[{"href":"https:\/\/kingarms.ee\/lv\/wp-json\/wp\/v2\/media?parent=141179"}],"wp:term":[{"taxonomy":"product_brand","embeddable":true,"href":"https:\/\/kingarms.ee\/lv\/wp-json\/wp\/v2\/product_brand?post=141179"},{"taxonomy":"product_cat","embeddable":true,"href":"https:\/\/kingarms.ee\/lv\/wp-json\/wp\/v2\/product_cat?post=141179"},{"taxonomy":"product_tag","embeddable":true,"href":"https:\/\/kingarms.ee\/lv\/wp-json\/wp\/v2\/product_tag?post=141179"}],"curies":[{"name":"wp","href":"https:\/\/api.w.org\/{rel}","templated":true}]}}