{"id":141203,"date":"2024-12-06T16:37:26","date_gmt":"2024-12-09T11:10:18","guid":{"rendered":"https:\/\/kingarms.ee\/product\/dekorativa-fantazijas-zobens-zs9136\/"},"modified":"2025-08-02T16:59:01","modified_gmt":"2025-08-02T13:59:01","slug":"ornamental-fantasy-sword-zs9136","status":"publish","type":"product","link":"https:\/\/kingarms.ee\/lv\/product\/ornamental-fantasy-sword-zs9136\/","title":{"rendered":"Dekorat\u012bv\u0101 fant\u0101zijas zobens (ZS9136)"},"content":{"rendered":"<p>Dekorat\u012bv\u0101 fant\u0101zijas zobens (ZS9136)<\/p>\n<p>Dekorat\u012bv\u0101 fant\u0101zijas zobens<br \/>\nIedvesmojoties no Atlantijas zobena<br \/>\nFilmu s\u0113rija Conan Barbarian<br \/>\nT\u0113rauda asmens<br \/>\nMet\u0101la sargs<br \/>\nMet\u0101la rokturis<br \/>\nKoka sienas stat\u012bva ir iek\u013cauta<br \/>\nKop\u0113jais garums 990mm<br \/>\nAsmens garums 715 mm<br \/>\nSvars 2080g<\/p>\n<p>Neass un nav asin\u0101ts asmens, tikai dekorat\u012bviem nol\u016bkiem<br \/>\nL\u016bdzu, pirms pirk\u0161anas p\u0101rbaudiet savas valsts regulu<\/p>\n","protected":false},"excerpt":{"rendered":"<p>Dekorat\u012bv\u0101 fant\u0101zijas zobens (ZS9136) Dekorat\u012bv\u0101 fant\u0101zijas zobens Iedvesmojoties no Atlantijas zobena Filmu s\u0113rija Conan Barbarian T\u0113rauda asmens Met\u0101la sargs Met\u0101la<\/p>\n","protected":false},"featured_media":140022,"template":"","meta":{"_acf_changed":false},"product_brand":[],"product_cat":[1105,1311],"product_tag":[],"class_list":{"0":"post-141203","1":"product","2":"type-product","3":"status-publish","4":"has-post-thumbnail","6":"product_cat-cits","7":"product_cat-zobeni","9":"first","10":"instock","11":"purchasable","12":"product-type-simple"},"acf":[],"_links":{"self":[{"href":"https:\/\/kingarms.ee\/lv\/wp-json\/wp\/v2\/product\/141203","targetHints":{"allow":["GET"]}}],"collection":[{"href":"https:\/\/kingarms.ee\/lv\/wp-json\/wp\/v2\/product"}],"about":[{"href":"https:\/\/kingarms.ee\/lv\/wp-json\/wp\/v2\/types\/product"}],"wp:featuredmedia":[{"embeddable":true,"href":"https:\/\/kingarms.ee\/lv\/wp-json\/wp\/v2\/media\/140022"}],"wp:attachment":[{"href":"https:\/\/kingarms.ee\/lv\/wp-json\/wp\/v2\/media?parent=141203"}],"wp:term":[{"taxonomy":"product_brand","embeddable":true,"href":"https:\/\/kingarms.ee\/lv\/wp-json\/wp\/v2\/product_brand?post=141203"},{"taxonomy":"product_cat","embeddable":true,"href":"https:\/\/kingarms.ee\/lv\/wp-json\/wp\/v2\/product_cat?post=141203"},{"taxonomy":"product_tag","embeddable":true,"href":"https:\/\/kingarms.ee\/lv\/wp-json\/wp\/v2\/product_tag?post=141203"}],"curies":[{"name":"wp","href":"https:\/\/api.w.org\/{rel}","templated":true}]}}