{"id":141216,"date":"2024-12-06T16:37:47","date_gmt":"2024-12-09T11:10:20","guid":{"rendered":"https:\/\/kingarms.ee\/product\/dekorativais-zobens-zs198\/"},"modified":"2025-08-02T16:55:05","modified_gmt":"2025-08-02T13:55:05","slug":"ornamental-sword-zs198","status":"publish","type":"product","link":"https:\/\/kingarms.ee\/lv\/product\/ornamental-sword-zs198\/","title":{"rendered":"Dekorat\u012bvais zobens (ZS198)"},"content":{"rendered":"<p>Dekorat\u012bvais zobens (ZS198)<\/p>\n<p>Dekorat\u012bvais zobens<br \/>\nIedvesmojoties no Li\u010da kara\u013ca Frostmourne zobena<br \/>\nWorld of Warcraft s\u0113rija<br \/>\nT\u0113rauda asmens<br \/>\nMet\u0101la aizsargs un poga<br \/>\nKoka sienas stat\u012bva ir iek\u013cauta<br \/>\nKop\u0113jais garums 1200 mm<br \/>\nAsmens garums 780mm<br \/>\nSvars 3970g<\/p>\n<p>Neass un nav asin\u0101ts asmens, tikai dekorat\u012bviem nol\u016bkiem<br \/>\nL\u016bdzu, pirms pirk\u0161anas p\u0101rbaudiet savas valsts regul\u0113jumu<\/p>\n","protected":false},"excerpt":{"rendered":"<p>Dekorat\u012bvais zobens (ZS198) Dekorat\u012bvais zobens Iedvesmojoties no Li\u010da kara\u013ca Frostmourne zobena World of Warcraft s\u0113rija T\u0113rauda asmens Met\u0101la aizsargs un<\/p>\n","protected":false},"featured_media":139314,"template":"","meta":{"_acf_changed":false},"product_brand":[],"product_cat":[1105,1311],"product_tag":[],"class_list":{"0":"post-141216","1":"product","2":"type-product","3":"status-publish","4":"has-post-thumbnail","6":"product_cat-cits","7":"product_cat-zobeni","9":"first","10":"instock","11":"purchasable","12":"product-type-simple"},"acf":[],"_links":{"self":[{"href":"https:\/\/kingarms.ee\/lv\/wp-json\/wp\/v2\/product\/141216","targetHints":{"allow":["GET"]}}],"collection":[{"href":"https:\/\/kingarms.ee\/lv\/wp-json\/wp\/v2\/product"}],"about":[{"href":"https:\/\/kingarms.ee\/lv\/wp-json\/wp\/v2\/types\/product"}],"wp:featuredmedia":[{"embeddable":true,"href":"https:\/\/kingarms.ee\/lv\/wp-json\/wp\/v2\/media\/139314"}],"wp:attachment":[{"href":"https:\/\/kingarms.ee\/lv\/wp-json\/wp\/v2\/media?parent=141216"}],"wp:term":[{"taxonomy":"product_brand","embeddable":true,"href":"https:\/\/kingarms.ee\/lv\/wp-json\/wp\/v2\/product_brand?post=141216"},{"taxonomy":"product_cat","embeddable":true,"href":"https:\/\/kingarms.ee\/lv\/wp-json\/wp\/v2\/product_cat?post=141216"},{"taxonomy":"product_tag","embeddable":true,"href":"https:\/\/kingarms.ee\/lv\/wp-json\/wp\/v2\/product_tag?post=141216"}],"curies":[{"name":"wp","href":"https:\/\/api.w.org\/{rel}","templated":true}]}}