{"id":141226,"date":"2024-12-06T16:37:47","date_gmt":"2024-12-09T11:10:20","guid":{"rendered":"https:\/\/kingarms.ee\/product\/dekorativais-cirvis-zs143\/"},"modified":"2025-08-02T16:55:54","modified_gmt":"2025-08-02T13:55:54","slug":"dekorativa-ass-zs143","status":"publish","type":"product","link":"https:\/\/kingarms.ee\/lv\/product\/dekorativa-ass-zs143\/","title":{"rendered":"Dekorat\u012bvais cirvis (ZS143)"},"content":{"rendered":"<p>Dekorat\u012bvais cirvis (ZS143)<\/p>\n<p>Dekorat\u012bvais cirvis<br \/>\nIedvesmojoties no Gorehowl cires no Grommas &#8220;Grom&#8221; Hellscream<br \/>\nWorld of Warcraft s\u0113rija<br \/>\nMet\u0101la cirvis un zina<br \/>\nIek\u013cauts sienas stends<br \/>\nKop\u0113jais garums 1060mm<br \/>\nSvars 5.144G<\/p>\n<p>Neass un nav asin\u0101ts asmens, tikai dekorat\u012bviem nol\u016bkiem<br \/>\nL\u016bdzu, pirms pirk\u0161anas p\u0101rbaudiet savas valsts regul\u0113jumu<\/p>\n","protected":false},"excerpt":{"rendered":"<p>Dekorat\u012bvais cirvis (ZS143) Dekorat\u012bvais cirvis Iedvesmojoties no Gorehowl cires no Grommas &#8220;Grom&#8221; Hellscream World of Warcraft s\u0113rija Met\u0101la cirvis un<\/p>\n","protected":false},"featured_media":139242,"template":"","meta":{"_acf_changed":false},"product_brand":[],"product_cat":[1105,1311],"product_tag":[],"class_list":{"0":"post-141226","1":"product","2":"type-product","3":"status-publish","4":"has-post-thumbnail","6":"product_cat-cits","7":"product_cat-zobeni","9":"first","10":"instock","11":"purchasable","12":"product-type-simple"},"acf":[],"_links":{"self":[{"href":"https:\/\/kingarms.ee\/lv\/wp-json\/wp\/v2\/product\/141226","targetHints":{"allow":["GET"]}}],"collection":[{"href":"https:\/\/kingarms.ee\/lv\/wp-json\/wp\/v2\/product"}],"about":[{"href":"https:\/\/kingarms.ee\/lv\/wp-json\/wp\/v2\/types\/product"}],"wp:featuredmedia":[{"embeddable":true,"href":"https:\/\/kingarms.ee\/lv\/wp-json\/wp\/v2\/media\/139242"}],"wp:attachment":[{"href":"https:\/\/kingarms.ee\/lv\/wp-json\/wp\/v2\/media?parent=141226"}],"wp:term":[{"taxonomy":"product_brand","embeddable":true,"href":"https:\/\/kingarms.ee\/lv\/wp-json\/wp\/v2\/product_brand?post=141226"},{"taxonomy":"product_cat","embeddable":true,"href":"https:\/\/kingarms.ee\/lv\/wp-json\/wp\/v2\/product_cat?post=141226"},{"taxonomy":"product_tag","embeddable":true,"href":"https:\/\/kingarms.ee\/lv\/wp-json\/wp\/v2\/product_tag?post=141226"}],"curies":[{"name":"wp","href":"https:\/\/api.w.org\/{rel}","templated":true}]}}