{"id":141263,"date":"2024-12-06T16:37:07","date_gmt":"2024-12-09T11:19:32","guid":{"rendered":"https:\/\/kingarms.ee\/product\/dekorativa-fantazijas-zobens-zs8906\/"},"modified":"2025-08-02T17:19:40","modified_gmt":"2025-08-02T14:19:40","slug":"dekorativa-fantazija-varda-zs8906","status":"publish","type":"product","link":"https:\/\/kingarms.ee\/lv\/product\/dekorativa-fantazija-varda-zs8906\/","title":{"rendered":"Dekorat\u012bv\u0101 fant\u0101zijas zobens (ZS8906)"},"content":{"rendered":"<p>Dekorat\u012bv\u0101 fant\u0101zijas zobens (ZS8906)<\/p>\n<p>Dekorat\u012bv\u0101 fant\u0101zijas zobens<br \/>\nIedvesmojoties no slepkavas Creed maz\u0101 zobena<br \/>\nT\u0113rauda asmens<br \/>\nMet\u0101la rokturis<br \/>\nValk\u0101jams \u0101das imit\u0101cija ar krauptu ar met\u0101la spr\u0101dzi<br \/>\nKop\u0113jais garums 535 mm<br \/>\nAsmens garums 370 mm<br \/>\nSvars 330g<\/p>\n<p>Dekorat\u012bvs zobens, nav asin\u0101ts un nav nor\u0101d\u012bts asmen\u012b<br \/>\nL\u016bdzu, pirms pirk\u0161anas p\u0101rbaudiet savas valsts regulu<\/p>\n","protected":false},"excerpt":{"rendered":"<p>Dekorat\u012bv\u0101 fant\u0101zijas zobens (ZS8906) Dekorat\u012bv\u0101 fant\u0101zijas zobens Iedvesmojoties no slepkavas Creed maz\u0101 zobena T\u0113rauda asmens Met\u0101la rokturis Valk\u0101jams \u0101das imit\u0101cija<\/p>\n","protected":false},"featured_media":139968,"template":"","meta":{"_acf_changed":false},"product_brand":[],"product_cat":[1105,1311],"product_tag":[],"class_list":{"0":"post-141263","1":"product","2":"type-product","3":"status-publish","4":"has-post-thumbnail","6":"product_cat-cits","7":"product_cat-zobeni","9":"first","10":"instock","11":"purchasable","12":"product-type-simple"},"acf":[],"_links":{"self":[{"href":"https:\/\/kingarms.ee\/lv\/wp-json\/wp\/v2\/product\/141263","targetHints":{"allow":["GET"]}}],"collection":[{"href":"https:\/\/kingarms.ee\/lv\/wp-json\/wp\/v2\/product"}],"about":[{"href":"https:\/\/kingarms.ee\/lv\/wp-json\/wp\/v2\/types\/product"}],"wp:featuredmedia":[{"embeddable":true,"href":"https:\/\/kingarms.ee\/lv\/wp-json\/wp\/v2\/media\/139968"}],"wp:attachment":[{"href":"https:\/\/kingarms.ee\/lv\/wp-json\/wp\/v2\/media?parent=141263"}],"wp:term":[{"taxonomy":"product_brand","embeddable":true,"href":"https:\/\/kingarms.ee\/lv\/wp-json\/wp\/v2\/product_brand?post=141263"},{"taxonomy":"product_cat","embeddable":true,"href":"https:\/\/kingarms.ee\/lv\/wp-json\/wp\/v2\/product_cat?post=141263"},{"taxonomy":"product_tag","embeddable":true,"href":"https:\/\/kingarms.ee\/lv\/wp-json\/wp\/v2\/product_tag?post=141263"}],"curies":[{"name":"wp","href":"https:\/\/api.w.org\/{rel}","templated":true}]}}