{"id":141272,"date":"2024-12-06T16:37:07","date_gmt":"2024-12-09T11:19:33","guid":{"rendered":"https:\/\/kingarms.ee\/product\/fantazijas-dekorativais-zobens-zs641b\/"},"modified":"2025-08-02T17:21:55","modified_gmt":"2025-08-02T14:21:55","slug":"fantasy-ornamental-sword-zs641b","status":"publish","type":"product","link":"https:\/\/kingarms.ee\/lv\/product\/fantasy-ornamental-sword-zs641b\/","title":{"rendered":"Fant\u0101zijas dekorat\u012bvais zobens (ZS641b)"},"content":{"rendered":"<p>Fant\u0101zijas dekorat\u012bvais zobens (ZS641b)<\/p>\n<p>Fant\u0101zijas dekorat\u012bvais zobens<br \/>\nIedvesmojoties no Longclaw zobena no Jona Snova<br \/>\nGame of Thrones s\u0113rija<br \/>\nMet\u0101la un plastmasas kalna<br \/>\nKoka atbalsts, ko var piestiprin\u0101t sienai<br \/>\nKop\u0113jais garums 1070 mm<br \/>\nAsmens garums 820 mm<br \/>\nSvars 1560g<\/p>\n<p>Nav asin\u0101ts un neass asmens, tikai dekorat\u012bviem nol\u016bkiem<br \/>\nL\u016bdzu, pirms pirk\u0161anas p\u0101rbaudiet savas valsts regulu<\/p>\n","protected":false},"excerpt":{"rendered":"<p>Fant\u0101zijas dekorat\u012bvais zobens (ZS641b) Fant\u0101zijas dekorat\u012bvais zobens Iedvesmojoties no Longclaw zobena no Jona Snova Game of Thrones s\u0113rija Met\u0101la un<\/p>\n","protected":false},"featured_media":139536,"template":"","meta":{"_acf_changed":false},"product_brand":[],"product_cat":[1105,1311],"product_tag":[],"class_list":{"0":"post-141272","1":"product","2":"type-product","3":"status-publish","4":"has-post-thumbnail","6":"product_cat-cits","7":"product_cat-zobeni","9":"first","10":"instock","11":"purchasable","12":"product-type-simple"},"acf":[],"_links":{"self":[{"href":"https:\/\/kingarms.ee\/lv\/wp-json\/wp\/v2\/product\/141272","targetHints":{"allow":["GET"]}}],"collection":[{"href":"https:\/\/kingarms.ee\/lv\/wp-json\/wp\/v2\/product"}],"about":[{"href":"https:\/\/kingarms.ee\/lv\/wp-json\/wp\/v2\/types\/product"}],"wp:featuredmedia":[{"embeddable":true,"href":"https:\/\/kingarms.ee\/lv\/wp-json\/wp\/v2\/media\/139536"}],"wp:attachment":[{"href":"https:\/\/kingarms.ee\/lv\/wp-json\/wp\/v2\/media?parent=141272"}],"wp:term":[{"taxonomy":"product_brand","embeddable":true,"href":"https:\/\/kingarms.ee\/lv\/wp-json\/wp\/v2\/product_brand?post=141272"},{"taxonomy":"product_cat","embeddable":true,"href":"https:\/\/kingarms.ee\/lv\/wp-json\/wp\/v2\/product_cat?post=141272"},{"taxonomy":"product_tag","embeddable":true,"href":"https:\/\/kingarms.ee\/lv\/wp-json\/wp\/v2\/product_tag?post=141272"}],"curies":[{"name":"wp","href":"https:\/\/api.w.org\/{rel}","templated":true}]}}