{"id":141288,"date":"2024-12-06T16:37:07","date_gmt":"2024-12-09T11:29:07","guid":{"rendered":"https:\/\/kingarms.ee\/product\/dekorativa-fantazijas-zobens-ar-sienas-stativu-zs639b\/"},"modified":"2025-08-02T17:22:42","modified_gmt":"2025-08-02T14:22:42","slug":"ornamental-fantasy-sword-with-wall-stand-zs639b","status":"publish","type":"product","link":"https:\/\/kingarms.ee\/lv\/product\/ornamental-fantasy-sword-with-wall-stand-zs639b\/","title":{"rendered":"Dekorat\u012bv\u0101 fant\u0101zijas zobens ar sienas stat\u012bvu (ZS639B)"},"content":{"rendered":"<p>Dekorat\u012bv\u0101 fant\u0101zijas zobens ar sienas stat\u012bvu (ZS639B)<\/p>\n<p>Dekorat\u012bv\u0101 fant\u0101zijas zobens<br \/>\nIedvesmojoties no \u0100rijas Adatas zobena<br \/>\nGame of Thrones s\u0113rija<br \/>\nMet\u0101la un plastmasas kalna<br \/>\nKoka atbalsts, ko var mont\u0113t ar vilku dekor\u0101ciju<br \/>\nScabbard ar plastmasas un met\u0101la apdari<br \/>\nKop\u0113jais garums 970mm<br \/>\nAsmens garums 715 mm<br \/>\nSvars 740g<\/p>\n<p>Nav asin\u0101ts un nav nor\u0101d\u012bts zobens, tikai dekorat\u012bvos nol\u016bkos<br \/>\nL\u016bdzu, pirms pirk\u0161anas p\u0101rbaudiet savas valsts regulu<\/p>\n","protected":false},"excerpt":{"rendered":"<p>Dekorat\u012bv\u0101 fant\u0101zijas zobens ar sienas stat\u012bvu (ZS639B) Dekorat\u012bv\u0101 fant\u0101zijas zobens Iedvesmojoties no \u0100rijas Adatas zobena Game of Thrones s\u0113rija Met\u0101la<\/p>\n","protected":false},"featured_media":139524,"template":"","meta":{"_acf_changed":false},"product_brand":[],"product_cat":[1105,1311],"product_tag":[],"class_list":{"0":"post-141288","1":"product","2":"type-product","3":"status-publish","4":"has-post-thumbnail","6":"product_cat-cits","7":"product_cat-zobeni","9":"first","10":"instock","11":"purchasable","12":"product-type-simple"},"acf":[],"_links":{"self":[{"href":"https:\/\/kingarms.ee\/lv\/wp-json\/wp\/v2\/product\/141288","targetHints":{"allow":["GET"]}}],"collection":[{"href":"https:\/\/kingarms.ee\/lv\/wp-json\/wp\/v2\/product"}],"about":[{"href":"https:\/\/kingarms.ee\/lv\/wp-json\/wp\/v2\/types\/product"}],"wp:featuredmedia":[{"embeddable":true,"href":"https:\/\/kingarms.ee\/lv\/wp-json\/wp\/v2\/media\/139524"}],"wp:attachment":[{"href":"https:\/\/kingarms.ee\/lv\/wp-json\/wp\/v2\/media?parent=141288"}],"wp:term":[{"taxonomy":"product_brand","embeddable":true,"href":"https:\/\/kingarms.ee\/lv\/wp-json\/wp\/v2\/product_brand?post=141288"},{"taxonomy":"product_cat","embeddable":true,"href":"https:\/\/kingarms.ee\/lv\/wp-json\/wp\/v2\/product_cat?post=141288"},{"taxonomy":"product_tag","embeddable":true,"href":"https:\/\/kingarms.ee\/lv\/wp-json\/wp\/v2\/product_tag?post=141288"}],"curies":[{"name":"wp","href":"https:\/\/api.w.org\/{rel}","templated":true}]}}