{"id":141292,"date":"2024-12-06T16:37:26","date_gmt":"2024-12-09T11:29:08","guid":{"rendered":"https:\/\/kingarms.ee\/product\/dekorativa-fantazijas-zobens-zs668-2\/"},"modified":"2025-08-02T17:01:30","modified_gmt":"2025-08-02T14:01:30","slug":"ornamental-fantasy-sword-zs668-2","status":"publish","type":"product","link":"https:\/\/kingarms.ee\/lv\/product\/ornamental-fantasy-sword-zs668-2\/","title":{"rendered":"Dekorat\u012bv\u0101 fant\u0101zijas zobens (ZS668-2)"},"content":{"rendered":"<p>Dekorat\u012bv\u0101 fant\u0101zijas zobens (ZS668-2)<\/p>\n<p>Dekorat\u012bv\u0101 fant\u0101zijas zobens<br \/>\nIedvesmojoties no D\u017eeralta no Rivia III paaudzes zobena<br \/>\nWitcher 3 s\u0113rija<br \/>\nNer\u016bs\u0113jo\u0161\u0101 t\u0113rauda asmens<br \/>\nMet\u0101la sargs un pommels<br \/>\nKoka sa\u0137ere<br \/>\nLeatherette Scabbard<br \/>\nKop\u0113jais garums 1180 mm (1240 mm ar \u0137abi)<br \/>\nL\u0101psti\u0146as garums 900 mm<br \/>\nSvars 1390G (1590G ar SCABBARD)<\/p>\n<p>Neass un nav asin\u0101ts asmens, tikai dekorat\u012bviem nol\u016bkiem<br \/>\nIt\u0101lij\u0101 un Sanmarino nav ierobe\u017eojumu p\u0101rdo\u0161anas apjomi 18 gadus veci un vair\u0101k, l\u016bdzu, pirms pirk\u0161anas p\u0101rbaudiet savu valsts regul\u0113jumu<\/p>\n","protected":false},"excerpt":{"rendered":"<p>Dekorat\u012bv\u0101 fant\u0101zijas zobens (ZS668-2) Dekorat\u012bv\u0101 fant\u0101zijas zobens Iedvesmojoties no D\u017eeralta no Rivia III paaudzes zobena Witcher 3 s\u0113rija Ner\u016bs\u0113jo\u0161\u0101 t\u0113rauda<\/p>\n","protected":false},"featured_media":139584,"template":"","meta":{"_acf_changed":false},"product_brand":[],"product_cat":[1105,1311],"product_tag":[],"class_list":{"0":"post-141292","1":"product","2":"type-product","3":"status-publish","4":"has-post-thumbnail","6":"product_cat-cits","7":"product_cat-zobeni","9":"first","10":"instock","11":"purchasable","12":"product-type-simple"},"acf":[],"_links":{"self":[{"href":"https:\/\/kingarms.ee\/lv\/wp-json\/wp\/v2\/product\/141292","targetHints":{"allow":["GET"]}}],"collection":[{"href":"https:\/\/kingarms.ee\/lv\/wp-json\/wp\/v2\/product"}],"about":[{"href":"https:\/\/kingarms.ee\/lv\/wp-json\/wp\/v2\/types\/product"}],"wp:featuredmedia":[{"embeddable":true,"href":"https:\/\/kingarms.ee\/lv\/wp-json\/wp\/v2\/media\/139584"}],"wp:attachment":[{"href":"https:\/\/kingarms.ee\/lv\/wp-json\/wp\/v2\/media?parent=141292"}],"wp:term":[{"taxonomy":"product_brand","embeddable":true,"href":"https:\/\/kingarms.ee\/lv\/wp-json\/wp\/v2\/product_brand?post=141292"},{"taxonomy":"product_cat","embeddable":true,"href":"https:\/\/kingarms.ee\/lv\/wp-json\/wp\/v2\/product_cat?post=141292"},{"taxonomy":"product_tag","embeddable":true,"href":"https:\/\/kingarms.ee\/lv\/wp-json\/wp\/v2\/product_tag?post=141292"}],"curies":[{"name":"wp","href":"https:\/\/api.w.org\/{rel}","templated":true}]}}