{"id":141306,"date":"2024-12-06T16:37:07","date_gmt":"2024-12-09T11:39:19","guid":{"rendered":"https:\/\/kingarms.ee\/product\/dekorativa-fantazijas-zobens-zs954\/"},"modified":"2025-08-02T17:24:22","modified_gmt":"2025-08-02T14:24:22","slug":"ornamental-fantasy-sword-zs954","status":"publish","type":"product","link":"https:\/\/kingarms.ee\/lv\/product\/ornamental-fantasy-sword-zs954\/","title":{"rendered":"Dekorat\u012bv\u0101 fant\u0101zijas zobens (ZS954)"},"content":{"rendered":"<p>Dekorat\u012bv\u0101 fant\u0101zijas zobens (ZS954)<\/p>\n<p>Dekorat\u012bv\u0101 fant\u0101zijas zobens<br \/>\nIedvesmots no tum\u0161\u0101s saites zobena<br \/>\nLe\u0123enda par Zelda Skyward zobenu s\u0113riju<br \/>\nT\u0113rauda asmens<br \/>\nMet\u0101la kalts<br \/>\nPlastmasas un met\u0101la sa\u0137ere<br \/>\nPlastmasas \u0137eblis ar met\u0101la deta\u013c\u0101m un p\u0101rkl\u0101ts ar \u0101das<br \/>\nAsmens garums 770mm<br \/>\nKop\u0113jais garums 1100 mm (1265 mm ar \u0137abi)<br \/>\nSvars 1360g (1850g ar Scabbard)<\/p>\n<p>Nav asin\u0101ts un neass asmens, tikai dekorat\u012bviem nol\u016bkiem<br \/>\nL\u016bdzu, pirms pirk\u0161anas, l\u016bdzu, savu valsts regul\u0113jumu<\/p>\n","protected":false},"excerpt":{"rendered":"<p>Dekorat\u012bv\u0101 fant\u0101zijas zobens (ZS954) Dekorat\u012bv\u0101 fant\u0101zijas zobens Iedvesmots no tum\u0161\u0101s saites zobena Le\u0123enda par Zelda Skyward zobenu s\u0113riju T\u0113rauda asmens<\/p>\n","protected":false},"featured_media":139722,"template":"","meta":{"_acf_changed":false},"product_brand":[],"product_cat":[1105,1311],"product_tag":[],"class_list":{"0":"post-141306","1":"product","2":"type-product","3":"status-publish","4":"has-post-thumbnail","6":"product_cat-cits","7":"product_cat-zobeni","9":"first","10":"instock","11":"purchasable","12":"product-type-simple"},"acf":[],"_links":{"self":[{"href":"https:\/\/kingarms.ee\/lv\/wp-json\/wp\/v2\/product\/141306","targetHints":{"allow":["GET"]}}],"collection":[{"href":"https:\/\/kingarms.ee\/lv\/wp-json\/wp\/v2\/product"}],"about":[{"href":"https:\/\/kingarms.ee\/lv\/wp-json\/wp\/v2\/types\/product"}],"wp:featuredmedia":[{"embeddable":true,"href":"https:\/\/kingarms.ee\/lv\/wp-json\/wp\/v2\/media\/139722"}],"wp:attachment":[{"href":"https:\/\/kingarms.ee\/lv\/wp-json\/wp\/v2\/media?parent=141306"}],"wp:term":[{"taxonomy":"product_brand","embeddable":true,"href":"https:\/\/kingarms.ee\/lv\/wp-json\/wp\/v2\/product_brand?post=141306"},{"taxonomy":"product_cat","embeddable":true,"href":"https:\/\/kingarms.ee\/lv\/wp-json\/wp\/v2\/product_cat?post=141306"},{"taxonomy":"product_tag","embeddable":true,"href":"https:\/\/kingarms.ee\/lv\/wp-json\/wp\/v2\/product_tag?post=141306"}],"curies":[{"name":"wp","href":"https:\/\/api.w.org\/{rel}","templated":true}]}}