{"id":141325,"date":"2024-12-06T16:37:26","date_gmt":"2024-12-09T11:43:14","guid":{"rendered":"https:\/\/kingarms.ee\/product\/dekorativa-fantazijas-zobens-zs9023\/"},"modified":"2025-08-02T17:03:51","modified_gmt":"2025-08-02T14:03:51","slug":"ornamental-fantasy-sword-zs9023","status":"publish","type":"product","link":"https:\/\/kingarms.ee\/lv\/product\/ornamental-fantasy-sword-zs9023\/","title":{"rendered":"Dekorat\u012bv\u0101 fant\u0101zijas zobens (ZS9023)"},"content":{"rendered":"<p>Dekorat\u012bv\u0101 fant\u0101zijas zobens (ZS9023)<\/p>\n<p>Dekorat\u012bv\u0101 fant\u0101zijas zobens<br \/>\nIedvesmojoties no Dante sacel\u0161an\u0101s zobena<br \/>\nSp\u0113\u013cu s\u0113rijas velns var raud\u0101t<br \/>\nT\u0113rauda asmens<br \/>\nMet\u0101la sargs<br \/>\nMet\u0101la rokturis<br \/>\nKoka sienas stat\u012bva ir iek\u013cauta<br \/>\nKop\u0113jais garums 1365 mm<br \/>\nAsmens garums 860mm<br \/>\nSvars 1980g<\/p>\n<p>Neass un nav asin\u0101ts asmens, tikai dekorat\u012bviem nol\u016bkiem<br \/>\nL\u016bdzu, pirms pirk\u0161anas p\u0101rbaudiet savas valsts regulu<\/p>\n","protected":false},"excerpt":{"rendered":"<p>Dekorat\u012bv\u0101 fant\u0101zijas zobens (ZS9023) Dekorat\u012bv\u0101 fant\u0101zijas zobens Iedvesmojoties no Dante sacel\u0161an\u0101s zobena Sp\u0113\u013cu s\u0113rijas velns var raud\u0101t T\u0113rauda asmens Met\u0101la<\/p>\n","protected":false},"featured_media":140010,"template":"","meta":{"_acf_changed":false},"product_brand":[],"product_cat":[1105,1311],"product_tag":[],"class_list":{"0":"post-141325","1":"product","2":"type-product","3":"status-publish","4":"has-post-thumbnail","6":"product_cat-cits","7":"product_cat-zobeni","9":"first","10":"instock","11":"purchasable","12":"product-type-simple"},"acf":[],"_links":{"self":[{"href":"https:\/\/kingarms.ee\/lv\/wp-json\/wp\/v2\/product\/141325","targetHints":{"allow":["GET"]}}],"collection":[{"href":"https:\/\/kingarms.ee\/lv\/wp-json\/wp\/v2\/product"}],"about":[{"href":"https:\/\/kingarms.ee\/lv\/wp-json\/wp\/v2\/types\/product"}],"wp:featuredmedia":[{"embeddable":true,"href":"https:\/\/kingarms.ee\/lv\/wp-json\/wp\/v2\/media\/140010"}],"wp:attachment":[{"href":"https:\/\/kingarms.ee\/lv\/wp-json\/wp\/v2\/media?parent=141325"}],"wp:term":[{"taxonomy":"product_brand","embeddable":true,"href":"https:\/\/kingarms.ee\/lv\/wp-json\/wp\/v2\/product_brand?post=141325"},{"taxonomy":"product_cat","embeddable":true,"href":"https:\/\/kingarms.ee\/lv\/wp-json\/wp\/v2\/product_cat?post=141325"},{"taxonomy":"product_tag","embeddable":true,"href":"https:\/\/kingarms.ee\/lv\/wp-json\/wp\/v2\/product_tag?post=141325"}],"curies":[{"name":"wp","href":"https:\/\/api.w.org\/{rel}","templated":true}]}}