{"id":141343,"date":"2024-12-06T16:37:26","date_gmt":"2024-12-09T11:44:31","guid":{"rendered":"https:\/\/kingarms.ee\/product\/dekorativa-fantazijas-zobens-by-148c\/"},"modified":"2025-08-02T17:06:16","modified_gmt":"2025-08-02T14:06:16","slug":"ornamental-fantasy-sword-by-148c","status":"publish","type":"product","link":"https:\/\/kingarms.ee\/lv\/product\/ornamental-fantasy-sword-by-148c\/","title":{"rendered":"Dekorat\u012bv\u0101 fant\u0101zijas zobens (BY-148C)"},"content":{"rendered":"<p>Dekorat\u012bv\u0101 fant\u0101zijas zobens (BY-148C)<\/p>\n<p>Dekorat\u012bv\u0101 fant\u0101zijas zobens<br \/>\nIedvesmojoties no Elvenkinga Thranduil zobena<br \/>\nGredzenu pav\u0113lnieks s\u0113rija<br \/>\nT\u0113rauda asmens<br \/>\nMet\u0101la sargs un rokturis<br \/>\nKoka galda stends ir iek\u013cauts<br \/>\nKop\u0113jais garums 950 mm<br \/>\nAsmens garums 690mm<br \/>\nZobena svars 1110g<\/p>\n<p>Neass un nav asin\u0101ts asmens, tikai dekorat\u012bviem nol\u016bkiem<br \/>\nL\u016bdzu, pirms pirk\u0161anas p\u0101rbaudiet savas valsts regulu<\/p>\n","protected":false},"excerpt":{"rendered":"<p>Dekorat\u012bv\u0101 fant\u0101zijas zobens (BY-148C) Dekorat\u012bv\u0101 fant\u0101zijas zobens Iedvesmojoties no Elvenkinga Thranduil zobena Gredzenu pav\u0113lnieks s\u0113rija T\u0113rauda asmens Met\u0101la sargs un<\/p>\n","protected":false},"featured_media":138942,"template":"","meta":{"_acf_changed":false},"product_brand":[],"product_cat":[1105,1311],"product_tag":[],"class_list":{"0":"post-141343","1":"product","2":"type-product","3":"status-publish","4":"has-post-thumbnail","6":"product_cat-cits","7":"product_cat-zobeni","9":"first","10":"instock","11":"purchasable","12":"product-type-simple"},"acf":[],"_links":{"self":[{"href":"https:\/\/kingarms.ee\/lv\/wp-json\/wp\/v2\/product\/141343","targetHints":{"allow":["GET"]}}],"collection":[{"href":"https:\/\/kingarms.ee\/lv\/wp-json\/wp\/v2\/product"}],"about":[{"href":"https:\/\/kingarms.ee\/lv\/wp-json\/wp\/v2\/types\/product"}],"wp:featuredmedia":[{"embeddable":true,"href":"https:\/\/kingarms.ee\/lv\/wp-json\/wp\/v2\/media\/138942"}],"wp:attachment":[{"href":"https:\/\/kingarms.ee\/lv\/wp-json\/wp\/v2\/media?parent=141343"}],"wp:term":[{"taxonomy":"product_brand","embeddable":true,"href":"https:\/\/kingarms.ee\/lv\/wp-json\/wp\/v2\/product_brand?post=141343"},{"taxonomy":"product_cat","embeddable":true,"href":"https:\/\/kingarms.ee\/lv\/wp-json\/wp\/v2\/product_cat?post=141343"},{"taxonomy":"product_tag","embeddable":true,"href":"https:\/\/kingarms.ee\/lv\/wp-json\/wp\/v2\/product_tag?post=141343"}],"curies":[{"name":"wp","href":"https:\/\/api.w.org\/{rel}","templated":true}]}}