{"id":141372,"date":"2024-12-06T16:37:26","date_gmt":"2024-12-09T11:49:36","guid":{"rendered":"https:\/\/kingarms.ee\/product\/dekorativs-viduslaiku-duncis-by-017c\/"},"modified":"2025-08-02T17:10:17","modified_gmt":"2025-08-02T14:10:17","slug":"dekorativu-medibu-laika-dager","status":"publish","type":"product","link":"https:\/\/kingarms.ee\/lv\/product\/dekorativu-medibu-laika-dager\/","title":{"rendered":"Dekorat\u012bvs viduslaiku duncis (BY-017C)"},"content":{"rendered":"<p>Dekorat\u012bvs viduslaiku duncis (BY-017C)<\/p>\n<p>Dekorat\u012bvs viduslaiku duncis<br \/>\nKopum\u0101 Glenght 430mm<br \/>\nIek\u013cauts koka d\u0113lis<\/p>\n<p>Nav asin\u0101ts un neass asmens, tikai dekorat\u012bviem nol\u016bkiem<br \/>\nL\u016bdzu, pirms pirk\u0161anas, l\u016bdzu, savu valsts regul\u0113jumu<\/p>\n","protected":false},"excerpt":{"rendered":"<p>Dekorat\u012bvs viduslaiku duncis (BY-017C) Dekorat\u012bvs viduslaiku duncis Kopum\u0101 Glenght 430mm Iek\u013cauts koka d\u0113lis Nav asin\u0101ts un neass asmens, tikai dekorat\u012bviem<\/p>\n","protected":false},"featured_media":138846,"template":"","meta":{"_acf_changed":false},"product_brand":[],"product_cat":[1105,1311],"product_tag":[],"class_list":{"0":"post-141372","1":"product","2":"type-product","3":"status-publish","4":"has-post-thumbnail","6":"product_cat-cits","7":"product_cat-zobeni","9":"first","10":"instock","11":"purchasable","12":"product-type-simple"},"acf":[],"_links":{"self":[{"href":"https:\/\/kingarms.ee\/lv\/wp-json\/wp\/v2\/product\/141372","targetHints":{"allow":["GET"]}}],"collection":[{"href":"https:\/\/kingarms.ee\/lv\/wp-json\/wp\/v2\/product"}],"about":[{"href":"https:\/\/kingarms.ee\/lv\/wp-json\/wp\/v2\/types\/product"}],"wp:featuredmedia":[{"embeddable":true,"href":"https:\/\/kingarms.ee\/lv\/wp-json\/wp\/v2\/media\/138846"}],"wp:attachment":[{"href":"https:\/\/kingarms.ee\/lv\/wp-json\/wp\/v2\/media?parent=141372"}],"wp:term":[{"taxonomy":"product_brand","embeddable":true,"href":"https:\/\/kingarms.ee\/lv\/wp-json\/wp\/v2\/product_brand?post=141372"},{"taxonomy":"product_cat","embeddable":true,"href":"https:\/\/kingarms.ee\/lv\/wp-json\/wp\/v2\/product_cat?post=141372"},{"taxonomy":"product_tag","embeddable":true,"href":"https:\/\/kingarms.ee\/lv\/wp-json\/wp\/v2\/product_tag?post=141372"}],"curies":[{"name":"wp","href":"https:\/\/api.w.org\/{rel}","templated":true}]}}