{"id":141373,"date":"2024-12-06T16:37:26","date_gmt":"2024-12-09T11:49:36","guid":{"rendered":"https:\/\/kingarms.ee\/product\/dekannas-fantazijas-duncis-by-018c\/"},"modified":"2025-08-02T17:11:07","modified_gmt":"2025-08-02T14:11:07","slug":"dekorativas-fantazijas-dageras-018c","status":"publish","type":"product","link":"https:\/\/kingarms.ee\/lv\/product\/dekorativas-fantazijas-dageras-018c\/","title":{"rendered":"Dekannas fant\u0101zijas duncis (by-018c)"},"content":{"rendered":"<p>Dekannas fant\u0101zijas duncis (by-018c)<\/p>\n<p>Dekorat\u012bv\u0101 fant\u0101zijas duncis<br \/>\nKopum\u0101 Glenght 440mm<br \/>\nKoka sienas stat\u012bva ir iek\u013cauta<\/p>\n<p>Nav asin\u0101ts un neass asmens, tikai dekorat\u012bviem nol\u016bkiem<br \/>\nL\u016bdzu, pirms pirk\u0161anas, l\u016bdzu, savu valsts regul\u0113jumu<\/p>\n","protected":false},"excerpt":{"rendered":"<p>Dekannas fant\u0101zijas duncis (by-018c) Dekorat\u012bv\u0101 fant\u0101zijas duncis Kopum\u0101 Glenght 440mm Koka sienas stat\u012bva ir iek\u013cauta Nav asin\u0101ts un neass asmens,<\/p>\n","protected":false},"featured_media":138852,"template":"","meta":{"_acf_changed":false},"product_brand":[],"product_cat":[1105,1311],"product_tag":[],"class_list":{"0":"post-141373","1":"product","2":"type-product","3":"status-publish","4":"has-post-thumbnail","6":"product_cat-cits","7":"product_cat-zobeni","9":"first","10":"instock","11":"purchasable","12":"product-type-simple"},"acf":[],"_links":{"self":[{"href":"https:\/\/kingarms.ee\/lv\/wp-json\/wp\/v2\/product\/141373","targetHints":{"allow":["GET"]}}],"collection":[{"href":"https:\/\/kingarms.ee\/lv\/wp-json\/wp\/v2\/product"}],"about":[{"href":"https:\/\/kingarms.ee\/lv\/wp-json\/wp\/v2\/types\/product"}],"wp:featuredmedia":[{"embeddable":true,"href":"https:\/\/kingarms.ee\/lv\/wp-json\/wp\/v2\/media\/138852"}],"wp:attachment":[{"href":"https:\/\/kingarms.ee\/lv\/wp-json\/wp\/v2\/media?parent=141373"}],"wp:term":[{"taxonomy":"product_brand","embeddable":true,"href":"https:\/\/kingarms.ee\/lv\/wp-json\/wp\/v2\/product_brand?post=141373"},{"taxonomy":"product_cat","embeddable":true,"href":"https:\/\/kingarms.ee\/lv\/wp-json\/wp\/v2\/product_cat?post=141373"},{"taxonomy":"product_tag","embeddable":true,"href":"https:\/\/kingarms.ee\/lv\/wp-json\/wp\/v2\/product_tag?post=141373"}],"curies":[{"name":"wp","href":"https:\/\/api.w.org\/{rel}","templated":true}]}}