{"id":141376,"date":"2024-12-06T16:37:26","date_gmt":"2024-12-09T11:49:37","guid":{"rendered":"https:\/\/kingarms.ee\/product\/dekorativais-zobens-by-094a\/"},"modified":"2025-08-02T17:11:49","modified_gmt":"2025-08-02T14:11:49","slug":"ornamental-sword-by-094a","status":"publish","type":"product","link":"https:\/\/kingarms.ee\/lv\/product\/ornamental-sword-by-094a\/","title":{"rendered":"Dekorat\u012bvais zobens (by-094a)"},"content":{"rendered":"<p>Dekorat\u012bvais zobens (by-094a)<\/p>\n<p>Dekorat\u012bvais zobens<br \/>\nIedvesmojoties no 1852. gada mode\u013ca J\u016bras sp\u0113ku virsnieka cerimoni\u0101l\u0101 zobena<br \/>\nT\u0113rauda asmens<br \/>\n\u0100das p\u0101rkl\u0101ta koka \u0161\u0137embas ar met\u0101la deta\u013c\u0101m<br \/>\n\u0100das p\u0101rkl\u0101ta koka kalna ar met\u0101la aizsargu un pommeli<br \/>\nKop\u0113jais garums 890 mm (965 mm ar \u0161\u0137embu)<br \/>\nAsmens garums 735 mm<br \/>\nSvars 600g (1055 g ar \u0137abi)<br \/>\nIek\u013cauts auduma v\u0101ks<\/p>\n<p>Neass un nav asin\u0101ts asmens, tikai dekorat\u012bviem nol\u016bkiem<br \/>\nL\u016bdzu, pirms pirk\u0161anas p\u0101rbaudiet savas valsts regul\u0113jumu<\/p>\n","protected":false},"excerpt":{"rendered":"<p>Dekorat\u012bvais zobens (by-094a) Dekorat\u012bvais zobens Iedvesmojoties no 1852. gada mode\u013ca J\u016bras sp\u0113ku virsnieka cerimoni\u0101l\u0101 zobena T\u0113rauda asmens \u0100das p\u0101rkl\u0101ta koka<\/p>\n","protected":false},"featured_media":138906,"template":"","meta":{"_acf_changed":false},"product_brand":[],"product_cat":[1105,1311],"product_tag":[],"class_list":{"0":"post-141376","1":"product","2":"type-product","3":"status-publish","4":"has-post-thumbnail","6":"product_cat-cits","7":"product_cat-zobeni","9":"first","10":"instock","11":"purchasable","12":"product-type-simple"},"acf":[],"_links":{"self":[{"href":"https:\/\/kingarms.ee\/lv\/wp-json\/wp\/v2\/product\/141376","targetHints":{"allow":["GET"]}}],"collection":[{"href":"https:\/\/kingarms.ee\/lv\/wp-json\/wp\/v2\/product"}],"about":[{"href":"https:\/\/kingarms.ee\/lv\/wp-json\/wp\/v2\/types\/product"}],"wp:featuredmedia":[{"embeddable":true,"href":"https:\/\/kingarms.ee\/lv\/wp-json\/wp\/v2\/media\/138906"}],"wp:attachment":[{"href":"https:\/\/kingarms.ee\/lv\/wp-json\/wp\/v2\/media?parent=141376"}],"wp:term":[{"taxonomy":"product_brand","embeddable":true,"href":"https:\/\/kingarms.ee\/lv\/wp-json\/wp\/v2\/product_brand?post=141376"},{"taxonomy":"product_cat","embeddable":true,"href":"https:\/\/kingarms.ee\/lv\/wp-json\/wp\/v2\/product_cat?post=141376"},{"taxonomy":"product_tag","embeddable":true,"href":"https:\/\/kingarms.ee\/lv\/wp-json\/wp\/v2\/product_tag?post=141376"}],"curies":[{"name":"wp","href":"https:\/\/api.w.org\/{rel}","templated":true}]}}