{"id":141402,"date":"2024-12-06T16:36:47","date_gmt":"2024-12-09T12:26:09","guid":{"rendered":"https:\/\/kingarms.ee\/product\/dekorativa-fantazijas-zobens-zs554\/"},"modified":"2025-08-02T17:33:40","modified_gmt":"2025-08-02T14:33:40","slug":"ornamental-fantasy-sword-zs554","status":"publish","type":"product","link":"https:\/\/kingarms.ee\/lv\/product\/ornamental-fantasy-sword-zs554\/","title":{"rendered":"Dekorat\u012bv\u0101 fant\u0101zijas zobens (ZS554)"},"content":{"rendered":"<p>Dekorat\u012bv\u0101 fant\u0101zijas zobens (ZS554)<\/p>\n<p>Dekorat\u012bv\u0101 fant\u0101zijas zobens<br \/>\nIedvesmojoties no Kirito etuidatora zobena<br \/>\nZobenu m\u0101kslas tie\u0161saistes s\u0113rija<br \/>\nT\u0113rauda asmens melns<br \/>\nWodden Scabbard melns<br \/>\nRokturiet melnu \u0101das<br \/>\nAsmens garums 710mm<br \/>\nKop\u0113jais garums 980 mm (1055 mm ar \u0137abi)<br \/>\nSvars 1330g (1690g ar Scabbard)<\/p>\n<p>Nav nor\u0101d\u012bts un nav asin\u0101ts zobens, tikai dekorat\u012bvos nol\u016bkos<br \/>\nL\u016bdzu, pirms pirk\u0161anas p\u0101rbaudiet savas valsts regulu<\/p>\n","protected":false},"excerpt":{"rendered":"<p>Dekorat\u012bv\u0101 fant\u0101zijas zobens (ZS554) Dekorat\u012bv\u0101 fant\u0101zijas zobens Iedvesmojoties no Kirito etuidatora zobena Zobenu m\u0101kslas tie\u0161saistes s\u0113rija T\u0113rauda asmens melns Wodden<\/p>\n","protected":false},"featured_media":139416,"template":"","meta":{"_acf_changed":false},"product_brand":[],"product_cat":[1105,1311],"product_tag":[],"class_list":{"0":"post-141402","1":"product","2":"type-product","3":"status-publish","4":"has-post-thumbnail","6":"product_cat-cits","7":"product_cat-zobeni","9":"first","10":"instock","11":"purchasable","12":"product-type-simple"},"acf":[],"_links":{"self":[{"href":"https:\/\/kingarms.ee\/lv\/wp-json\/wp\/v2\/product\/141402","targetHints":{"allow":["GET"]}}],"collection":[{"href":"https:\/\/kingarms.ee\/lv\/wp-json\/wp\/v2\/product"}],"about":[{"href":"https:\/\/kingarms.ee\/lv\/wp-json\/wp\/v2\/types\/product"}],"wp:featuredmedia":[{"embeddable":true,"href":"https:\/\/kingarms.ee\/lv\/wp-json\/wp\/v2\/media\/139416"}],"wp:attachment":[{"href":"https:\/\/kingarms.ee\/lv\/wp-json\/wp\/v2\/media?parent=141402"}],"wp:term":[{"taxonomy":"product_brand","embeddable":true,"href":"https:\/\/kingarms.ee\/lv\/wp-json\/wp\/v2\/product_brand?post=141402"},{"taxonomy":"product_cat","embeddable":true,"href":"https:\/\/kingarms.ee\/lv\/wp-json\/wp\/v2\/product_cat?post=141402"},{"taxonomy":"product_tag","embeddable":true,"href":"https:\/\/kingarms.ee\/lv\/wp-json\/wp\/v2\/product_tag?post=141402"}],"curies":[{"name":"wp","href":"https:\/\/api.w.org\/{rel}","templated":true}]}}