{"id":141415,"date":"2024-12-06T16:36:47","date_gmt":"2024-12-09T12:26:12","guid":{"rendered":"https:\/\/kingarms.ee\/product\/dekorativa-fantazijas-duncis-zs4241\/"},"modified":"2025-08-02T17:36:46","modified_gmt":"2025-08-02T14:36:46","slug":"ornamental-fantasy-dagger-zs4241","status":"publish","type":"product","link":"https:\/\/kingarms.ee\/lv\/product\/ornamental-fantasy-dagger-zs4241\/","title":{"rendered":"Dekorat\u012bv\u0101 fant\u0101zijas duncis (ZS4241)"},"content":{"rendered":"<p>Dekorat\u012bv\u0101 fant\u0101zijas duncis (ZS4241)<\/p>\n<p>Dekorat\u012bv\u0101 fant\u0101zijas duncis<br \/>\nIedvesmojoties no Orkrista zobena (Thorina zobens)<br \/>\nS\u0113rija Hobits<br \/>\nT\u0113rauda asmens<br \/>\nPolim\u0113ru un met\u0101la hilts un ka\u0161\u0137a<br \/>\nAsmens garums 170 mm<br \/>\nKop\u0113jais garums 270 mm (290 mm ar \u0137abi)<br \/>\nSvars 110G (190G ar SCABBARD)<\/p>\n<p>Nav asin\u0101ts un neass asmens, tikai dekorat\u012bviem nol\u016bkiem<br \/>\nL\u016bdzu, pirms pirk\u0161anas, l\u016bdzu, savu valsts regul\u0113jumu<\/p>\n","protected":false},"excerpt":{"rendered":"<p>Dekorat\u012bv\u0101 fant\u0101zijas duncis (ZS4241) Dekorat\u012bv\u0101 fant\u0101zijas duncis Iedvesmojoties no Orkrista zobena (Thorina zobens) S\u0113rija Hobits T\u0113rauda asmens Polim\u0113ru un met\u0101la<\/p>\n","protected":false},"featured_media":139818,"template":"","meta":{"_acf_changed":false},"product_brand":[],"product_cat":[1105,1311],"product_tag":[],"class_list":{"0":"post-141415","1":"product","2":"type-product","3":"status-publish","4":"has-post-thumbnail","6":"product_cat-cits","7":"product_cat-zobeni","9":"first","10":"instock","11":"purchasable","12":"product-type-simple"},"acf":[],"_links":{"self":[{"href":"https:\/\/kingarms.ee\/lv\/wp-json\/wp\/v2\/product\/141415","targetHints":{"allow":["GET"]}}],"collection":[{"href":"https:\/\/kingarms.ee\/lv\/wp-json\/wp\/v2\/product"}],"about":[{"href":"https:\/\/kingarms.ee\/lv\/wp-json\/wp\/v2\/types\/product"}],"wp:featuredmedia":[{"embeddable":true,"href":"https:\/\/kingarms.ee\/lv\/wp-json\/wp\/v2\/media\/139818"}],"wp:attachment":[{"href":"https:\/\/kingarms.ee\/lv\/wp-json\/wp\/v2\/media?parent=141415"}],"wp:term":[{"taxonomy":"product_brand","embeddable":true,"href":"https:\/\/kingarms.ee\/lv\/wp-json\/wp\/v2\/product_brand?post=141415"},{"taxonomy":"product_cat","embeddable":true,"href":"https:\/\/kingarms.ee\/lv\/wp-json\/wp\/v2\/product_cat?post=141415"},{"taxonomy":"product_tag","embeddable":true,"href":"https:\/\/kingarms.ee\/lv\/wp-json\/wp\/v2\/product_tag?post=141415"}],"curies":[{"name":"wp","href":"https:\/\/api.w.org\/{rel}","templated":true}]}}