{"id":141439,"date":"2024-12-06T16:36:47","date_gmt":"2024-12-09T12:42:10","guid":{"rendered":"https:\/\/kingarms.ee\/product\/dekannas-fantazijas-duncis-zs4242\/"},"modified":"2025-08-02T17:38:28","modified_gmt":"2025-08-02T14:38:28","slug":"ornamental-fantasy-dagger-zs4242","status":"publish","type":"product","link":"https:\/\/kingarms.ee\/lv\/product\/ornamental-fantasy-dagger-zs4242\/","title":{"rendered":"Dekannas fant\u0101zijas duncis (ZS4242)"},"content":{"rendered":"<p>Dekannas fant\u0101zijas duncis (ZS4242)<\/p>\n<p>Dekorat\u012bv\u0101 fant\u0101zijas duncis<br \/>\nIedvesmojoties no Legolas dun\u010da<br \/>\nGredzenu pav\u0113lnieks s\u0113rija<br \/>\nT\u0113rauda asmens<br \/>\nPolim\u0113ru un met\u0101la hilts un ka\u0161\u0137a<br \/>\nAsmens garums 170 mm<br \/>\nKop\u0113jais garums 265 mm (280 mm ar \u0137abi)<br \/>\nSvars 70g (115 g ar \u0137abi)<\/p>\n<p>Nav asin\u0101ts un neass asmens, tikai dekorat\u012bviem nol\u016bkiem<br \/>\nL\u016bdzu, pirms pirk\u0161anas, l\u016bdzu, savu valsts regul\u0113jumu<\/p>\n","protected":false},"excerpt":{"rendered":"<p>Dekannas fant\u0101zijas duncis (ZS4242) Dekorat\u012bv\u0101 fant\u0101zijas duncis Iedvesmojoties no Legolas dun\u010da Gredzenu pav\u0113lnieks s\u0113rija T\u0113rauda asmens Polim\u0113ru un met\u0101la hilts<\/p>\n","protected":false},"featured_media":139824,"template":"","meta":{"_acf_changed":false},"product_brand":[],"product_cat":[1105,1311],"product_tag":[],"class_list":{"0":"post-141439","1":"product","2":"type-product","3":"status-publish","4":"has-post-thumbnail","6":"product_cat-cits","7":"product_cat-zobeni","9":"first","10":"instock","11":"purchasable","12":"product-type-simple"},"acf":[],"_links":{"self":[{"href":"https:\/\/kingarms.ee\/lv\/wp-json\/wp\/v2\/product\/141439","targetHints":{"allow":["GET"]}}],"collection":[{"href":"https:\/\/kingarms.ee\/lv\/wp-json\/wp\/v2\/product"}],"about":[{"href":"https:\/\/kingarms.ee\/lv\/wp-json\/wp\/v2\/types\/product"}],"wp:featuredmedia":[{"embeddable":true,"href":"https:\/\/kingarms.ee\/lv\/wp-json\/wp\/v2\/media\/139824"}],"wp:attachment":[{"href":"https:\/\/kingarms.ee\/lv\/wp-json\/wp\/v2\/media?parent=141439"}],"wp:term":[{"taxonomy":"product_brand","embeddable":true,"href":"https:\/\/kingarms.ee\/lv\/wp-json\/wp\/v2\/product_brand?post=141439"},{"taxonomy":"product_cat","embeddable":true,"href":"https:\/\/kingarms.ee\/lv\/wp-json\/wp\/v2\/product_cat?post=141439"},{"taxonomy":"product_tag","embeddable":true,"href":"https:\/\/kingarms.ee\/lv\/wp-json\/wp\/v2\/product_tag?post=141439"}],"curies":[{"name":"wp","href":"https:\/\/api.w.org\/{rel}","templated":true}]}}