{"id":141451,"date":"2024-12-06T16:36:47","date_gmt":"2024-12-09T12:45:43","guid":{"rendered":"https:\/\/kingarms.ee\/product\/dekorativa-fantazijas-zobens-zs4905\/"},"modified":"2025-08-02T17:40:45","modified_gmt":"2025-08-02T14:40:45","slug":"dekorativa-fantazija-varda-zs4905","status":"publish","type":"product","link":"https:\/\/kingarms.ee\/lv\/product\/dekorativa-fantazija-varda-zs4905\/","title":{"rendered":"Dekorat\u012bv\u0101 fant\u0101zijas zobens (ZS4905)"},"content":{"rendered":"<p>Dekorat\u012bv\u0101 fant\u0101zijas zobens (ZS4905)<\/p>\n<p>Dekorat\u012bv\u0101 fant\u0101zijas zobens<br \/>\nIedvesmojoties no Eddarda St\u0101rka zobena<br \/>\nGame of Thrones s\u0113rija<br \/>\nT\u0113rauda asmens<br \/>\nMet\u0101la kalts<br \/>\nPlastmasas un met\u0101la sa\u0137ere<br \/>\nKoka sienas stat\u012bva ir iek\u013cauta<br \/>\nAsmens garums 830 mm<br \/>\nKop\u0113jais garums 1145 mm<br \/>\nSvars 1750g<\/p>\n<p>Nav asin\u0101ts un neass asmens, tikai dekorat\u012bviem nol\u016bkiem<br \/>\nL\u016bdzu, pirms pirk\u0161anas, l\u016bdzu, savu valsts regul\u0113jumu<\/p>\n","protected":false},"excerpt":{"rendered":"<p>Dekorat\u012bv\u0101 fant\u0101zijas zobens (ZS4905) Dekorat\u012bv\u0101 fant\u0101zijas zobens Iedvesmojoties no Eddarda St\u0101rka zobena Game of Thrones s\u0113rija T\u0113rauda asmens Met\u0101la kalts<\/p>\n","protected":false},"featured_media":139830,"template":"","meta":{"_acf_changed":false},"product_brand":[],"product_cat":[1105,1311],"product_tag":[],"class_list":{"0":"post-141451","1":"product","2":"type-product","3":"status-publish","4":"has-post-thumbnail","6":"product_cat-cits","7":"product_cat-zobeni","9":"first","10":"instock","11":"purchasable","12":"product-type-simple"},"acf":[],"_links":{"self":[{"href":"https:\/\/kingarms.ee\/lv\/wp-json\/wp\/v2\/product\/141451","targetHints":{"allow":["GET"]}}],"collection":[{"href":"https:\/\/kingarms.ee\/lv\/wp-json\/wp\/v2\/product"}],"about":[{"href":"https:\/\/kingarms.ee\/lv\/wp-json\/wp\/v2\/types\/product"}],"wp:featuredmedia":[{"embeddable":true,"href":"https:\/\/kingarms.ee\/lv\/wp-json\/wp\/v2\/media\/139830"}],"wp:attachment":[{"href":"https:\/\/kingarms.ee\/lv\/wp-json\/wp\/v2\/media?parent=141451"}],"wp:term":[{"taxonomy":"product_brand","embeddable":true,"href":"https:\/\/kingarms.ee\/lv\/wp-json\/wp\/v2\/product_brand?post=141451"},{"taxonomy":"product_cat","embeddable":true,"href":"https:\/\/kingarms.ee\/lv\/wp-json\/wp\/v2\/product_cat?post=141451"},{"taxonomy":"product_tag","embeddable":true,"href":"https:\/\/kingarms.ee\/lv\/wp-json\/wp\/v2\/product_tag?post=141451"}],"curies":[{"name":"wp","href":"https:\/\/api.w.org\/{rel}","templated":true}]}}