{"id":141452,"date":"2024-12-06T16:36:47","date_gmt":"2024-12-09T12:45:43","guid":{"rendered":"https:\/\/kingarms.ee\/product\/dekorativa-fantazijas-zobens-zs933\/"},"modified":"2025-08-02T17:41:31","modified_gmt":"2025-08-02T14:41:31","slug":"dekorativa-fantazija-varda-zs933","status":"publish","type":"product","link":"https:\/\/kingarms.ee\/lv\/product\/dekorativa-fantazija-varda-zs933\/","title":{"rendered":"Dekorat\u012bv\u0101 fant\u0101zijas zobens (ZS933)"},"content":{"rendered":"<p>Dekorat\u012bv\u0101 fant\u0101zijas zobens (ZS933)<\/p>\n<p>Dekorat\u012bv\u0101 fant\u0101zijas zobens<br \/>\nIspired ar Nazgul zobenu<br \/>\nGredzenu pav\u0113lnieks s\u0113rija<br \/>\nT\u0113rauda asmens<br \/>\nMet\u0101la kalts<br \/>\nPlastmasas un met\u0101la rokturis un kraupis<br \/>\nAsmens garums 705 mm<br \/>\nKop\u0113jais garums 965 mm (1040 mm ar kibu)<br \/>\nSvars 850 g (1260 g ar \u0137abi)<\/p>\n<p>Nav asin\u0101ts un neass asmens, tikai dekorat\u012bviem nol\u016bkiem<br \/>\nL\u016bdzu, pirms pirk\u0161anas, l\u016bdzu, savu valsts regul\u0113jumu<\/p>\n","protected":false},"excerpt":{"rendered":"<p>Dekorat\u012bv\u0101 fant\u0101zijas zobens (ZS933) Dekorat\u012bv\u0101 fant\u0101zijas zobens Ispired ar Nazgul zobenu Gredzenu pav\u0113lnieks s\u0113rija T\u0113rauda asmens Met\u0101la kalts Plastmasas un<\/p>\n","protected":false},"featured_media":139710,"template":"","meta":{"_acf_changed":false},"product_brand":[],"product_cat":[1105,1311],"product_tag":[],"class_list":{"0":"post-141452","1":"product","2":"type-product","3":"status-publish","4":"has-post-thumbnail","6":"product_cat-cits","7":"product_cat-zobeni","9":"first","10":"instock","11":"purchasable","12":"product-type-simple"},"acf":[],"_links":{"self":[{"href":"https:\/\/kingarms.ee\/lv\/wp-json\/wp\/v2\/product\/141452","targetHints":{"allow":["GET"]}}],"collection":[{"href":"https:\/\/kingarms.ee\/lv\/wp-json\/wp\/v2\/product"}],"about":[{"href":"https:\/\/kingarms.ee\/lv\/wp-json\/wp\/v2\/types\/product"}],"wp:featuredmedia":[{"embeddable":true,"href":"https:\/\/kingarms.ee\/lv\/wp-json\/wp\/v2\/media\/139710"}],"wp:attachment":[{"href":"https:\/\/kingarms.ee\/lv\/wp-json\/wp\/v2\/media?parent=141452"}],"wp:term":[{"taxonomy":"product_brand","embeddable":true,"href":"https:\/\/kingarms.ee\/lv\/wp-json\/wp\/v2\/product_brand?post=141452"},{"taxonomy":"product_cat","embeddable":true,"href":"https:\/\/kingarms.ee\/lv\/wp-json\/wp\/v2\/product_cat?post=141452"},{"taxonomy":"product_tag","embeddable":true,"href":"https:\/\/kingarms.ee\/lv\/wp-json\/wp\/v2\/product_tag?post=141452"}],"curies":[{"name":"wp","href":"https:\/\/api.w.org\/{rel}","templated":true}]}}