{"id":142991,"date":"2022-02-27T19:21:44","date_gmt":"2025-01-06T14:20:52","guid":{"rendered":"https:\/\/kingarms.ee\/product\/ris-reili-keita\/"},"modified":"2025-01-06T17:20:52","modified_gmt":"2025-01-06T14:20:52","slug":"ris-i-reili-kate-2","status":"publish","type":"product","link":"https:\/\/kingarms.ee\/lv\/product\/ris-i-reili-kate-2\/","title":{"rendered":"Ris Reili Keita"},"content":{"rendered":"<p><img loading=\"lazy\" decoding=\"async\" class=\"alignnone size-medium wp-image-37880\" src=\"https:\/\/kingarms.ee\/wp-content\/uploads\/2022\/02\/1152225300_1-300x200.jpeg\" alt=\"\" width=\"300\" height=\"200\" srcset=\"https:\/\/kingarms.ee\/wp-content\/uploads\/2022\/02\/1152225300_1-300x200.jpeg 300w, https:\/\/kingarms.ee\/wp-content\/uploads\/2022\/02\/1152225300_1-768x512.jpeg 768w, https:\/\/kingarms.ee\/wp-content\/uploads\/2022\/02\/1152225300_1-500x333.jpeg 500w, https:\/\/kingarms.ee\/wp-content\/uploads\/2022\/02\/1152225300_1-150x100.jpeg 150w, https:\/\/kingarms.ee\/wp-content\/uploads\/2022\/02\/1152225300_1.jpeg 800w\" sizes=\"auto, (max-width: 300px) 100vw, 300px\" \/><\/p>\n","protected":false},"excerpt":{"rendered":"<p>P\u0101rvalki ir izgatavoti no gumijas. P\u0113c apstiprin\u0101\u0161anas kopija ir stabila lietot\u0101jam un nesl\u012bd. Pieg\u0101d\u0101ti ar \u010detriem 175 mm gariem autobusiem (ja nepiecie\u0161ams, tos var sagriezt maz\u0101ku)  <\/p>\n","protected":false},"featured_media":115473,"template":"","meta":{"_acf_changed":false},"product_brand":[],"product_cat":[1130,1089],"product_tag":[],"class_list":{"0":"post-142991","1":"product","2":"type-product","3":"status-publish","4":"has-post-thumbnail","6":"product_cat-cits-lv","7":"product_cat-rokturi-gredzeni-jostas","9":"first","10":"instock","11":"taxable","12":"shipping-taxable","13":"purchasable","14":"product-type-simple"},"acf":[],"_links":{"self":[{"href":"https:\/\/kingarms.ee\/lv\/wp-json\/wp\/v2\/product\/142991","targetHints":{"allow":["GET"]}}],"collection":[{"href":"https:\/\/kingarms.ee\/lv\/wp-json\/wp\/v2\/product"}],"about":[{"href":"https:\/\/kingarms.ee\/lv\/wp-json\/wp\/v2\/types\/product"}],"wp:featuredmedia":[{"embeddable":true,"href":"https:\/\/kingarms.ee\/lv\/wp-json\/wp\/v2\/media\/115473"}],"wp:attachment":[{"href":"https:\/\/kingarms.ee\/lv\/wp-json\/wp\/v2\/media?parent=142991"}],"wp:term":[{"taxonomy":"product_brand","embeddable":true,"href":"https:\/\/kingarms.ee\/lv\/wp-json\/wp\/v2\/product_brand?post=142991"},{"taxonomy":"product_cat","embeddable":true,"href":"https:\/\/kingarms.ee\/lv\/wp-json\/wp\/v2\/product_cat?post=142991"},{"taxonomy":"product_tag","embeddable":true,"href":"https:\/\/kingarms.ee\/lv\/wp-json\/wp\/v2\/product_tag?post=142991"}],"curies":[{"name":"wp","href":"https:\/\/api.w.org\/{rel}","templated":true}]}}