{"id":142993,"date":"2022-02-27T19:17:43","date_gmt":"2025-01-06T14:20:59","guid":{"rendered":"https:\/\/kingarms.ee\/product\/cnc-me-pro-hop-up-kamera-m4-m16\/"},"modified":"2025-01-06T17:20:59","modified_gmt":"2025-01-06T14:20:59","slug":"cnc-me-pro-hop-up-kamber-m4-m16","status":"publish","type":"product","link":"https:\/\/kingarms.ee\/lv\/product\/cnc-me-pro-hop-up-kamber-m4-m16\/","title":{"rendered":"CNC ME &#8211; Pro Hop -up kamera M4\/M16"},"content":{"rendered":"<p><img loading=\"lazy\" decoding=\"async\" class=\"alignnone size-medium wp-image-37853\" src=\"https:\/\/kingarms.ee\/wp-content\/uploads\/2022\/02\/1152229471_1-300x200.jpeg\" alt=\"\" width=\"300\" height=\"200\" srcset=\"https:\/\/kingarms.ee\/wp-content\/uploads\/2022\/02\/1152229471_1-300x200.jpeg 300w, https:\/\/kingarms.ee\/wp-content\/uploads\/2022\/02\/1152229471_1-1024x682.jpeg 1024w, https:\/\/kingarms.ee\/wp-content\/uploads\/2022\/02\/1152229471_1-768x512.jpeg 768w, https:\/\/kingarms.ee\/wp-content\/uploads\/2022\/02\/1152229471_1-1536x1024.jpeg 1536w, https:\/\/kingarms.ee\/wp-content\/uploads\/2022\/02\/1152229471_1-500x333.jpeg 500w, https:\/\/kingarms.ee\/wp-content\/uploads\/2022\/02\/1152229471_1-150x100.jpeg 150w, https:\/\/kingarms.ee\/wp-content\/uploads\/2022\/02\/1152229471_1.jpeg 2000w\" sizes=\"auto, (max-width: 300px) 100vw, 300px\" \/><\/p>\n","protected":false},"excerpt":{"rendered":"<p>CNC Me-Pro Hop-up kamera M4\/M16 CNC ME-PRO Hop-Up-CHAMBER M4\/M16 kopij\u0101m (saska\u0146\u0101 ar MAXX modeli) Alum\u012bnija api\u0146u kamera tika izveidota, pateicoties Specna Arms un Maxx mode\u013ca produktu sadarb\u012bbai Appuse MAXX mode\u013ca produktu noregul\u0113\u0161anas deta\u013cas ir paredz\u0113tas vispras\u012bg\u0101kajiem sp\u0113l\u0113t\u0101jiem un nodro\u0161ina nepieredz\u0113tu apdares kvalit\u0101ti un perfektu HU sist\u0113mas darb\u012bbu. \u012apa\u0161a ffektivit\u0101te: garums: 51 mm<br \/>\nAugstums: 37,75 mm<br \/>\nRumbas \u0101r\u0113jais diametrs (p\u0101rnesumk\u0101rbai): Min 11 mm &#8211; maks. 11,5 mm<br \/>\nRumbas \u0101r\u0113jais diametrs (\u0101r\u0113jai caurulei): min 12 mm<br \/>\nRumbas iek\u0161\u0113jais diametrs (sprauslai): Min 11 mm &#8211; maks. 8,3 mm<br \/>\nPadeves \u0101r\u0113jais diametrs (papl\u0101tei): Min 11 mm &#8211; maks. 9,25 mm<br \/>\nGr\u0101matas garums (papl\u0101tei): maksimums 6,25 mm<br \/>\nMateri\u0101ls: alum\u012bnijs 6061<\/p>\n","protected":false},"featured_media":115461,"template":"","meta":{"_acf_changed":false},"product_brand":[],"product_cat":[1107,1129],"product_tag":[],"class_list":{"0":"post-142993","1":"product","2":"type-product","3":"status-publish","4":"has-post-thumbnail","6":"product_cat-noregulesana","7":"product_cat-rezerves-dalas","9":"first","10":"onbackorder","11":"taxable","12":"shipping-taxable","13":"product-type-simple"},"acf":[],"_links":{"self":[{"href":"https:\/\/kingarms.ee\/lv\/wp-json\/wp\/v2\/product\/142993","targetHints":{"allow":["GET"]}}],"collection":[{"href":"https:\/\/kingarms.ee\/lv\/wp-json\/wp\/v2\/product"}],"about":[{"href":"https:\/\/kingarms.ee\/lv\/wp-json\/wp\/v2\/types\/product"}],"wp:featuredmedia":[{"embeddable":true,"href":"https:\/\/kingarms.ee\/lv\/wp-json\/wp\/v2\/media\/115461"}],"wp:attachment":[{"href":"https:\/\/kingarms.ee\/lv\/wp-json\/wp\/v2\/media?parent=142993"}],"wp:term":[{"taxonomy":"product_brand","embeddable":true,"href":"https:\/\/kingarms.ee\/lv\/wp-json\/wp\/v2\/product_brand?post=142993"},{"taxonomy":"product_cat","embeddable":true,"href":"https:\/\/kingarms.ee\/lv\/wp-json\/wp\/v2\/product_cat?post=142993"},{"taxonomy":"product_tag","embeddable":true,"href":"https:\/\/kingarms.ee\/lv\/wp-json\/wp\/v2\/product_tag?post=142993"}],"curies":[{"name":"wp","href":"https:\/\/api.w.org\/{rel}","templated":true}]}}