{"id":142995,"date":"2022-02-23T17:56:59","date_gmt":"2025-01-06T14:21:17","guid":{"rendered":"https:\/\/kingarms.ee\/product\/optiskais-timen-red-special-js-tactical\/"},"modified":"2025-01-06T17:21:18","modified_gmt":"2025-01-06T14:21:18","slug":"optiska-ass-sarkana-r-to-js-taktiska","status":"publish","type":"product","link":"https:\/\/kingarms.ee\/lv\/product\/optiska-ass-sarkana-r-to-js-taktiska\/","title":{"rendered":"Optiskais Timen + Red Special (JS-tactical)"},"content":{"rendered":"<p><img loading=\"lazy\" decoding=\"async\" class=\"alignnone size-medium wp-image-37757\" src=\"https:\/\/kingarms.ee\/wp-content\/uploads\/2022\/02\/js-tactical-scope-and-red-dot-combo-js-432-hd107-300x300.jpeg\" alt=\"\" width=\"300\" height=\"300\" srcset=\"https:\/\/kingarms.ee\/wp-content\/uploads\/2022\/02\/js-tactical-scope-and-red-dot-combo-js-432-hd107-300x300.jpeg 300w, https:\/\/kingarms.ee\/wp-content\/uploads\/2022\/02\/js-tactical-scope-and-red-dot-combo-js-432-hd107-150x150.jpeg 150w, https:\/\/kingarms.ee\/wp-content\/uploads\/2022\/02\/js-tactical-scope-and-red-dot-combo-js-432-hd107-500x500.jpeg 500w, https:\/\/kingarms.ee\/wp-content\/uploads\/2022\/02\/js-tactical-scope-and-red-dot-combo-js-432-hd107.jpeg 600w\" sizes=\"auto, (max-width: 300px) 100vw, 300px\" \/><\/p>\n","protected":false},"excerpt":{"rendered":"<p>Optiskais Timen + Red Special (JS-tactical)<\/p>\n<p>Palielin\u0101ts m\u0113r\u0137is + sarkanais punkts (komplekts)<br \/>\nDarb\u012bbas joma: ar 4x t\u0101lummai\u0146u ar 32 mm objekt\u012bvu un sarkana punkta krustu (5 intensit\u0101tes l\u012bme\u0146i)<br \/>\nSarkanais punkts 22 mm un var izv\u0113l\u0113ties starp sarkanajiem un za\u013cajiem punktiem.<br \/>\nPiem\u0113rots 22 mm autobusam (RIS)<\/p>\n<p>Ra\u017eot\u0101js: JS taktiskais<\/p>\n","protected":false},"featured_media":115439,"template":"","meta":{"_acf_changed":false},"product_brand":[],"product_cat":[1067],"product_tag":[],"class_list":{"0":"post-142995","1":"product","2":"type-product","3":"status-publish","4":"has-post-thumbnail","6":"product_cat-skats","8":"first","9":"onbackorder","10":"taxable","11":"shipping-taxable","12":"product-type-simple"},"acf":[],"_links":{"self":[{"href":"https:\/\/kingarms.ee\/lv\/wp-json\/wp\/v2\/product\/142995","targetHints":{"allow":["GET"]}}],"collection":[{"href":"https:\/\/kingarms.ee\/lv\/wp-json\/wp\/v2\/product"}],"about":[{"href":"https:\/\/kingarms.ee\/lv\/wp-json\/wp\/v2\/types\/product"}],"wp:featuredmedia":[{"embeddable":true,"href":"https:\/\/kingarms.ee\/lv\/wp-json\/wp\/v2\/media\/115439"}],"wp:attachment":[{"href":"https:\/\/kingarms.ee\/lv\/wp-json\/wp\/v2\/media?parent=142995"}],"wp:term":[{"taxonomy":"product_brand","embeddable":true,"href":"https:\/\/kingarms.ee\/lv\/wp-json\/wp\/v2\/product_brand?post=142995"},{"taxonomy":"product_cat","embeddable":true,"href":"https:\/\/kingarms.ee\/lv\/wp-json\/wp\/v2\/product_cat?post=142995"},{"taxonomy":"product_tag","embeddable":true,"href":"https:\/\/kingarms.ee\/lv\/wp-json\/wp\/v2\/product_tag?post=142995"}],"curies":[{"name":"wp","href":"https:\/\/api.w.org\/{rel}","templated":true}]}}