{"id":143001,"date":"2022-02-23T14:48:41","date_gmt":"2025-01-06T14:22:33","guid":{"rendered":"https:\/\/kingarms.ee\/product\/apstradat-gripu-glock-serija\/"},"modified":"2025-01-06T17:22:33","modified_gmt":"2025-01-06T14:22:33","slug":"cycle-grip-glock-series-2","status":"publish","type":"product","link":"https:\/\/kingarms.ee\/lv\/product\/cycle-grip-glock-series-2\/","title":{"rendered":"Apstr\u0101d\u0101t gripu (Glock s\u0113rija)"},"content":{"rendered":"<p><img loading=\"lazy\" decoding=\"async\" class=\"alignnone size-medium wp-image-37713\" src=\"https:\/\/kingarms.ee\/wp-content\/uploads\/2022\/02\/big-dragon-antiskid-grip-for-glock-series-pistols-black-bd-0688-300x300.jpeg\" alt=\"\" width=\"300\" height=\"300\" srcset=\"https:\/\/kingarms.ee\/wp-content\/uploads\/2022\/02\/big-dragon-antiskid-grip-for-glock-series-pistols-black-bd-0688-300x300.jpeg 300w, https:\/\/kingarms.ee\/wp-content\/uploads\/2022\/02\/big-dragon-antiskid-grip-for-glock-series-pistols-black-bd-0688-150x150.jpeg 150w, https:\/\/kingarms.ee\/wp-content\/uploads\/2022\/02\/big-dragon-antiskid-grip-for-glock-series-pistols-black-bd-0688-768x768.jpeg 768w, https:\/\/kingarms.ee\/wp-content\/uploads\/2022\/02\/big-dragon-antiskid-grip-for-glock-series-pistols-black-bd-0688-500x500.jpeg 500w, https:\/\/kingarms.ee\/wp-content\/uploads\/2022\/02\/big-dragon-antiskid-grip-for-glock-series-pistols-black-bd-0688.jpeg 1000w\" sizes=\"auto, (max-width: 300px) 100vw, 300px\" \/><\/p>\n","protected":false},"excerpt":{"rendered":"<p>Apstr\u0101d\u0101t gripu (Glock s\u0113rija)<\/p>\n<p>Pretslip v\u0101ks uz roktura<br \/>\nIzgatavots no gumijas<br \/>\nPiem\u0113rots liel\u0101kajai da\u013cai Glock s\u0113rijas iero\u010du<br \/>\nKr\u0101sa: melna<\/p>\n","protected":false},"featured_media":115429,"template":"","meta":{"_acf_changed":false},"product_brand":[],"product_cat":[1034],"product_tag":[],"class_list":{"0":"post-143001","1":"product","2":"type-product","3":"status-publish","4":"has-post-thumbnail","6":"product_cat-saujamierocu-piederumi","8":"first","9":"onbackorder","10":"taxable","11":"shipping-taxable","12":"product-type-simple"},"acf":[],"_links":{"self":[{"href":"https:\/\/kingarms.ee\/lv\/wp-json\/wp\/v2\/product\/143001","targetHints":{"allow":["GET"]}}],"collection":[{"href":"https:\/\/kingarms.ee\/lv\/wp-json\/wp\/v2\/product"}],"about":[{"href":"https:\/\/kingarms.ee\/lv\/wp-json\/wp\/v2\/types\/product"}],"wp:featuredmedia":[{"embeddable":true,"href":"https:\/\/kingarms.ee\/lv\/wp-json\/wp\/v2\/media\/115429"}],"wp:attachment":[{"href":"https:\/\/kingarms.ee\/lv\/wp-json\/wp\/v2\/media?parent=143001"}],"wp:term":[{"taxonomy":"product_brand","embeddable":true,"href":"https:\/\/kingarms.ee\/lv\/wp-json\/wp\/v2\/product_brand?post=143001"},{"taxonomy":"product_cat","embeddable":true,"href":"https:\/\/kingarms.ee\/lv\/wp-json\/wp\/v2\/product_cat?post=143001"},{"taxonomy":"product_tag","embeddable":true,"href":"https:\/\/kingarms.ee\/lv\/wp-json\/wp\/v2\/product_tag?post=143001"}],"curies":[{"name":"wp","href":"https:\/\/api.w.org\/{rel}","templated":true}]}}