{"id":143005,"date":"2022-02-23T12:25:03","date_gmt":"2025-01-06T14:22:44","guid":{"rendered":"https:\/\/kingarms.ee\/product\/m-24-kopija\/"},"modified":"2025-01-06T17:22:44","modified_gmt":"2025-01-06T14:22:44","slug":"replika-m-24","status":"publish","type":"product","link":"https:\/\/kingarms.ee\/lv\/product\/replika-m-24\/","title":{"rendered":"M-24 kopija"},"content":{"rendered":"<p><img loading=\"lazy\" decoding=\"async\" class=\"alignnone size-medium wp-image-37625\" src=\"https:\/\/kingarms.ee\/wp-content\/uploads\/2022\/02\/replika-granat-m-24-nemecko-4331-300x300.jpeg\" alt=\"\" width=\"300\" height=\"300\" srcset=\"https:\/\/kingarms.ee\/wp-content\/uploads\/2022\/02\/replika-granat-m-24-nemecko-4331-300x300.jpeg 300w, https:\/\/kingarms.ee\/wp-content\/uploads\/2022\/02\/replika-granat-m-24-nemecko-4331-150x150.jpeg 150w, https:\/\/kingarms.ee\/wp-content\/uploads\/2022\/02\/replika-granat-m-24-nemecko-4331-500x500.jpeg 500w, https:\/\/kingarms.ee\/wp-content\/uploads\/2022\/02\/replika-granat-m-24-nemecko-4331.jpeg 650w\" sizes=\"auto, (max-width: 300px) 100vw, 300px\" \/><\/p>\n","protected":false},"excerpt":{"rendered":"<p>V\u0101cijas milit\u0101r\u0101s gran\u0101tas M-24 nefunkcion\u0113jo\u0161a kopija. To izmanto dekorat\u012bvai un kolekcijas uz\u0146em\u0161anai. <\/p>\n","protected":false},"featured_media":115405,"template":"","meta":{"_acf_changed":false},"product_brand":[],"product_cat":[1118],"product_tag":[],"class_list":{"0":"post-143005","1":"product","2":"type-product","3":"status-publish","4":"has-post-thumbnail","6":"product_cat-granata","8":"first","9":"onbackorder","10":"taxable","11":"shipping-taxable","12":"product-type-simple"},"acf":[],"_links":{"self":[{"href":"https:\/\/kingarms.ee\/lv\/wp-json\/wp\/v2\/product\/143005","targetHints":{"allow":["GET"]}}],"collection":[{"href":"https:\/\/kingarms.ee\/lv\/wp-json\/wp\/v2\/product"}],"about":[{"href":"https:\/\/kingarms.ee\/lv\/wp-json\/wp\/v2\/types\/product"}],"wp:featuredmedia":[{"embeddable":true,"href":"https:\/\/kingarms.ee\/lv\/wp-json\/wp\/v2\/media\/115405"}],"wp:attachment":[{"href":"https:\/\/kingarms.ee\/lv\/wp-json\/wp\/v2\/media?parent=143005"}],"wp:term":[{"taxonomy":"product_brand","embeddable":true,"href":"https:\/\/kingarms.ee\/lv\/wp-json\/wp\/v2\/product_brand?post=143005"},{"taxonomy":"product_cat","embeddable":true,"href":"https:\/\/kingarms.ee\/lv\/wp-json\/wp\/v2\/product_cat?post=143005"},{"taxonomy":"product_tag","embeddable":true,"href":"https:\/\/kingarms.ee\/lv\/wp-json\/wp\/v2\/product_tag?post=143005"}],"curies":[{"name":"wp","href":"https:\/\/api.w.org\/{rel}","templated":true}]}}