{"id":143007,"date":"2022-02-22T18:59:13","date_gmt":"2025-01-06T14:23:29","guid":{"rendered":"https:\/\/kingarms.ee\/product\/katana-wakizashi-tanto-kit-jl029set-rosso\/"},"modified":"2025-01-06T17:23:29","modified_gmt":"2025-01-06T14:23:29","slug":"katana-wakizashi-tanto-komplekts","status":"publish","type":"product","link":"https:\/\/kingarms.ee\/lv\/product\/katana-wakizashi-tanto-komplekts\/","title":{"rendered":"Katana \/ Wakizashi \/ Tanto Kit (JL029Set Rosso)"},"content":{"rendered":"<p><img loading=\"lazy\" decoding=\"async\" class=\"alignnone size-medium wp-image-37611\" src=\"https:\/\/kingarms.ee\/wp-content\/uploads\/2022\/02\/ornamental-set-katana-wakizashi-tanto-jl029-set-rosso-300x300.jpeg\" alt=\"\" width=\"300\" height=\"300\" srcset=\"https:\/\/kingarms.ee\/wp-content\/uploads\/2022\/02\/ornamental-set-katana-wakizashi-tanto-jl029-set-rosso-300x300.jpeg 300w, https:\/\/kingarms.ee\/wp-content\/uploads\/2022\/02\/ornamental-set-katana-wakizashi-tanto-jl029-set-rosso-150x150.jpeg 150w, https:\/\/kingarms.ee\/wp-content\/uploads\/2022\/02\/ornamental-set-katana-wakizashi-tanto-jl029-set-rosso-768x768.jpeg 768w, https:\/\/kingarms.ee\/wp-content\/uploads\/2022\/02\/ornamental-set-katana-wakizashi-tanto-jl029-set-rosso-500x500.jpeg 500w, https:\/\/kingarms.ee\/wp-content\/uploads\/2022\/02\/ornamental-set-katana-wakizashi-tanto-jl029-set-rosso.jpeg 1000w\" sizes=\"auto, (max-width: 300px) 100vw, 300px\" \/><\/p>\n","protected":false},"excerpt":{"rendered":"<p>Katana \/ Wakizashi \/ Tanto Kit (JL029Set Rosso)<br \/>\nKatana kop\u0113jais garums 100 cm (asmens garums 65cm)<br \/>\nWakizash kop\u0113jais garums 78cm (asmens garums 45cm)<br \/>\nTanto kop\u0113jais garums 55cm (asmens garums 25 cm)<br \/>\nRokturis<br \/>\nB\u0101zes pl\u0101ksne ir iek\u013cauta<br \/>\nKr\u0101sa: sarkana\/melna<\/p>\n","protected":false},"featured_media":115403,"template":"","meta":{"_acf_changed":false},"product_brand":[],"product_cat":[1127],"product_tag":[],"class_list":{"0":"post-143007","1":"product","2":"type-product","3":"status-publish","4":"has-post-thumbnail","6":"product_cat-katana-tanto","8":"first","9":"onbackorder","10":"taxable","11":"shipping-taxable","12":"product-type-simple"},"acf":[],"_links":{"self":[{"href":"https:\/\/kingarms.ee\/lv\/wp-json\/wp\/v2\/product\/143007","targetHints":{"allow":["GET"]}}],"collection":[{"href":"https:\/\/kingarms.ee\/lv\/wp-json\/wp\/v2\/product"}],"about":[{"href":"https:\/\/kingarms.ee\/lv\/wp-json\/wp\/v2\/types\/product"}],"wp:featuredmedia":[{"embeddable":true,"href":"https:\/\/kingarms.ee\/lv\/wp-json\/wp\/v2\/media\/115403"}],"wp:attachment":[{"href":"https:\/\/kingarms.ee\/lv\/wp-json\/wp\/v2\/media?parent=143007"}],"wp:term":[{"taxonomy":"product_brand","embeddable":true,"href":"https:\/\/kingarms.ee\/lv\/wp-json\/wp\/v2\/product_brand?post=143007"},{"taxonomy":"product_cat","embeddable":true,"href":"https:\/\/kingarms.ee\/lv\/wp-json\/wp\/v2\/product_cat?post=143007"},{"taxonomy":"product_tag","embeddable":true,"href":"https:\/\/kingarms.ee\/lv\/wp-json\/wp\/v2\/product_tag?post=143007"}],"curies":[{"name":"wp","href":"https:\/\/api.w.org\/{rel}","templated":true}]}}