{"id":143011,"date":"2022-02-15T19:06:27","date_gmt":"2025-01-06T14:23:31","guid":{"rendered":"https:\/\/kingarms.ee\/product\/pcp-ierocu-kompresors-remington\/"},"modified":"2025-01-06T17:23:31","modified_gmt":"2025-01-06T14:23:31","slug":"pcp-relvade-kompressor-remington","status":"publish","type":"product","link":"https:\/\/kingarms.ee\/lv\/product\/pcp-relvade-kompressor-remington\/","title":{"rendered":"PCP iero\u010du kompresors (Remington)"},"content":{"rendered":"","protected":false},"excerpt":{"rendered":"<p>Remington PCP iero\u010du kompresori ir izstr\u0101d\u0101ti un ra\u017eoti par izcilu kvalitat\u012bvu izcilu cenu. Remingtons past\u0101v\u012bgi cen\u0161as att\u012bst\u012bt jaunus, novatoriskus un patent\u0113tus produktus, kas to izvirz\u012bja tehnolo\u0123isk\u0101 progresa priek\u0161gal\u0101 \u0161aj\u0101 r\u016bpniec\u012bbas jom\u0101. GX-E-CS3 kompresoram ir aiz\u0137er\u0161an\u0101s un ieb\u016bv\u0113ts gaisa filtrs. Pistoles vai spiediena tvertnes piepild\u012b\u0161ana ir dro\u0161a un bez probl\u0113m\u0101m ar autom\u0101tisku izsl\u0113g\u0161anu, ko lietot\u0101js rada nepiecie\u0161amajam spiedienam. Kad kompresors sasniedz iestat\u012bto aizpild\u012b\u0161anas spiedienu, tas autom\u0101tiski izsl\u0113gsies. Dzes\u0113\u0161anas fani str\u0101d\u0101s, lai atdzes\u0113tu kompresoru. \u0160is mazais portat\u012bvais kompresors, ja nepiecie\u0161ams, var s\u016bkn\u0113t j\u016bsu PCP gaisa ieroci tie\u0161i spiedien\u0101. Remington GX-E-CS3 kompresors sp\u0113j aizpild\u012bt j\u016bsu PCP gaisa ieroci, izmantojot pievienoto transformatoru staciju (24 V m\u0101j\u0101s) vai 12 V no l\u012bdzstr\u0101vas str\u0101vas avota (piem\u0113ram, 12 V starta akumulators standarta transportl\u012bdzeklim). Parast\u0101 PCP gaisa pistoles pild\u012bjuma laiks ir 5\u201312 min\u016btes. Tom\u0113r j\u0101patur pr\u0101t\u0101, ka tas nav piln\u012bgs lielo kompresoru nomai\u0146a lielu cilindru r\u016bpnieciskai pild\u012bjumam. \u0160is kompresors ir maz\u0101ks, l\u0113n\u0101ks un nav paredz\u0113ts darbam ilg\u0101k par 15 min\u016bt\u0113m bez p\u0101rtraukuma, ta\u010du t\u0101 joproj\u0101m ir absol\u016bta vien\u012bba cenu \/ veiktsp\u0113jas zi\u0146\u0101. Kompresors ir atdzes\u0113ts ar gaisu un var str\u0101d\u0101t l\u012bdz 15 min\u016bt\u0113m, kas ir vair\u0101k nek\u0101 pietiekami daudz laika, lai piepild\u012btu liel\u0101ko da\u013cu PCP gaisa pistoles. P\u0113c \u0161\u012b laika kompresors ir j\u0101p\u0101rtrauc, un iek\u0161\u0113j\u0101 dzes\u0113\u0161anas ventilatoram j\u0101\u013cauj atdzes\u0113t ier\u012bci. P\u0113c 15 min\u016b\u0161u dzes\u0113\u0161anas pild\u012bjumu var turpin\u0101t. Piedz\u012bvojiet br\u012bv\u012bbu aizpild\u012bt savu PCP gaisa \u0161auteni, kad vien v\u0113laties. Tas ir t\u0101pat k\u0101 benz\u012bna pagatavo\u0161ana savai automa\u0161\u012bnai. \u0160\u012b ir patie\u0161\u0101m lieliska saj\u016bta. Komplekta saturs: GX-E-CS3 Augsta spiediena kompresors, t\u012bkla adapteris, instrumentu komplekts, rezerves da\u013cas un caurule ar rezerves k\u0101rtrid\u017eu. Kompresora paketes kop\u0113jais svars &#8211; 11,1 kg.<\/p>\n","protected":false},"featured_media":135202,"template":"","meta":{"_acf_changed":false},"product_brand":[],"product_cat":[1008],"product_tag":[],"class_list":{"0":"post-143011","1":"product","2":"type-product","3":"status-publish","4":"has-post-thumbnail","6":"product_cat-pcp-hpa","8":"first","9":"instock","10":"sale","11":"taxable","12":"shipping-taxable","13":"purchasable","14":"product-type-simple"},"acf":[],"_links":{"self":[{"href":"https:\/\/kingarms.ee\/lv\/wp-json\/wp\/v2\/product\/143011","targetHints":{"allow":["GET"]}}],"collection":[{"href":"https:\/\/kingarms.ee\/lv\/wp-json\/wp\/v2\/product"}],"about":[{"href":"https:\/\/kingarms.ee\/lv\/wp-json\/wp\/v2\/types\/product"}],"wp:featuredmedia":[{"embeddable":true,"href":"https:\/\/kingarms.ee\/lv\/wp-json\/wp\/v2\/media\/135202"}],"wp:attachment":[{"href":"https:\/\/kingarms.ee\/lv\/wp-json\/wp\/v2\/media?parent=143011"}],"wp:term":[{"taxonomy":"product_brand","embeddable":true,"href":"https:\/\/kingarms.ee\/lv\/wp-json\/wp\/v2\/product_brand?post=143011"},{"taxonomy":"product_cat","embeddable":true,"href":"https:\/\/kingarms.ee\/lv\/wp-json\/wp\/v2\/product_cat?post=143011"},{"taxonomy":"product_tag","embeddable":true,"href":"https:\/\/kingarms.ee\/lv\/wp-json\/wp\/v2\/product_tag?post=143011"}],"curies":[{"name":"wp","href":"https:\/\/api.w.org\/{rel}","templated":true}]}}