{"id":143012,"date":"2022-02-22T17:22:00","date_gmt":"2025-01-06T14:23:32","guid":{"rendered":"https:\/\/kingarms.ee\/product\/saciet-pistoli-p38-8mm-bruni\/"},"modified":"2025-01-06T17:23:32","modified_gmt":"2025-01-06T14:23:32","slug":"p38-8mm-bruni","status":"publish","type":"product","link":"https:\/\/kingarms.ee\/lv\/product\/p38-8mm-bruni\/","title":{"rendered":"S\u0101ciet pistoli P38 8mm (Bruni)"},"content":{"rendered":"<p><img loading=\"lazy\" decoding=\"async\" class=\"alignnone size-medium wp-image-37560\" src=\"https:\/\/kingarms.ee\/wp-content\/uploads\/2022\/02\/image_thumb-300x300.jpeg\" alt=\"\" width=\"300\" height=\"300\" srcset=\"https:\/\/kingarms.ee\/wp-content\/uploads\/2022\/02\/image_thumb-300x300.jpeg 300w, https:\/\/kingarms.ee\/wp-content\/uploads\/2022\/02\/image_thumb-150x150.jpeg 150w, https:\/\/kingarms.ee\/wp-content\/uploads\/2022\/02\/image_thumb-500x500.jpeg 500w, https:\/\/kingarms.ee\/wp-content\/uploads\/2022\/02\/image_thumb.jpeg 700w\" sizes=\"auto, (max-width: 300px) 100vw, 300px\" \/><\/p>\n","protected":false},"excerpt":{"rendered":"<p>S\u0101ciet pistoli P38 8mm (Bruni) da\u013c\u0113ji -autom\u0101tisk\u0101 pistole ar 8 mm kalibru. P38 modelis, pul\u0113ts, vienas\/divu darb\u012bbu un dro\u0161s divu roku. Pieg\u0101d\u0101ts ar \u010demod\u0101nu. Funkcijas: Caliber 8 mm<br \/>\n10. papl\u0101tes s\u0113jums<br \/>\nKop\u0113jais garums: 210 mm<br \/>\nSvars: 1020 grami<\/p>\n<p>Produkta galvot\u0101js 3 g Gadus un kar\u0161 uz Uztur\u0113\u0161anas Laik\u0101 Bez akn\u0101s<\/p>\n","protected":false},"featured_media":152465,"template":"","meta":{"_acf_changed":false},"product_brand":[],"product_cat":[1010],"product_tag":[],"class_list":{"0":"post-143012","1":"product","2":"type-product","3":"status-publish","4":"has-post-thumbnail","6":"product_cat-starta-pistoles","8":"first","9":"instock","10":"sale","11":"taxable","12":"shipping-taxable","13":"purchasable","14":"product-type-simple"},"acf":[],"_links":{"self":[{"href":"https:\/\/kingarms.ee\/lv\/wp-json\/wp\/v2\/product\/143012","targetHints":{"allow":["GET"]}}],"collection":[{"href":"https:\/\/kingarms.ee\/lv\/wp-json\/wp\/v2\/product"}],"about":[{"href":"https:\/\/kingarms.ee\/lv\/wp-json\/wp\/v2\/types\/product"}],"wp:featuredmedia":[{"embeddable":true,"href":"https:\/\/kingarms.ee\/lv\/wp-json\/wp\/v2\/media\/152465"}],"wp:attachment":[{"href":"https:\/\/kingarms.ee\/lv\/wp-json\/wp\/v2\/media?parent=143012"}],"wp:term":[{"taxonomy":"product_brand","embeddable":true,"href":"https:\/\/kingarms.ee\/lv\/wp-json\/wp\/v2\/product_brand?post=143012"},{"taxonomy":"product_cat","embeddable":true,"href":"https:\/\/kingarms.ee\/lv\/wp-json\/wp\/v2\/product_cat?post=143012"},{"taxonomy":"product_tag","embeddable":true,"href":"https:\/\/kingarms.ee\/lv\/wp-json\/wp\/v2\/product_tag?post=143012"}],"curies":[{"name":"wp","href":"https:\/\/api.w.org\/{rel}","templated":true}]}}