{"id":143013,"date":"2022-02-22T17:38:30","date_gmt":"2025-01-06T14:23:32","guid":{"rendered":"https:\/\/kingarms.ee\/product\/9-mm-uzvara\/"},"modified":"2025-01-06T17:23:32","modified_gmt":"2025-01-06T14:23:32","slug":"9-mm-uzvara","status":"publish","type":"product","link":"https:\/\/kingarms.ee\/lv\/product\/9-mm-uzvara\/","title":{"rendered":"9 mm (uzvara)"},"content":{"rendered":"<p><img loading=\"lazy\" decoding=\"async\" class=\"alignnone size-full wp-image-74780\" src=\"https:\/\/kingarms.ee\/wp-content\/uploads\/2022\/02\/9mm.jpg\" alt=\"\" width=\"936\" height=\"936\" srcset=\"https:\/\/kingarms.ee\/wp-content\/uploads\/2022\/02\/9mm.jpg 936w, https:\/\/kingarms.ee\/wp-content\/uploads\/2022\/02\/9mm-300x300.jpg 300w, https:\/\/kingarms.ee\/wp-content\/uploads\/2022\/02\/9mm-150x150.jpg 150w, https:\/\/kingarms.ee\/wp-content\/uploads\/2022\/02\/9mm-768x768.jpg 768w, https:\/\/kingarms.ee\/wp-content\/uploads\/2022\/02\/9mm-500x500.jpg 500w\" sizes=\"auto, (max-width: 936px) 100vw, 936px\" \/><\/p>\n","protected":false},"excerpt":{"rendered":"<p>9 mm (uzvara)<\/p>\n<p>Revolvera 380\/9mm spr\u0101dziena k\u0101rtrid\u017ei<\/p>\n<p>Pieg\u0101d\u0101ts ar 50gab<\/p>\n","protected":false},"featured_media":132534,"template":"","meta":{"_acf_changed":false},"product_brand":[],"product_cat":[1048],"product_tag":[],"class_list":{"0":"post-143013","1":"product","2":"type-product","3":"status-publish","4":"has-post-thumbnail","6":"product_cat-balkre-veridzs","8":"first","9":"instock","10":"taxable","11":"shipping-taxable","12":"purchasable","13":"product-type-simple"},"acf":[],"_links":{"self":[{"href":"https:\/\/kingarms.ee\/lv\/wp-json\/wp\/v2\/product\/143013","targetHints":{"allow":["GET"]}}],"collection":[{"href":"https:\/\/kingarms.ee\/lv\/wp-json\/wp\/v2\/product"}],"about":[{"href":"https:\/\/kingarms.ee\/lv\/wp-json\/wp\/v2\/types\/product"}],"wp:featuredmedia":[{"embeddable":true,"href":"https:\/\/kingarms.ee\/lv\/wp-json\/wp\/v2\/media\/132534"}],"wp:attachment":[{"href":"https:\/\/kingarms.ee\/lv\/wp-json\/wp\/v2\/media?parent=143013"}],"wp:term":[{"taxonomy":"product_brand","embeddable":true,"href":"https:\/\/kingarms.ee\/lv\/wp-json\/wp\/v2\/product_brand?post=143013"},{"taxonomy":"product_cat","embeddable":true,"href":"https:\/\/kingarms.ee\/lv\/wp-json\/wp\/v2\/product_cat?post=143013"},{"taxonomy":"product_tag","embeddable":true,"href":"https:\/\/kingarms.ee\/lv\/wp-json\/wp\/v2\/product_tag?post=143013"}],"curies":[{"name":"wp","href":"https:\/\/api.w.org\/{rel}","templated":true}]}}