{"id":143016,"date":"2022-02-21T17:57:54","date_gmt":"2025-01-06T14:23:34","guid":{"rendered":"https:\/\/kingarms.ee\/product\/4x26-svd-vss-optiskais-merkis-js-tactical\/"},"modified":"2025-01-06T17:23:34","modified_gmt":"2025-01-06T14:23:34","slug":"4x26-svd-vsss-optic-the-ded-js-tactical","status":"publish","type":"product","link":"https:\/\/kingarms.ee\/lv\/product\/4x26-svd-vsss-optic-the-ded-js-tactical\/","title":{"rendered":"4&#215;26 SVD\/VSS optiskais m\u0113r\u0137is (JS-tactical)"},"content":{"rendered":"<p><img loading=\"lazy\" decoding=\"async\" class=\"alignnone size-medium wp-image-37391\" src=\"https:\/\/kingarms.ee\/wp-content\/uploads\/2022\/02\/20190619154600_61243-300x300.jpeg\" alt=\"\" width=\"300\" height=\"300\" srcset=\"https:\/\/kingarms.ee\/wp-content\/uploads\/2022\/02\/20190619154600_61243-300x300.jpeg 300w, https:\/\/kingarms.ee\/wp-content\/uploads\/2022\/02\/20190619154600_61243-150x150.jpeg 150w, https:\/\/kingarms.ee\/wp-content\/uploads\/2022\/02\/20190619154600_61243-768x768.jpeg 768w, https:\/\/kingarms.ee\/wp-content\/uploads\/2022\/02\/20190619154600_61243-500x500.jpeg 500w, https:\/\/kingarms.ee\/wp-content\/uploads\/2022\/02\/20190619154600_61243.jpeg 800w\" sizes=\"auto, (max-width: 300px) 100vw, 300px\" \/><\/p>\n","protected":false},"excerpt":{"rendered":"<p>4&#215;26 SVD\/VSS optiskais m\u0113r\u0137is (JS-tactical)<\/p>\n<p>SVD\/ VSS Dragunov ACM\/ A un K m\u0113r\u0137is 4&#215;26, sarkan\u0101 apgaismot\u0101 re\u017e\u0123is.<br \/>\nPalielin\u0101jums: 4x.<br \/>\nObjekt\u012bva diametrs: 26 mm<br \/>\nMateri\u0101ls: met\u0101ls<\/p>\n","protected":false},"featured_media":115374,"template":"","meta":{"_acf_changed":false},"product_brand":[],"product_cat":[1067],"product_tag":[],"class_list":{"0":"post-143016","1":"product","2":"type-product","3":"status-publish","4":"has-post-thumbnail","6":"product_cat-skats","8":"first","9":"onbackorder","10":"taxable","11":"shipping-taxable","12":"product-type-simple"},"acf":[],"_links":{"self":[{"href":"https:\/\/kingarms.ee\/lv\/wp-json\/wp\/v2\/product\/143016","targetHints":{"allow":["GET"]}}],"collection":[{"href":"https:\/\/kingarms.ee\/lv\/wp-json\/wp\/v2\/product"}],"about":[{"href":"https:\/\/kingarms.ee\/lv\/wp-json\/wp\/v2\/types\/product"}],"wp:featuredmedia":[{"embeddable":true,"href":"https:\/\/kingarms.ee\/lv\/wp-json\/wp\/v2\/media\/115374"}],"wp:attachment":[{"href":"https:\/\/kingarms.ee\/lv\/wp-json\/wp\/v2\/media?parent=143016"}],"wp:term":[{"taxonomy":"product_brand","embeddable":true,"href":"https:\/\/kingarms.ee\/lv\/wp-json\/wp\/v2\/product_brand?post=143016"},{"taxonomy":"product_cat","embeddable":true,"href":"https:\/\/kingarms.ee\/lv\/wp-json\/wp\/v2\/product_cat?post=143016"},{"taxonomy":"product_tag","embeddable":true,"href":"https:\/\/kingarms.ee\/lv\/wp-json\/wp\/v2\/product_tag?post=143016"}],"curies":[{"name":"wp","href":"https:\/\/api.w.org\/{rel}","templated":true}]}}