{"id":143017,"date":"2022-02-22T17:32:10","date_gmt":"2025-01-06T14:23:34","guid":{"rendered":"https:\/\/kingarms.ee\/product\/start-gun-magnum-380-9mm-bruni\/"},"modified":"2025-01-06T17:23:34","modified_gmt":"2025-01-06T14:23:34","slug":"revolver-magnum-380-9mm-bruni-2","status":"publish","type":"product","link":"https:\/\/kingarms.ee\/lv\/product\/revolver-magnum-380-9mm-bruni-2\/","title":{"rendered":"Start Gun Magnum 380 9mm (Bruni)"},"content":{"rendered":"<p><img loading=\"lazy\" decoding=\"async\" class=\"alignnone size-medium wp-image-37568\" src=\"https:\/\/kingarms.ee\/wp-content\/uploads\/2022\/02\/WSA-Knall-chrom-quer-08-2015-300x200.jpeg\" alt=\"\" width=\"300\" height=\"200\" srcset=\"https:\/\/kingarms.ee\/wp-content\/uploads\/2022\/02\/WSA-Knall-chrom-quer-08-2015-300x200.jpeg 300w, https:\/\/kingarms.ee\/wp-content\/uploads\/2022\/02\/WSA-Knall-chrom-quer-08-2015-1024x682.jpeg 1024w, https:\/\/kingarms.ee\/wp-content\/uploads\/2022\/02\/WSA-Knall-chrom-quer-08-2015-768x512.jpeg 768w, https:\/\/kingarms.ee\/wp-content\/uploads\/2022\/02\/WSA-Knall-chrom-quer-08-2015-500x333.jpeg 500w, https:\/\/kingarms.ee\/wp-content\/uploads\/2022\/02\/WSA-Knall-chrom-quer-08-2015-150x100.jpeg 150w, https:\/\/kingarms.ee\/wp-content\/uploads\/2022\/02\/WSA-Knall-chrom-quer-08-2015.jpeg 1400w\" sizes=\"auto, (max-width: 300px) 100vw, 300px\" \/><\/p>\n","protected":false},"excerpt":{"rendered":"<p>S\u0101kot ar pistoli Magnum 380 9mm (Bruni) \u0160is uzticamais un iztur\u012bgais Brunas tuk\u0161ais \u0161au\u0161anas revolveris izskat\u0101s glu\u017ei k\u0101 autentisks United 1873 revolveris. Lejupiel\u0101d\u0113jiet tuk\u0161\u0101s kasetnes caur bungu un noraidiet \u0101muru \u0161au\u0161anai. Papl\u0101tes tilpums: 6 k\u0101rtrid\u017ei<br \/>\nCaliber 380 (9 mm)<br \/>\nKoka rokturis<br \/>\nGarums 272 mm<br \/>\nSvars 950g<\/p>\n","protected":false},"featured_media":152693,"template":"","meta":{"_acf_changed":false},"product_brand":[],"product_cat":[1010],"product_tag":[],"class_list":{"0":"post-143017","1":"product","2":"type-product","3":"status-publish","4":"has-post-thumbnail","6":"product_cat-starta-pistoles","8":"first","9":"instock","10":"taxable","11":"shipping-taxable","12":"purchasable","13":"product-type-simple"},"acf":[],"_links":{"self":[{"href":"https:\/\/kingarms.ee\/lv\/wp-json\/wp\/v2\/product\/143017","targetHints":{"allow":["GET"]}}],"collection":[{"href":"https:\/\/kingarms.ee\/lv\/wp-json\/wp\/v2\/product"}],"about":[{"href":"https:\/\/kingarms.ee\/lv\/wp-json\/wp\/v2\/types\/product"}],"wp:featuredmedia":[{"embeddable":true,"href":"https:\/\/kingarms.ee\/lv\/wp-json\/wp\/v2\/media\/152693"}],"wp:attachment":[{"href":"https:\/\/kingarms.ee\/lv\/wp-json\/wp\/v2\/media?parent=143017"}],"wp:term":[{"taxonomy":"product_brand","embeddable":true,"href":"https:\/\/kingarms.ee\/lv\/wp-json\/wp\/v2\/product_brand?post=143017"},{"taxonomy":"product_cat","embeddable":true,"href":"https:\/\/kingarms.ee\/lv\/wp-json\/wp\/v2\/product_cat?post=143017"},{"taxonomy":"product_tag","embeddable":true,"href":"https:\/\/kingarms.ee\/lv\/wp-json\/wp\/v2\/product_tag?post=143017"}],"curies":[{"name":"wp","href":"https:\/\/api.w.org\/{rel}","templated":true}]}}