{"id":143020,"date":"2022-02-15T18:35:02","date_gmt":"2022-02-15T15:35:02","guid":{"rendered":"https:\/\/kingarms.ee\/product\/pcp-ierocu-rokas-suknis-borner\/"},"modified":"2025-01-06T17:25:54","modified_gmt":"2025-01-06T14:25:54","slug":"pcp-relvade-kasipump-borner-2","status":"publish","type":"product","link":"https:\/\/kingarms.ee\/lv\/product\/pcp-relvade-kasipump-borner-2\/","title":{"rendered":"PCP iero\u010du rokas s\u016bknis (Borner)"},"content":{"rendered":"<p><img loading=\"lazy\" decoding=\"async\" class=\"alignnone size-medium wp-image-36991\" src=\"https:\/\/kingarms.ee\/wp-content\/uploads\/2022\/02\/nasos-remington-k-vintovkam-pcp-chernyy-1-300x244.jpeg\" alt=\"\" width=\"300\" height=\"244\" srcset=\"https:\/\/kingarms.ee\/wp-content\/uploads\/2022\/02\/nasos-remington-k-vintovkam-pcp-chernyy-1-300x244.jpeg 300w, https:\/\/kingarms.ee\/wp-content\/uploads\/2022\/02\/nasos-remington-k-vintovkam-pcp-chernyy-1-1024x832.jpeg 1024w, https:\/\/kingarms.ee\/wp-content\/uploads\/2022\/02\/nasos-remington-k-vintovkam-pcp-chernyy-1-768x624.jpeg 768w, https:\/\/kingarms.ee\/wp-content\/uploads\/2022\/02\/nasos-remington-k-vintovkam-pcp-chernyy-1-1536x1248.jpeg 1536w, https:\/\/kingarms.ee\/wp-content\/uploads\/2022\/02\/nasos-remington-k-vintovkam-pcp-chernyy-1-2048x1664.jpeg 2048w, https:\/\/kingarms.ee\/wp-content\/uploads\/2022\/02\/nasos-remington-k-vintovkam-pcp-chernyy-1-500x406.jpeg 500w, https:\/\/kingarms.ee\/wp-content\/uploads\/2022\/02\/nasos-remington-k-vintovkam-pcp-chernyy-1-150x122.jpeg 150w\" sizes=\"auto, (max-width: 300px) 100vw, 300px\" \/><\/p>\n","protected":false},"excerpt":{"rendered":"<p>PCP iero\u010du rokas s\u016bknis (Borner)<\/p>\n<p>Ra\u017eot\u0101js: Border (ASV \/ \u0136\u012bna)<br \/>\nManometrs: j\u0101<br \/>\nMaksim\u0101lais spiediens: 310 b\u0101rs vai 4500 psi<br \/>\nP\u0113du balsti: nekl\u0101psti\u0146a<br \/>\nMateri\u0101ls: ner\u016bs\u0113jo\u0161ais t\u0113rauds, plastmasa<br \/>\nMelns<br \/>\nGarums: 630 mm<br \/>\nIek\u0101rtas (?): PCP s\u016bknis, spiediena m\u0113r\u012bt\u0101js l\u012bdz 400 b\u0101riem, pild\u012bjuma \u0161\u013c\u016btene, gumijota s\u016bk\u0146a rokturis, adapteri, \u012bpa\u0161a uzgrie\u017e\u0146u atsl\u0113ga, e\u013c\u013cot\u0101js, rezerves komplekts<\/p>\n","protected":false},"featured_media":115338,"template":"","meta":{"_acf_changed":false},"product_brand":[],"product_cat":[1008],"product_tag":[],"class_list":{"0":"post-143020","1":"product","2":"type-product","3":"status-publish","4":"has-post-thumbnail","6":"product_cat-pcp-hpa","8":"first","9":"instock","10":"taxable","11":"shipping-taxable","12":"purchasable","13":"product-type-simple"},"acf":[],"_links":{"self":[{"href":"https:\/\/kingarms.ee\/lv\/wp-json\/wp\/v2\/product\/143020","targetHints":{"allow":["GET"]}}],"collection":[{"href":"https:\/\/kingarms.ee\/lv\/wp-json\/wp\/v2\/product"}],"about":[{"href":"https:\/\/kingarms.ee\/lv\/wp-json\/wp\/v2\/types\/product"}],"wp:featuredmedia":[{"embeddable":true,"href":"https:\/\/kingarms.ee\/lv\/wp-json\/wp\/v2\/media\/115338"}],"wp:attachment":[{"href":"https:\/\/kingarms.ee\/lv\/wp-json\/wp\/v2\/media?parent=143020"}],"wp:term":[{"taxonomy":"product_brand","embeddable":true,"href":"https:\/\/kingarms.ee\/lv\/wp-json\/wp\/v2\/product_brand?post=143020"},{"taxonomy":"product_cat","embeddable":true,"href":"https:\/\/kingarms.ee\/lv\/wp-json\/wp\/v2\/product_cat?post=143020"},{"taxonomy":"product_tag","embeddable":true,"href":"https:\/\/kingarms.ee\/lv\/wp-json\/wp\/v2\/product_tag?post=143020"}],"curies":[{"name":"wp","href":"https:\/\/api.w.org\/{rel}","templated":true}]}}