{"id":143022,"date":"2022-02-14T18:21:08","date_gmt":"2025-01-06T14:25:56","guid":{"rendered":"https:\/\/kingarms.ee\/product\/pistolamb-bultinas-65-man-kung\/"},"modified":"2025-01-06T17:25:56","modified_gmt":"2025-01-06T14:25:56","slug":"pustolambu-arrow-65-cilveks-kungs","status":"publish","type":"product","link":"https:\/\/kingarms.ee\/lv\/product\/pustolambu-arrow-65-cilveks-kungs\/","title":{"rendered":"Pistolamb bulti\u0146as &#8211; 6,5 &#8220;(Man kung)"},"content":{"rendered":"<p><img loading=\"lazy\" decoding=\"async\" class=\"alignnone size-medium wp-image-36942\" src=\"https:\/\/kingarms.ee\/wp-content\/uploads\/2022\/02\/man-kung-12-plastic-65-inches-bolts-set-for-crossbow-pistols-black-cf-145ea-300x300.jpeg\" alt=\"\" width=\"300\" height=\"300\" srcset=\"https:\/\/kingarms.ee\/wp-content\/uploads\/2022\/02\/man-kung-12-plastic-65-inches-bolts-set-for-crossbow-pistols-black-cf-145ea-300x300.jpeg 300w, https:\/\/kingarms.ee\/wp-content\/uploads\/2022\/02\/man-kung-12-plastic-65-inches-bolts-set-for-crossbow-pistols-black-cf-145ea-150x150.jpeg 150w, https:\/\/kingarms.ee\/wp-content\/uploads\/2022\/02\/man-kung-12-plastic-65-inches-bolts-set-for-crossbow-pistols-black-cf-145ea-768x768.jpeg 768w, https:\/\/kingarms.ee\/wp-content\/uploads\/2022\/02\/man-kung-12-plastic-65-inches-bolts-set-for-crossbow-pistols-black-cf-145ea-500x500.jpeg 500w, https:\/\/kingarms.ee\/wp-content\/uploads\/2022\/02\/man-kung-12-plastic-65-inches-bolts-set-for-crossbow-pistols-black-cf-145ea.jpeg 1000w\" sizes=\"auto, (max-width: 300px) 100vw, 300px\" \/><\/p>\n","protected":false},"excerpt":{"rendered":"<p>Pistolamb bulti\u0146as &#8211; 6,5 &#8220;(Man kung)<\/p>\n<p>Pistoles pistoles bulti\u0146as<br \/>\nPlastmasa (met\u0101la gals)<br \/>\nGarums: 6,5 &#8221;<br \/>\nPieg\u0101d\u0101ts ar 12 bulti\u0146\u0101m<br \/>\nKr\u0101sa: melna<\/p>\n<p>Ra\u017eot\u0101js: Mankung<\/p>\n","protected":false},"featured_media":115329,"template":"","meta":{"_acf_changed":false},"product_brand":[],"product_cat":[1016,1013],"product_tag":[],"class_list":{"0":"post-143022","1":"product","2":"type-product","3":"status-publish","4":"has-post-thumbnail","6":"product_cat-bultas-bultas-dalas","7":"product_cat-loki-un-sen","9":"first","10":"instock","11":"taxable","12":"shipping-taxable","13":"purchasable","14":"product-type-simple"},"acf":[],"_links":{"self":[{"href":"https:\/\/kingarms.ee\/lv\/wp-json\/wp\/v2\/product\/143022","targetHints":{"allow":["GET"]}}],"collection":[{"href":"https:\/\/kingarms.ee\/lv\/wp-json\/wp\/v2\/product"}],"about":[{"href":"https:\/\/kingarms.ee\/lv\/wp-json\/wp\/v2\/types\/product"}],"wp:featuredmedia":[{"embeddable":true,"href":"https:\/\/kingarms.ee\/lv\/wp-json\/wp\/v2\/media\/115329"}],"wp:attachment":[{"href":"https:\/\/kingarms.ee\/lv\/wp-json\/wp\/v2\/media?parent=143022"}],"wp:term":[{"taxonomy":"product_brand","embeddable":true,"href":"https:\/\/kingarms.ee\/lv\/wp-json\/wp\/v2\/product_brand?post=143022"},{"taxonomy":"product_cat","embeddable":true,"href":"https:\/\/kingarms.ee\/lv\/wp-json\/wp\/v2\/product_cat?post=143022"},{"taxonomy":"product_tag","embeddable":true,"href":"https:\/\/kingarms.ee\/lv\/wp-json\/wp\/v2\/product_tag?post=143022"}],"curies":[{"name":"wp","href":"https:\/\/api.w.org\/{rel}","templated":true}]}}