{"id":143024,"date":"2022-02-14T18:06:44","date_gmt":"2025-01-06T14:27:14","guid":{"rendered":"https:\/\/kingarms.ee\/product\/zala-gaze-zala-gaze-nimrod-tactical\/"},"modified":"2025-01-06T17:27:14","modified_gmt":"2025-01-06T14:27:14","slug":"green-gas-roheline-gaas-nimrod-tactical","status":"publish","type":"product","link":"https:\/\/kingarms.ee\/lv\/product\/green-gas-roheline-gaas-nimrod-tactical\/","title":{"rendered":"Za\u013c\u0101 g\u0101ze \u2014 za\u013c\u0101 g\u0101ze (Nimrod Tactical)"},"content":{"rendered":"<p><img loading=\"lazy\" decoding=\"async\" class=\"alignnone size-medium wp-image-36932\" src=\"https:\/\/kingarms.ee\/wp-content\/uploads\/2022\/02\/nimrod-standard-performance-green-gas-500-ml-300x200.jpeg\" alt=\"\" width=\"300\" height=\"200\" srcset=\"https:\/\/kingarms.ee\/wp-content\/uploads\/2022\/02\/nimrod-standard-performance-green-gas-500-ml-300x200.jpeg 300w, https:\/\/kingarms.ee\/wp-content\/uploads\/2022\/02\/nimrod-standard-performance-green-gas-500-ml-1024x683.jpeg 1024w, https:\/\/kingarms.ee\/wp-content\/uploads\/2022\/02\/nimrod-standard-performance-green-gas-500-ml-768x512.jpeg 768w, https:\/\/kingarms.ee\/wp-content\/uploads\/2022\/02\/nimrod-standard-performance-green-gas-500-ml-500x333.jpeg 500w, https:\/\/kingarms.ee\/wp-content\/uploads\/2022\/02\/nimrod-standard-performance-green-gas-500-ml-150x100.jpeg 150w, https:\/\/kingarms.ee\/wp-content\/uploads\/2022\/02\/nimrod-standard-performance-green-gas-500-ml.jpeg 1200w\" sizes=\"auto, (max-width: 300px) 100vw, 300px\" \/><\/p>\n","protected":false},"excerpt":{"rendered":"<p>Za\u013c\u0101 g\u0101ze &#8211; za\u013c\u0101 g\u0101ze (Nimrod taktisk\u0101) Lieliska univers\u0101la g\u0101ze pavasara, vasaras un rudens lieto\u0161anai, kas piem\u0113rota daudz\u0101m airsoft pistol\u0113m un \u0161auten\u0113m. Nav piem\u0113rots aukstai ziemas temperat\u016brai, pistol\u0113m un \u0161auten\u0113m, kas izgatavotas Jap\u0101n\u0101. Tam ir \u013coti stabils g\u0101zes spiediens, \u0101rk\u0101rtas trajektorijas kontrole, zemas temperat\u016bras efektivit\u0101te un iev\u0113rojami palielina iero\u010da veiktsp\u0113ju. Spiediens pie 20 \u00b0 C: 1,0 MPa \/ 145 psi \/ 10 bar<br \/>\nIetilp\u012bba: 1000 ml<br \/>\nKolekcija aizpild\u012b\u0161ana: 260G \/ 500ml<\/p>\n","protected":false},"featured_media":115327,"template":"","meta":{"_acf_changed":false},"product_brand":[],"product_cat":[1108],"product_tag":[],"class_list":{"0":"post-143024","1":"product","2":"type-product","3":"status-publish","4":"has-post-thumbnail","6":"product_cat-co2-un-ella","8":"first","9":"onbackorder","10":"taxable","11":"shipping-taxable","12":"product-type-simple"},"acf":[],"_links":{"self":[{"href":"https:\/\/kingarms.ee\/lv\/wp-json\/wp\/v2\/product\/143024","targetHints":{"allow":["GET"]}}],"collection":[{"href":"https:\/\/kingarms.ee\/lv\/wp-json\/wp\/v2\/product"}],"about":[{"href":"https:\/\/kingarms.ee\/lv\/wp-json\/wp\/v2\/types\/product"}],"wp:featuredmedia":[{"embeddable":true,"href":"https:\/\/kingarms.ee\/lv\/wp-json\/wp\/v2\/media\/115327"}],"wp:attachment":[{"href":"https:\/\/kingarms.ee\/lv\/wp-json\/wp\/v2\/media?parent=143024"}],"wp:term":[{"taxonomy":"product_brand","embeddable":true,"href":"https:\/\/kingarms.ee\/lv\/wp-json\/wp\/v2\/product_brand?post=143024"},{"taxonomy":"product_cat","embeddable":true,"href":"https:\/\/kingarms.ee\/lv\/wp-json\/wp\/v2\/product_cat?post=143024"},{"taxonomy":"product_tag","embeddable":true,"href":"https:\/\/kingarms.ee\/lv\/wp-json\/wp\/v2\/product_tag?post=143024"}],"curies":[{"name":"wp","href":"https:\/\/api.w.org\/{rel}","templated":true}]}}