{"id":143031,"date":"2022-01-28T12:53:32","date_gmt":"2025-01-06T14:38:07","guid":{"rendered":"https:\/\/kingarms.ee\/product\/22-mm-25mm-augstums-piestiprinasana-pie-optiska-merka\/"},"modified":"2025-01-06T17:38:07","modified_gmt":"2025-01-06T14:38:07","slug":"22-mm-25mm-kolekcijas-kontrolets-optiskais-saviens","status":"publish","type":"product","link":"https:\/\/kingarms.ee\/lv\/product\/22-mm-25mm-kolekcijas-kontrolets-optiskais-saviens\/","title":{"rendered":"22 mm\/25mm augstums\/piestiprin\u0101\u0161ana pie optisk\u0101 m\u0113r\u0137a"},"content":{"rendered":"<p><img loading=\"lazy\" decoding=\"async\" class=\"alignnone size-medium wp-image-36079\" src=\"https:\/\/kingarms.ee\/wp-content\/uploads\/2022\/01\/271912185_917086072332867_3894684688348494524_n-300x225.jpeg\" alt=\"\" width=\"300\" height=\"225\" srcset=\"https:\/\/kingarms.ee\/wp-content\/uploads\/2022\/01\/271912185_917086072332867_3894684688348494524_n-rotated-300x225.jpeg 300w, https:\/\/kingarms.ee\/wp-content\/uploads\/2022\/01\/271912185_917086072332867_3894684688348494524_n-rotated-150x113.jpeg 150w, https:\/\/kingarms.ee\/wp-content\/uploads\/2022\/01\/271912185_917086072332867_3894684688348494524_n-rotated-500x375.jpeg 500w, https:\/\/kingarms.ee\/wp-content\/uploads\/2022\/01\/271912185_917086072332867_3894684688348494524_n-1024x768.jpeg 1024w, https:\/\/kingarms.ee\/wp-content\/uploads\/2022\/01\/271912185_917086072332867_3894684688348494524_n-768x576.jpeg 768w, https:\/\/kingarms.ee\/wp-content\/uploads\/2022\/01\/271912185_917086072332867_3894684688348494524_n-1536x1152.jpeg 1536w, https:\/\/kingarms.ee\/wp-content\/uploads\/2022\/01\/271912185_917086072332867_3894684688348494524_n-600x450.jpeg 600w, https:\/\/kingarms.ee\/wp-content\/uploads\/2022\/01\/271912185_917086072332867_3894684688348494524_n-rotated.jpeg 2048w\" sizes=\"auto, (max-width: 300px) 100vw, 300px\" \/><\/p>\n","protected":false},"excerpt":{"rendered":"<p>Pac\u0113lums\/piestiprin\u0101\u0161ana pie optisk\u0101 m\u0113r\u0137a.<\/p>\n<p>Reili platums 22cm un gredzenu diametrs 25 cm<\/p>\n","protected":false},"featured_media":115119,"template":"","meta":{"_acf_changed":false},"product_brand":[],"product_cat":[1066],"product_tag":[],"class_list":{"0":"post-143031","1":"product","2":"type-product","3":"status-publish","4":"has-post-thumbnail","6":"product_cat-gredzeni","8":"first","9":"instock","10":"taxable","11":"shipping-taxable","12":"purchasable","13":"product-type-simple"},"acf":[],"_links":{"self":[{"href":"https:\/\/kingarms.ee\/lv\/wp-json\/wp\/v2\/product\/143031","targetHints":{"allow":["GET"]}}],"collection":[{"href":"https:\/\/kingarms.ee\/lv\/wp-json\/wp\/v2\/product"}],"about":[{"href":"https:\/\/kingarms.ee\/lv\/wp-json\/wp\/v2\/types\/product"}],"wp:featuredmedia":[{"embeddable":true,"href":"https:\/\/kingarms.ee\/lv\/wp-json\/wp\/v2\/media\/115119"}],"wp:attachment":[{"href":"https:\/\/kingarms.ee\/lv\/wp-json\/wp\/v2\/media?parent=143031"}],"wp:term":[{"taxonomy":"product_brand","embeddable":true,"href":"https:\/\/kingarms.ee\/lv\/wp-json\/wp\/v2\/product_brand?post=143031"},{"taxonomy":"product_cat","embeddable":true,"href":"https:\/\/kingarms.ee\/lv\/wp-json\/wp\/v2\/product_cat?post=143031"},{"taxonomy":"product_tag","embeddable":true,"href":"https:\/\/kingarms.ee\/lv\/wp-json\/wp\/v2\/product_tag?post=143031"}],"curies":[{"name":"wp","href":"https:\/\/api.w.org\/{rel}","templated":true}]}}