{"id":143041,"date":"2022-02-03T13:13:07","date_gmt":"2025-01-06T14:38:40","guid":{"rendered":"https:\/\/kingarms.ee\/product\/kraukskiga-sokolades-musli-125g\/"},"modified":"2025-01-06T17:38:40","modified_gmt":"2025-01-06T14:38:40","slug":"krobe-sokolaadimusli-125g","status":"publish","type":"product","link":"https:\/\/kingarms.ee\/lv\/product\/krobe-sokolaadimusli-125g\/","title":{"rendered":"Krauk\u0161\u0137\u012bga \u0161okol\u0101des musli 125g"},"content":{"rendered":"<p><img loading=\"lazy\" decoding=\"async\" class=\"alignnone size-medium wp-image-36245\" src=\"https:\/\/kingarms.ee\/wp-content\/uploads\/2022\/02\/Crunchy_Chocolate_muesli-300x239.png\" alt=\"\" width=\"300\" height=\"239\" srcset=\"https:\/\/kingarms.ee\/wp-content\/uploads\/2022\/02\/Crunchy_Chocolate_muesli-300x239.png 300w, https:\/\/kingarms.ee\/wp-content\/uploads\/2022\/02\/Crunchy_Chocolate_muesli-150x120.png 150w, https:\/\/kingarms.ee\/wp-content\/uploads\/2022\/02\/Crunchy_Chocolate_muesli-500x399.png 500w, https:\/\/kingarms.ee\/wp-content\/uploads\/2022\/02\/Crunchy_Chocolate_muesli-1024x817.png 1024w, https:\/\/kingarms.ee\/wp-content\/uploads\/2022\/02\/Crunchy_Chocolate_muesli-768x613.png 768w, https:\/\/kingarms.ee\/wp-content\/uploads\/2022\/02\/Crunchy_Chocolate_muesli-1536x1225.png 1536w, https:\/\/kingarms.ee\/wp-content\/uploads\/2022\/02\/Crunchy_Chocolate_muesli.png 1798w\" sizes=\"auto, (max-width: 300px) 100vw, 300px\" \/><\/p>\n","protected":false},"excerpt":{"rendered":"<ul>\n<li><span lang=\"ET\">Gar\u0161\u012bgas brokastis ar \u0161okol\u0101di!<\/span><\/li>\n<li><span lang=\"ET\">Labi salds un ener\u0123ijas bag\u0101tais musli dod pietiekami daudz sp\u0113ka, lai pa\u0146emtu dienu, lai s\u0101ktu<\/span><\/li>\n<li><span lang=\"ET\">Dabiski un ra\u017eoti Igaunij\u0101 <\/span><\/li>\n<li><span lang=\"ET\">Nesatur saglab\u0101\u0161ana UNPIEDEVA<\/span><\/li>\n<li><span lang=\"ET\">Energiasisaldus portsjoni kohta on 511 kcal<\/span><\/li>\n<\/ul>\n<p><span lang=\"ET\">Maitsev hommikus\u00f6\u00f6k, millele on lisatud sokolaadilaaste. M\u00f5nusalt magus ja energiarikas m\u00fcsli annab piisavalt j\u00f5udu p\u00e4eva k\u00e4ima t\u00f5mbamiseks. Toode t\u00e4iesti naturaalne ja Eestimaine, ei sisalda s\u00e4ilitus- ja lisaaineid. Energiasisaldus portsjoni kohta on 511 kcal.   <\/span><\/p>\n<p><strong>Koostisosad:<br \/>\n<\/strong><\/p>\n<p><strong>Kaerahelbed<\/strong> (59%), <strong>piimapulber<\/strong>, suhkrusiirup (suhkur), \u0161okolaadin\u00f6\u00f6bid (5%) (suhkur, kakao mass, kakao v\u00f5i,p\u00e4evalille letsitiin,looduslik vanillimaitseaine), kakaopulber (kakaopulber, happesuse regulaator E501) <strong>Parim enne<\/strong>: 4 aastat Naudi kui maitsvat hommikus\u00f6\u00f6ki v\u00f5i hoopis muu toidukorra j\u00e4rgselt magustoiduna!<\/p>\n","protected":false},"featured_media":115153,"template":"","meta":{"_acf_changed":false},"product_brand":[],"product_cat":[1128],"product_tag":[],"class_list":{"0":"post-143041","1":"product","2":"type-product","3":"status-publish","4":"has-post-thumbnail","6":"product_cat-taktiska-partikas","8":"first","9":"instock","10":"taxable","11":"shipping-taxable","12":"purchasable","13":"product-type-simple"},"acf":[],"_links":{"self":[{"href":"https:\/\/kingarms.ee\/lv\/wp-json\/wp\/v2\/product\/143041","targetHints":{"allow":["GET"]}}],"collection":[{"href":"https:\/\/kingarms.ee\/lv\/wp-json\/wp\/v2\/product"}],"about":[{"href":"https:\/\/kingarms.ee\/lv\/wp-json\/wp\/v2\/types\/product"}],"wp:featuredmedia":[{"embeddable":true,"href":"https:\/\/kingarms.ee\/lv\/wp-json\/wp\/v2\/media\/115153"}],"wp:attachment":[{"href":"https:\/\/kingarms.ee\/lv\/wp-json\/wp\/v2\/media?parent=143041"}],"wp:term":[{"taxonomy":"product_brand","embeddable":true,"href":"https:\/\/kingarms.ee\/lv\/wp-json\/wp\/v2\/product_brand?post=143041"},{"taxonomy":"product_cat","embeddable":true,"href":"https:\/\/kingarms.ee\/lv\/wp-json\/wp\/v2\/product_cat?post=143041"},{"taxonomy":"product_tag","embeddable":true,"href":"https:\/\/kingarms.ee\/lv\/wp-json\/wp\/v2\/product_tag?post=143041"}],"curies":[{"name":"wp","href":"https:\/\/api.w.org\/{rel}","templated":true}]}}