{"id":143057,"date":"2022-01-28T12:13:36","date_gmt":"2025-01-06T15:27:12","guid":{"rendered":"https:\/\/kingarms.ee\/product\/led-lukturitis-swat\/"},"modified":"2025-01-06T18:27:12","modified_gmt":"2025-01-06T15:27:12","slug":"led-kabatas-lampa-swat","status":"publish","type":"product","link":"https:\/\/kingarms.ee\/lv\/product\/led-kabatas-lampa-swat\/","title":{"rendered":"LED luktur\u012btis (SWAT)"},"content":{"rendered":"<p><img loading=\"lazy\" decoding=\"async\" class=\"alignnone size-medium wp-image-35990\" src=\"https:\/\/kingarms.ee\/wp-content\/uploads\/2022\/01\/271818260_296997319070250_916725723785621334_n-300x225.jpeg\" alt=\"\" width=\"300\" height=\"225\" srcset=\"https:\/\/kingarms.ee\/wp-content\/uploads\/2022\/01\/271818260_296997319070250_916725723785621334_n-300x225.jpeg 300w, https:\/\/kingarms.ee\/wp-content\/uploads\/2022\/01\/271818260_296997319070250_916725723785621334_n-150x113.jpeg 150w, https:\/\/kingarms.ee\/wp-content\/uploads\/2022\/01\/271818260_296997319070250_916725723785621334_n-500x375.jpeg 500w, https:\/\/kingarms.ee\/wp-content\/uploads\/2022\/01\/271818260_296997319070250_916725723785621334_n-1024x768.jpeg 1024w, https:\/\/kingarms.ee\/wp-content\/uploads\/2022\/01\/271818260_296997319070250_916725723785621334_n-768x576.jpeg 768w, https:\/\/kingarms.ee\/wp-content\/uploads\/2022\/01\/271818260_296997319070250_916725723785621334_n-1536x1152.jpeg 1536w, https:\/\/kingarms.ee\/wp-content\/uploads\/2022\/01\/271818260_296997319070250_916725723785621334_n-600x450.jpeg 600w, https:\/\/kingarms.ee\/wp-content\/uploads\/2022\/01\/271818260_296997319070250_916725723785621334_n.jpeg 2048w\" sizes=\"auto, (max-width: 300px) 100vw, 300px\" \/><\/p>\n","protected":false},"excerpt":{"rendered":"<p>LED luktur\u012btis (SWAT)<\/p>\n<p>Jaud\u012bgais LED luktur\u012btis ir izgatavots no plastmasas un alum\u012bnija.<\/p>\n<p>L\u0101pu var iel\u0101d\u0113t no 12 V spraud\u0146a vai 24 V m\u0101jas spraud\u0146a.<\/p>\n<p>Pieg\u0101d\u0101ts ar akumulatoru un l\u0101d\u0113t\u0101ju.<\/p>\n<p>LED jauda 500 l\u016bmeni<\/p>\n<p>Garums 15cm<\/p>\n","protected":false},"featured_media":115091,"template":"","meta":{"_acf_changed":false},"product_brand":[],"product_cat":[1121],"product_tag":[],"class_list":{"0":"post-143057","1":"product","2":"type-product","3":"status-publish","4":"has-post-thumbnail","6":"product_cat-airsoft-lukturisi","8":"first","9":"onbackorder","10":"taxable","11":"shipping-taxable","12":"product-type-simple"},"acf":[],"_links":{"self":[{"href":"https:\/\/kingarms.ee\/lv\/wp-json\/wp\/v2\/product\/143057","targetHints":{"allow":["GET"]}}],"collection":[{"href":"https:\/\/kingarms.ee\/lv\/wp-json\/wp\/v2\/product"}],"about":[{"href":"https:\/\/kingarms.ee\/lv\/wp-json\/wp\/v2\/types\/product"}],"wp:featuredmedia":[{"embeddable":true,"href":"https:\/\/kingarms.ee\/lv\/wp-json\/wp\/v2\/media\/115091"}],"wp:attachment":[{"href":"https:\/\/kingarms.ee\/lv\/wp-json\/wp\/v2\/media?parent=143057"}],"wp:term":[{"taxonomy":"product_brand","embeddable":true,"href":"https:\/\/kingarms.ee\/lv\/wp-json\/wp\/v2\/product_brand?post=143057"},{"taxonomy":"product_cat","embeddable":true,"href":"https:\/\/kingarms.ee\/lv\/wp-json\/wp\/v2\/product_cat?post=143057"},{"taxonomy":"product_tag","embeddable":true,"href":"https:\/\/kingarms.ee\/lv\/wp-json\/wp\/v2\/product_tag?post=143057"}],"curies":[{"name":"wp","href":"https:\/\/api.w.org\/{rel}","templated":true}]}}