{"id":143090,"date":"2022-01-19T13:32:14","date_gmt":"2025-01-06T15:44:27","guid":{"rendered":"https:\/\/kingarms.ee\/product\/mt1a-lukturitis-nitecore\/"},"modified":"2025-01-06T18:44:27","modified_gmt":"2025-01-06T15:44:27","slug":"mt1a-taskulamp-nitecore","status":"publish","type":"product","link":"https:\/\/kingarms.ee\/lv\/product\/mt1a-taskulamp-nitecore\/","title":{"rendered":"MT1A luktur\u012btis (Nitecore)"},"content":{"rendered":"<p><img loading=\"lazy\" decoding=\"async\" class=\"alignnone size-medium wp-image-35306\" src=\"https:\/\/kingarms.ee\/wp-content\/uploads\/2022\/01\/MT1A-Multi-Task-Nitecore-am14854large1-300x210.png\" alt=\"\" width=\"300\" height=\"210\" srcset=\"https:\/\/kingarms.ee\/wp-content\/uploads\/2022\/01\/MT1A-Multi-Task-Nitecore-am14854large1-300x210.png 300w, https:\/\/kingarms.ee\/wp-content\/uploads\/2022\/01\/MT1A-Multi-Task-Nitecore-am14854large1-150x105.png 150w, https:\/\/kingarms.ee\/wp-content\/uploads\/2022\/01\/MT1A-Multi-Task-Nitecore-am14854large1-500x350.png 500w, https:\/\/kingarms.ee\/wp-content\/uploads\/2022\/01\/MT1A-Multi-Task-Nitecore-am14854large1-1024x717.png 1024w, https:\/\/kingarms.ee\/wp-content\/uploads\/2022\/01\/MT1A-Multi-Task-Nitecore-am14854large1-768x538.png 768w, https:\/\/kingarms.ee\/wp-content\/uploads\/2022\/01\/MT1A-Multi-Task-Nitecore-am14854large1.png 1400w\" sizes=\"auto, (max-width: 300px) 100vw, 300px\" \/><\/p>\n","protected":false},"excerpt":{"rendered":"<p>Premium luktur\u012b\u0161a specifik\u0101cijas<br \/>\nMaksim\u0101l\u0101 gaismas jauda l\u012bdz 180 l\u016bmeniem<br \/>\nMaksim\u0101lais darba laiks l\u012bdz 60 stund\u0101m<br \/>\nDivi viegli main\u0101mi re\u017e\u012bmi<br \/>\nLietot\u0101ja defin\u0113ts re\u017e\u012bms \u013cauj izv\u0113l\u0113ties starp 3 spilgtuma l\u012bme\u0146iem un strobu vai SOS<br \/>\nGudra atmi\u0146as funkcija<br \/>\nPretrull\u0113\u0161anas dizains<br \/>\nPret\u0113j\u0101s polarit\u0101tes aizsardz\u012bba<br \/>\nSaciet\u0113jis ar miner\u0101lu stikla pretfleksiju<br \/>\nAlum\u012bnija reflektors nodro\u0161ina gludu un jaud\u012bgu staru k\u016bli<br \/>\nGaisa ku\u0123u klases alum\u012bnija sakaus\u0113jums<br \/>\nHaiiii milit\u0101r\u0101 klase Hard anodiz\u0113ta<br \/>\nNo\u0146emams divu virzienu pretpulkstenis<br \/>\nDimanta formas mizas vajadz\u012bb\u0101m lab\u0101kai sa\u0137eiei<br \/>\nANSI IPX-8 standarta \u016bdensnecaurlaid\u012bgs, iegremd\u0113ts divu metru dzi\u013cum\u0101<\/p>\n<p>Valguse tasemed \u2013 t\u00f6\u00f6ajad<br \/>\nTurbo 180 luumenit &#8211; 1,5 tundi<br \/>\nK\u00f5rge 55 luumenit &#8211; 5,5 tundi<br \/>\nKeskmine 22 luumenit &#8211; 18 tundi<br \/>\nMadal 5 luumenit &#8211; 60 tundi<\/p>\n","protected":false},"featured_media":114965,"template":"","meta":{"_acf_changed":false},"product_brand":[],"product_cat":[1037],"product_tag":[],"class_list":{"0":"post-143090","1":"product","2":"type-product","3":"status-publish","4":"has-post-thumbnail","6":"product_cat-lukturisi","8":"first","9":"instock","10":"taxable","11":"shipping-taxable","12":"purchasable","13":"product-type-simple"},"acf":[],"_links":{"self":[{"href":"https:\/\/kingarms.ee\/lv\/wp-json\/wp\/v2\/product\/143090","targetHints":{"allow":["GET"]}}],"collection":[{"href":"https:\/\/kingarms.ee\/lv\/wp-json\/wp\/v2\/product"}],"about":[{"href":"https:\/\/kingarms.ee\/lv\/wp-json\/wp\/v2\/types\/product"}],"wp:featuredmedia":[{"embeddable":true,"href":"https:\/\/kingarms.ee\/lv\/wp-json\/wp\/v2\/media\/114965"}],"wp:attachment":[{"href":"https:\/\/kingarms.ee\/lv\/wp-json\/wp\/v2\/media?parent=143090"}],"wp:term":[{"taxonomy":"product_brand","embeddable":true,"href":"https:\/\/kingarms.ee\/lv\/wp-json\/wp\/v2\/product_brand?post=143090"},{"taxonomy":"product_cat","embeddable":true,"href":"https:\/\/kingarms.ee\/lv\/wp-json\/wp\/v2\/product_cat?post=143090"},{"taxonomy":"product_tag","embeddable":true,"href":"https:\/\/kingarms.ee\/lv\/wp-json\/wp\/v2\/product_tag?post=143090"}],"curies":[{"name":"wp","href":"https:\/\/api.w.org\/{rel}","templated":true}]}}