{"id":143093,"date":"2022-01-19T13:24:12","date_gmt":"2025-01-06T15:44:29","guid":{"rendered":"https:\/\/kingarms.ee\/product\/lapas-piekersanas-ierocam-elements\/"},"modified":"2025-01-06T18:44:29","modified_gmt":"2025-01-06T15:44:29","slug":"lapu-lapas-stiprinajums","status":"publish","type":"product","link":"https:\/\/kingarms.ee\/lv\/product\/lapu-lapas-stiprinajums\/","title":{"rendered":"L\u0101pas pie\u0137er\u0161an\u0101s iero\u010dam (elements)"},"content":{"rendered":"<p><img loading=\"lazy\" decoding=\"async\" class=\"alignnone size-medium wp-image-35298\" src=\"https:\/\/kingarms.ee\/wp-content\/uploads\/2022\/01\/1291559_OT-0424-BK11-300x240.jpeg\" alt=\"\" width=\"300\" height=\"240\" srcset=\"https:\/\/kingarms.ee\/wp-content\/uploads\/2022\/01\/1291559_OT-0424-BK11-300x240.jpeg 300w, https:\/\/kingarms.ee\/wp-content\/uploads\/2022\/01\/1291559_OT-0424-BK11-150x120.jpeg 150w, https:\/\/kingarms.ee\/wp-content\/uploads\/2022\/01\/1291559_OT-0424-BK11-500x400.jpeg 500w, https:\/\/kingarms.ee\/wp-content\/uploads\/2022\/01\/1291559_OT-0424-BK11.jpeg 600w\" sizes=\"auto, (max-width: 300px) 100vw, 300px\" \/><\/p>\n","protected":false},"excerpt":{"rendered":"<p>L\u0101pas pie\u0137er\u0161an\u0101s iero\u010dam (elements)<\/p>\n<p>Svars: 90 g<br \/>\nKr\u0101sa: melna<br \/>\nMateri\u0101ls: polim\u0113rs<br \/>\nDiametrs mm: 25<\/p>\n","protected":false},"featured_media":114963,"template":"","meta":{"_acf_changed":false},"product_brand":[],"product_cat":[1033,1035],"product_tag":[],"class_list":{"0":"post-143093","1":"product","2":"type-product","3":"status-publish","4":"has-post-thumbnail","6":"product_cat-apstiprinasana","7":"product_cat-saujamierocu-gredzeni","9":"first","10":"instock","11":"taxable","12":"shipping-taxable","13":"purchasable","14":"product-type-simple"},"acf":[],"_links":{"self":[{"href":"https:\/\/kingarms.ee\/lv\/wp-json\/wp\/v2\/product\/143093","targetHints":{"allow":["GET"]}}],"collection":[{"href":"https:\/\/kingarms.ee\/lv\/wp-json\/wp\/v2\/product"}],"about":[{"href":"https:\/\/kingarms.ee\/lv\/wp-json\/wp\/v2\/types\/product"}],"wp:featuredmedia":[{"embeddable":true,"href":"https:\/\/kingarms.ee\/lv\/wp-json\/wp\/v2\/media\/114963"}],"wp:attachment":[{"href":"https:\/\/kingarms.ee\/lv\/wp-json\/wp\/v2\/media?parent=143093"}],"wp:term":[{"taxonomy":"product_brand","embeddable":true,"href":"https:\/\/kingarms.ee\/lv\/wp-json\/wp\/v2\/product_brand?post=143093"},{"taxonomy":"product_cat","embeddable":true,"href":"https:\/\/kingarms.ee\/lv\/wp-json\/wp\/v2\/product_cat?post=143093"},{"taxonomy":"product_tag","embeddable":true,"href":"https:\/\/kingarms.ee\/lv\/wp-json\/wp\/v2\/product_tag?post=143093"}],"curies":[{"name":"wp","href":"https:\/\/api.w.org\/{rel}","templated":true}]}}