{"id":143137,"date":"2022-01-15T14:26:15","date_gmt":"2025-01-06T15:50:39","guid":{"rendered":"https:\/\/kingarms.ee\/product\/glock-26-27-33-kabuur-amomax\/"},"modified":"2025-01-06T18:50:39","modified_gmt":"2025-01-06T15:50:39","slug":"glock-26-27-33-kabuur-amomax","status":"publish","type":"product","link":"https:\/\/kingarms.ee\/lv\/product\/glock-26-27-33-kabuur-amomax\/","title":{"rendered":"Glock 26\/27\/33 Kabuur (AMOMAX)"},"content":{"rendered":"<p><img loading=\"lazy\" decoding=\"async\" class=\"alignnone size-medium wp-image-34821\" src=\"https:\/\/kingarms.ee\/wp-content\/uploads\/2022\/01\/Amomax-OWB-Right-Hand-Black-Tactical-Holster-Fits-Glock-26-27-33-300x300.jpeg\" alt=\"\" width=\"300\" height=\"300\" srcset=\"https:\/\/kingarms.ee\/wp-content\/uploads\/2022\/01\/Amomax-OWB-Right-Hand-Black-Tactical-Holster-Fits-Glock-26-27-33-300x300.jpeg 300w, https:\/\/kingarms.ee\/wp-content\/uploads\/2022\/01\/Amomax-OWB-Right-Hand-Black-Tactical-Holster-Fits-Glock-26-27-33-150x150.jpeg 150w, https:\/\/kingarms.ee\/wp-content\/uploads\/2022\/01\/Amomax-OWB-Right-Hand-Black-Tactical-Holster-Fits-Glock-26-27-33-500x500.jpeg 500w, https:\/\/kingarms.ee\/wp-content\/uploads\/2022\/01\/Amomax-OWB-Right-Hand-Black-Tactical-Holster-Fits-Glock-26-27-33-768x768.jpeg 768w, https:\/\/kingarms.ee\/wp-content\/uploads\/2022\/01\/Amomax-OWB-Right-Hand-Black-Tactical-Holster-Fits-Glock-26-27-33.jpeg 800w\" sizes=\"auto, (max-width: 300px) 100vw, 300px\" \/><\/p>\n","protected":false},"excerpt":{"rendered":"<p>Glock 26\/27\/33 Kabuur (AMOMAX) ir piem\u0113rots Glock 26\/27\/33 pistol\u0113m, plastmasas k\u0101postiem no ra\u017eot\u0101ja Amomax. Kabuur ir poga ar pogu. Piestiprin\u0101ts pie jostas vai siksnas. Kabuur var piel\u0101got p\u0113c v\u0113l\u0113\u0161an\u0101s un 360* pagriezt.<\/p>\n","protected":false},"featured_media":114829,"template":"","meta":{"_acf_changed":false},"product_brand":[],"product_cat":[1026],"product_tag":[],"class_list":{"0":"post-143137","1":"product","2":"type-product","3":"status-publish","4":"has-post-thumbnail","6":"product_cat-barkstisti","8":"first","9":"instock","10":"taxable","11":"shipping-taxable","12":"purchasable","13":"product-type-simple"},"acf":[],"_links":{"self":[{"href":"https:\/\/kingarms.ee\/lv\/wp-json\/wp\/v2\/product\/143137","targetHints":{"allow":["GET"]}}],"collection":[{"href":"https:\/\/kingarms.ee\/lv\/wp-json\/wp\/v2\/product"}],"about":[{"href":"https:\/\/kingarms.ee\/lv\/wp-json\/wp\/v2\/types\/product"}],"wp:featuredmedia":[{"embeddable":true,"href":"https:\/\/kingarms.ee\/lv\/wp-json\/wp\/v2\/media\/114829"}],"wp:attachment":[{"href":"https:\/\/kingarms.ee\/lv\/wp-json\/wp\/v2\/media?parent=143137"}],"wp:term":[{"taxonomy":"product_brand","embeddable":true,"href":"https:\/\/kingarms.ee\/lv\/wp-json\/wp\/v2\/product_brand?post=143137"},{"taxonomy":"product_cat","embeddable":true,"href":"https:\/\/kingarms.ee\/lv\/wp-json\/wp\/v2\/product_cat?post=143137"},{"taxonomy":"product_tag","embeddable":true,"href":"https:\/\/kingarms.ee\/lv\/wp-json\/wp\/v2\/product_tag?post=143137"}],"curies":[{"name":"wp","href":"https:\/\/api.w.org\/{rel}","templated":true}]}}