{"id":143138,"date":"2022-01-15T13:54:04","date_gmt":"2025-01-06T15:50:39","guid":{"rendered":"https:\/\/kingarms.ee\/product\/ntc01-hronografs-nimrod\/"},"modified":"2025-01-06T18:50:39","modified_gmt":"2025-01-06T15:50:39","slug":"ntc01-chronograph-nimrod","status":"publish","type":"product","link":"https:\/\/kingarms.ee\/lv\/product\/ntc01-chronograph-nimrod\/","title":{"rendered":"NTC01 hronogr\u0101fs (NIMROD)"},"content":{"rendered":"<p><img loading=\"lazy\" decoding=\"async\" class=\"alignnone size-medium wp-image-34761\" src=\"https:\/\/kingarms.ee\/wp-content\/uploads\/2022\/01\/31761_2_3-min-300x210.png\" alt=\"\" width=\"300\" height=\"210\" srcset=\"https:\/\/kingarms.ee\/wp-content\/uploads\/2022\/01\/31761_2_3-min-300x210.png 300w, https:\/\/kingarms.ee\/wp-content\/uploads\/2022\/01\/31761_2_3-min-150x105.png 150w, https:\/\/kingarms.ee\/wp-content\/uploads\/2022\/01\/31761_2_3-min-500x350.png 500w, https:\/\/kingarms.ee\/wp-content\/uploads\/2022\/01\/31761_2_3-min-1024x717.png 1024w, https:\/\/kingarms.ee\/wp-content\/uploads\/2022\/01\/31761_2_3-min-768x538.png 768w, https:\/\/kingarms.ee\/wp-content\/uploads\/2022\/01\/31761_2_3-min.png 1400w\" sizes=\"auto, (max-width: 300px) 100vw, 300px\" \/><\/p>\n","protected":false},"excerpt":{"rendered":"<p>NTC01 hronogr\u0101fs (NIMROD) NIMROD ra\u017eot\u0101ja jaun\u0101kais hronogr\u0101fs. Augstas kvalit\u0101tes daudzfunkcion\u0101ls un prec\u012bzs hrono m\u0113ra lo\u017eu s\u0101kotn\u0113jo \u0101trumu (FP \/ MS) [15-400 m \/ s vai 50\u20131300 kadri sekund\u0113), jaudas jauda (j) un \u0161au\u0161anas bl\u012bvums (apgriezieni min\u016bt\u0113) [120-3200 apgr.\/min. ] Maksim\u0101lais \u0101trums \/ min \/ vid\u0113jais \u0101trums. Var izmantot ar mun\u012bciju 4,5 mm l\u012bdz 16 mm (ieskaitot Airsoft 6 mm BB). Darbojas ar 4x AAA akumulatoru (nav iek\u013cauts). \u013boti kompakts, viegli saprotams un viegls produkts. Produktam ir 128*64 vecs, mikro USB savienojums, \u013coti prec\u012bzi sensori, 6 da\u017e\u0101das bumbi\u0146as uzglab\u0101\u0161anai (var nomain\u012bt), 36 mm diametra \u0161au\u0161anas caurule. Ietaupa 99 m\u0113r\u012bjumus atmi\u0146\u0101. Autom\u0101tiska izsl\u0113g\u0161ana gaid\u012b\u0161anas re\u017e\u012bm\u0101 vai akumulator\u0101. IR sensors tiek kalibr\u0113ts, lai ieg\u016btu v\u0113l lab\u0101kus m\u0113r\u012bjumu rezult\u0101tus. Var izmantot ar lejupiel\u0101d\u0113tu programmat\u016bru (lai las\u012btu rezult\u0101tus \/ lai jaunin\u0101tu programmat\u016bru). Produkts ir \u013coti energoefekt\u012bvs. Ier\u012bces korpuss ir izgatavots no iztur\u012bgas polim\u0113ra plastmasas. Ier\u012bci var instal\u0113t uz harkjala \/ translay. Garantija uz 3 gadiem<\/p>\n","protected":false},"featured_media":114813,"template":"","meta":{"_acf_changed":false},"product_brand":[],"product_cat":[1114],"product_tag":[],"class_list":{"0":"post-143138","1":"product","2":"type-product","3":"status-publish","4":"has-post-thumbnail","6":"product_cat-hronografi","8":"first","9":"onbackorder","10":"taxable","11":"shipping-taxable","12":"product-type-simple"},"acf":[],"_links":{"self":[{"href":"https:\/\/kingarms.ee\/lv\/wp-json\/wp\/v2\/product\/143138","targetHints":{"allow":["GET"]}}],"collection":[{"href":"https:\/\/kingarms.ee\/lv\/wp-json\/wp\/v2\/product"}],"about":[{"href":"https:\/\/kingarms.ee\/lv\/wp-json\/wp\/v2\/types\/product"}],"wp:featuredmedia":[{"embeddable":true,"href":"https:\/\/kingarms.ee\/lv\/wp-json\/wp\/v2\/media\/114813"}],"wp:attachment":[{"href":"https:\/\/kingarms.ee\/lv\/wp-json\/wp\/v2\/media?parent=143138"}],"wp:term":[{"taxonomy":"product_brand","embeddable":true,"href":"https:\/\/kingarms.ee\/lv\/wp-json\/wp\/v2\/product_brand?post=143138"},{"taxonomy":"product_cat","embeddable":true,"href":"https:\/\/kingarms.ee\/lv\/wp-json\/wp\/v2\/product_cat?post=143138"},{"taxonomy":"product_tag","embeddable":true,"href":"https:\/\/kingarms.ee\/lv\/wp-json\/wp\/v2\/product_tag?post=143138"}],"curies":[{"name":"wp","href":"https:\/\/api.w.org\/{rel}","templated":true}]}}