{"id":143142,"date":"2022-01-18T15:08:17","date_gmt":"2022-01-18T12:08:17","guid":{"rendered":"https:\/\/kingarms.ee\/product\/at-p2-hatsan\/"},"modified":"2025-01-06T18:50:40","modified_gmt":"2025-01-06T15:50:40","slug":"at-p2-hatsan","status":"publish","type":"product","link":"https:\/\/kingarms.ee\/lv\/product\/at-p2-hatsan\/","title":{"rendered":"AT-P2 (Hatsan)"},"content":{"rendered":"<p><img loading=\"lazy\" decoding=\"async\" class=\"alignnone size-medium wp-image-34932\" src=\"https:\/\/kingarms.ee\/wp-content\/uploads\/2022\/01\/pistola-hatsan-AT-P2-300x225.jpeg\" alt=\"\" width=\"300\" height=\"225\" srcset=\"https:\/\/kingarms.ee\/wp-content\/uploads\/2022\/01\/pistola-hatsan-AT-P2-300x225.jpeg 300w, https:\/\/kingarms.ee\/wp-content\/uploads\/2022\/01\/pistola-hatsan-AT-P2-150x113.jpeg 150w, https:\/\/kingarms.ee\/wp-content\/uploads\/2022\/01\/pistola-hatsan-AT-P2-500x375.jpeg 500w, https:\/\/kingarms.ee\/wp-content\/uploads\/2022\/01\/pistola-hatsan-AT-P2-768x576.jpeg 768w, https:\/\/kingarms.ee\/wp-content\/uploads\/2022\/01\/pistola-hatsan-AT-P2-600x450.jpeg 600w, https:\/\/kingarms.ee\/wp-content\/uploads\/2022\/01\/pistola-hatsan-AT-P2.jpeg 900w\" sizes=\"auto, (max-width: 300px) 100vw, 300px\" \/><\/p>\n","protected":false},"excerpt":{"rendered":"<p>AT-P2 (Hatsan) Air Pistol Hatsan AT-P2 ir viens no jaun\u0101kajiem modernajiem pistol\u0113m Turcijas uz\u0146\u0113mum\u0101, kas ir \u013coti ergonomisks, \u0113rts un pat\u012bkams izmantot snaiperu \u0161au\u0161anas entuziastus. Kalibrs: 4,5 mm (.177) Darb\u012bbas princips: PCP pneimatiskais (iepriek\u0161 pump\u0113ts) Ener\u0123ijas avots: PCP s\u016bknis, 50 cm3, 200 bar, ~ 35 \u0161\u0101vienu mun\u012bcija: bumbi\u0146as ar 4,5 mm papl\u0101tes tilpums: 10 bumbi\u0146u \u0161au\u0161anas \u0101trums: 265 M \/ s Materi\u0101ls: korpuss &#8211; ABS, t\u0113rauda caurules spr\u016bda meh\u0101nisms (?): \u0160au\u0161anas re\u017e\u012bma vienreiz\u0113js efekts (?): Viena aizsardz\u012bba: autom\u0101tiska, svira zem spr\u016bda: regul\u0113jama aizmugur\u0113j\u0101 roka, priek\u0161\u0113jais m\u0113r\u0137is, optisko \u0161\u0137iedru \u0161\u0137iedru pavedieni \/ picatinny sliede: \u0161eit apvienots) tips (?): \u0160autenes garums: 640 mm, caurule &#8211; 265 mm (salona var no\u0146emt, ja nepiecie\u0161ams) Svars: 2900 g papildus: caurule ir uzst\u0101d\u012bta integr\u0113ta divk\u0101r\u0161a -\u0137\u012bmek\u013ca ska\u0146as motora iek\u0101rta (?): Pistole, No\u0146emams regul\u0113jams skapis, ziede -Drum 2 gab., Armat\u016bras komplekts, remonta komplekts, se\u0161st\u016bra, pildviela, instrukcijas, instrukcijas<\/p>\n<p>Produkta galvot\u0101js 3 g Gadus un kar\u0161 uz Uztur\u0113\u0161anas Laik\u0101 Bez akn\u0101s<\/p>\n","protected":false},"featured_media":114865,"template":"","meta":{"_acf_changed":false},"product_brand":[],"product_cat":[1008],"product_tag":[],"class_list":{"0":"post-143142","1":"product","2":"type-product","3":"status-publish","4":"has-post-thumbnail","6":"product_cat-pcp-hpa","8":"first","9":"instock","10":"sale","11":"taxable","12":"shipping-taxable","13":"purchasable","14":"product-type-simple"},"acf":[],"_links":{"self":[{"href":"https:\/\/kingarms.ee\/lv\/wp-json\/wp\/v2\/product\/143142","targetHints":{"allow":["GET"]}}],"collection":[{"href":"https:\/\/kingarms.ee\/lv\/wp-json\/wp\/v2\/product"}],"about":[{"href":"https:\/\/kingarms.ee\/lv\/wp-json\/wp\/v2\/types\/product"}],"wp:featuredmedia":[{"embeddable":true,"href":"https:\/\/kingarms.ee\/lv\/wp-json\/wp\/v2\/media\/114865"}],"wp:attachment":[{"href":"https:\/\/kingarms.ee\/lv\/wp-json\/wp\/v2\/media?parent=143142"}],"wp:term":[{"taxonomy":"product_brand","embeddable":true,"href":"https:\/\/kingarms.ee\/lv\/wp-json\/wp\/v2\/product_brand?post=143142"},{"taxonomy":"product_cat","embeddable":true,"href":"https:\/\/kingarms.ee\/lv\/wp-json\/wp\/v2\/product_cat?post=143142"},{"taxonomy":"product_tag","embeddable":true,"href":"https:\/\/kingarms.ee\/lv\/wp-json\/wp\/v2\/product_tag?post=143142"}],"curies":[{"name":"wp","href":"https:\/\/api.w.org\/{rel}","templated":true}]}}