{"id":143143,"date":"2021-12-20T15:21:04","date_gmt":"2025-01-06T15:53:33","guid":{"rendered":"https:\/\/kingarms.ee\/product\/glock-19x-umarex\/"},"modified":"2025-01-06T18:53:33","modified_gmt":"2025-01-06T15:53:33","slug":"glock-19x-umarex","status":"publish","type":"product","link":"https:\/\/kingarms.ee\/lv\/product\/glock-19x-umarex\/","title":{"rendered":"Glock 19x (Umarex)"},"content":{"rendered":"<p><img loading=\"lazy\" decoding=\"async\" class=\"alignnone size-medium wp-image-33931\" src=\"https:\/\/kingarms.ee\/wp-content\/uploads\/2021\/12\/pistol-glock-19-4-5-mm-b1ad2f25e0184660a8ec720eb81f5e22-114cf9b4-300x300.jpeg\" alt=\"\" width=\"300\" height=\"300\" srcset=\"https:\/\/kingarms.ee\/wp-content\/uploads\/2021\/12\/pistol-glock-19-4-5-mm-b1ad2f25e0184660a8ec720eb81f5e22-114cf9b4-300x300.jpeg 300w, https:\/\/kingarms.ee\/wp-content\/uploads\/2021\/12\/pistol-glock-19-4-5-mm-b1ad2f25e0184660a8ec720eb81f5e22-114cf9b4-150x150.jpeg 150w, https:\/\/kingarms.ee\/wp-content\/uploads\/2021\/12\/pistol-glock-19-4-5-mm-b1ad2f25e0184660a8ec720eb81f5e22-114cf9b4-500x500.jpeg 500w, https:\/\/kingarms.ee\/wp-content\/uploads\/2021\/12\/pistol-glock-19-4-5-mm-b1ad2f25e0184660a8ec720eb81f5e22-114cf9b4-768x768.jpeg 768w, https:\/\/kingarms.ee\/wp-content\/uploads\/2021\/12\/pistol-glock-19-4-5-mm-b1ad2f25e0184660a8ec720eb81f5e22-114cf9b4.jpeg 900w\" sizes=\"auto, (max-width: 300px) 100vw, 300px\" \/><\/p>\n","protected":false},"excerpt":{"rendered":"<p>Glock 19x (Umarex)<\/p>\n<p>Modelis: Glock 19x<br \/>\nRa\u017eot\u0101js: Umarex<br \/>\nKalibrs: 4,5 mm<br \/>\nPapl\u0101tes s\u0113jums: 18 BBS<br \/>\nKop\u0113jais garums: 190 mm<br \/>\nEner\u0123ija: 3 j<br \/>\nS\u0101kotn\u0113jais \u0101trums: 119 m\/s<br \/>\nSvars: 660 g<br \/>\nKr\u0101sa: melna<\/p>\n","protected":false},"featured_media":114535,"template":"","meta":{"_acf_changed":false},"product_brand":[],"product_cat":[1004,1005],"product_tag":[],"class_list":{"0":"post-143143","1":"product","2":"type-product","3":"status-publish","4":"has-post-thumbnail","6":"product_cat-lidmasinas","7":"product_cat-rokas-pistoles-lv","9":"first","10":"instock","11":"taxable","12":"shipping-taxable","13":"purchasable","14":"product-type-simple"},"acf":[],"_links":{"self":[{"href":"https:\/\/kingarms.ee\/lv\/wp-json\/wp\/v2\/product\/143143","targetHints":{"allow":["GET"]}}],"collection":[{"href":"https:\/\/kingarms.ee\/lv\/wp-json\/wp\/v2\/product"}],"about":[{"href":"https:\/\/kingarms.ee\/lv\/wp-json\/wp\/v2\/types\/product"}],"wp:featuredmedia":[{"embeddable":true,"href":"https:\/\/kingarms.ee\/lv\/wp-json\/wp\/v2\/media\/114535"}],"wp:attachment":[{"href":"https:\/\/kingarms.ee\/lv\/wp-json\/wp\/v2\/media?parent=143143"}],"wp:term":[{"taxonomy":"product_brand","embeddable":true,"href":"https:\/\/kingarms.ee\/lv\/wp-json\/wp\/v2\/product_brand?post=143143"},{"taxonomy":"product_cat","embeddable":true,"href":"https:\/\/kingarms.ee\/lv\/wp-json\/wp\/v2\/product_cat?post=143143"},{"taxonomy":"product_tag","embeddable":true,"href":"https:\/\/kingarms.ee\/lv\/wp-json\/wp\/v2\/product_tag?post=143143"}],"curies":[{"name":"wp","href":"https:\/\/api.w.org\/{rel}","templated":true}]}}