{"id":143151,"date":"2021-12-03T18:07:42","date_gmt":"2025-01-06T15:53:36","guid":{"rendered":"https:\/\/kingarms.ee\/product\/hd-red-green-spot-shop-theta\/"},"modified":"2025-01-06T18:53:36","modified_gmt":"2025-01-06T15:53:36","slug":"hd-punane-roheline-tappsihik-theta","status":"publish","type":"product","link":"https:\/\/kingarms.ee\/lv\/product\/hd-punane-roheline-tappsihik-theta\/","title":{"rendered":"HD Red\/Green Spot Shop (Theta)"},"content":{"rendered":"<p><img loading=\"lazy\" decoding=\"async\" class=\"alignnone size-medium wp-image-33421\" src=\"https:\/\/kingarms.ee\/wp-content\/uploads\/2021\/12\/1152224083_1-300x200.jpeg\" alt=\"\" width=\"300\" height=\"200\" srcset=\"https:\/\/kingarms.ee\/wp-content\/uploads\/2021\/12\/1152224083_1-300x200.jpeg 300w, https:\/\/kingarms.ee\/wp-content\/uploads\/2021\/12\/1152224083_1-150x100.jpeg 150w, https:\/\/kingarms.ee\/wp-content\/uploads\/2021\/12\/1152224083_1-500x333.jpeg 500w, https:\/\/kingarms.ee\/wp-content\/uploads\/2021\/12\/1152224083_1-768x512.jpeg 768w, https:\/\/kingarms.ee\/wp-content\/uploads\/2021\/12\/1152224083_1.jpeg 800w\" sizes=\"auto, (max-width: 300px) 100vw, 300px\" \/><\/p>\n","protected":false},"excerpt":{"rendered":"<p>HD sarkan\u0101\/za\u013c\u0101 plankumaina (teta) klasisk\u0101 1x22x33 mm sm\u0113r\u0113\u0161an\u0101s ar diametru. Ir iesp\u0113jams izv\u0113l\u0113ties starp 7 da\u017e\u0101diem spilgtuma l\u012bme\u0146iem un main\u012bt 4 punktus. Priek\u0161\u0113jais objekt\u012bvs ir p\u0101rkl\u0101ts ar pretfleksijas p\u0101rkl\u0101jumu. M\u0113r\u0137a apstiprin\u0101jums ir 22 mm Reili, t\u0101p\u0113c nav nepiecie\u0161ams ieg\u0101d\u0101ties papildu stiprin\u0101jumus. Svars 400 g<br \/>\nDarbojas ar akumulatoru CR2032<\/p>\n","protected":false},"featured_media":114367,"template":"","meta":{"_acf_changed":false},"product_brand":[],"product_cat":[1067],"product_tag":[],"class_list":{"0":"post-143151","1":"product","2":"type-product","3":"status-publish","4":"has-post-thumbnail","6":"product_cat-skats","8":"first","9":"instock","10":"taxable","11":"shipping-taxable","12":"purchasable","13":"product-type-simple"},"acf":[],"_links":{"self":[{"href":"https:\/\/kingarms.ee\/lv\/wp-json\/wp\/v2\/product\/143151","targetHints":{"allow":["GET"]}}],"collection":[{"href":"https:\/\/kingarms.ee\/lv\/wp-json\/wp\/v2\/product"}],"about":[{"href":"https:\/\/kingarms.ee\/lv\/wp-json\/wp\/v2\/types\/product"}],"wp:featuredmedia":[{"embeddable":true,"href":"https:\/\/kingarms.ee\/lv\/wp-json\/wp\/v2\/media\/114367"}],"wp:attachment":[{"href":"https:\/\/kingarms.ee\/lv\/wp-json\/wp\/v2\/media?parent=143151"}],"wp:term":[{"taxonomy":"product_brand","embeddable":true,"href":"https:\/\/kingarms.ee\/lv\/wp-json\/wp\/v2\/product_brand?post=143151"},{"taxonomy":"product_cat","embeddable":true,"href":"https:\/\/kingarms.ee\/lv\/wp-json\/wp\/v2\/product_cat?post=143151"},{"taxonomy":"product_tag","embeddable":true,"href":"https:\/\/kingarms.ee\/lv\/wp-json\/wp\/v2\/product_tag?post=143151"}],"curies":[{"name":"wp","href":"https:\/\/api.w.org\/{rel}","templated":true}]}}