{"id":143165,"date":"2021-12-19T16:31:11","date_gmt":"2025-01-06T15:54:15","guid":{"rendered":"https:\/\/kingarms.ee\/product\/1000bbs-lozu-kaste\/"},"modified":"2025-01-06T18:54:15","modified_gmt":"2025-01-06T15:54:15","slug":"1000bbs-kuulide-karp","status":"publish","type":"product","link":"https:\/\/kingarms.ee\/lv\/product\/1000bbs-kuulide-karp\/","title":{"rendered":"1000bbs lo\u017eu kaste"},"content":{"rendered":"<p><img loading=\"lazy\" decoding=\"async\" class=\"alignnone size-medium wp-image-33725\" src=\"https:\/\/kingarms.ee\/wp-content\/uploads\/2021\/12\/magazynki-dodatki-do-magazynkow-pojemnik-na-kulki-w-ksztalcie-magazynka-1000bb-bls-1644275-300x225.jpeg\" alt=\"\" width=\"300\" height=\"225\" srcset=\"https:\/\/kingarms.ee\/wp-content\/uploads\/2021\/12\/magazynki-dodatki-do-magazynkow-pojemnik-na-kulki-w-ksztalcie-magazynka-1000bb-bls-1644275-300x225.jpeg 300w, https:\/\/kingarms.ee\/wp-content\/uploads\/2021\/12\/magazynki-dodatki-do-magazynkow-pojemnik-na-kulki-w-ksztalcie-magazynka-1000bb-bls-1644275-150x113.jpeg 150w, https:\/\/kingarms.ee\/wp-content\/uploads\/2021\/12\/magazynki-dodatki-do-magazynkow-pojemnik-na-kulki-w-ksztalcie-magazynka-1000bb-bls-1644275-500x375.jpeg 500w, https:\/\/kingarms.ee\/wp-content\/uploads\/2021\/12\/magazynki-dodatki-do-magazynkow-pojemnik-na-kulki-w-ksztalcie-magazynka-1000bb-bls-1644275-600x450.jpeg 600w, https:\/\/kingarms.ee\/wp-content\/uploads\/2021\/12\/magazynki-dodatki-do-magazynkow-pojemnik-na-kulki-w-ksztalcie-magazynka-1000bb-bls-1644275.jpeg 640w\" sizes=\"auto, (max-width: 300px) 100vw, 300px\" \/><\/p>\n","protected":false},"excerpt":{"rendered":"<p>1000bbs lo\u017eu kaste \u0161aj\u0101 paroc\u012bgaj\u0101 M4 konteiner\u0101 BB var viegli uz\u0146emt 1000 BB.<br \/>\nTas der katr\u0101 M4 som\u0101. Tas bija izgatavots no caursp\u012bd\u012bga neilona, kas ir iztur\u012bgs pret meh\u0101niskiem boj\u0101jumiem. Tas ir ide\u0101ls risin\u0101jums mun\u012bcijas p\u0101rvad\u0101\u0161anai.<\/p>\n","protected":false},"featured_media":114455,"template":"","meta":{"_acf_changed":false},"product_brand":[],"product_cat":[1061],"product_tag":[],"class_list":{"0":"post-143165","1":"product","2":"type-product","3":"status-publish","4":"has-post-thumbnail","6":"product_cat-airsoft-lv","8":"first","9":"instock","10":"taxable","11":"shipping-taxable","12":"purchasable","13":"product-type-simple"},"acf":[],"_links":{"self":[{"href":"https:\/\/kingarms.ee\/lv\/wp-json\/wp\/v2\/product\/143165","targetHints":{"allow":["GET"]}}],"collection":[{"href":"https:\/\/kingarms.ee\/lv\/wp-json\/wp\/v2\/product"}],"about":[{"href":"https:\/\/kingarms.ee\/lv\/wp-json\/wp\/v2\/types\/product"}],"wp:featuredmedia":[{"embeddable":true,"href":"https:\/\/kingarms.ee\/lv\/wp-json\/wp\/v2\/media\/114455"}],"wp:attachment":[{"href":"https:\/\/kingarms.ee\/lv\/wp-json\/wp\/v2\/media?parent=143165"}],"wp:term":[{"taxonomy":"product_brand","embeddable":true,"href":"https:\/\/kingarms.ee\/lv\/wp-json\/wp\/v2\/product_brand?post=143165"},{"taxonomy":"product_cat","embeddable":true,"href":"https:\/\/kingarms.ee\/lv\/wp-json\/wp\/v2\/product_cat?post=143165"},{"taxonomy":"product_tag","embeddable":true,"href":"https:\/\/kingarms.ee\/lv\/wp-json\/wp\/v2\/product_tag?post=143165"}],"curies":[{"name":"wp","href":"https:\/\/api.w.org\/{rel}","templated":true}]}}