{"id":143173,"date":"2023-01-10T12:30:55","date_gmt":"2025-01-08T08:12:28","guid":{"rendered":"https:\/\/kingarms.ee\/product\/ar-ierakstitaja-kabatam-zals-karalis\/"},"modified":"2025-01-08T11:12:28","modified_gmt":"2025-01-08T08:12:28","slug":"plaadikandja-taskutega-roheline-royal","status":"publish","type":"product","link":"https:\/\/kingarms.ee\/lv\/product\/plaadikandja-taskutega-roheline-royal\/","title":{"rendered":"Ar ierakst\u012bt\u0101ja kabat\u0101m &#8211; za\u013c\u0161 (karalis)"},"content":{"rendered":"<p><img loading=\"lazy\" decoding=\"async\" class=\"alignnone size-full wp-image-71577\" src=\"https:\/\/kingarms.ee\/wp-content\/uploads\/2023\/01\/royal-tactical-vest-olive-drab-vt-1104v.jpg\" alt=\"\" width=\"1000\" height=\"1000\" srcset=\"https:\/\/kingarms.ee\/wp-content\/uploads\/2023\/01\/royal-tactical-vest-olive-drab-vt-1104v.jpg 1000w, https:\/\/kingarms.ee\/wp-content\/uploads\/2023\/01\/royal-tactical-vest-olive-drab-vt-1104v-300x300.jpg 300w, https:\/\/kingarms.ee\/wp-content\/uploads\/2023\/01\/royal-tactical-vest-olive-drab-vt-1104v-150x150.jpg 150w, https:\/\/kingarms.ee\/wp-content\/uploads\/2023\/01\/royal-tactical-vest-olive-drab-vt-1104v-768x768.jpg 768w, https:\/\/kingarms.ee\/wp-content\/uploads\/2023\/01\/royal-tactical-vest-olive-drab-vt-1104v-500x500.jpg 500w\" sizes=\"auto, (max-width: 1000px) 100vw, 1000px\" \/><\/p>\n","protected":false},"excerpt":{"rendered":"<p>Ar ierakst\u012bt\u0101ja kabat\u0101m &#8211; za\u013c\u0161 (karalis)<br \/>\nIzgatavots no augsta iztur\u012bga poliestera<br \/>\nAtveriet blakus ar Burdock piel\u0101go\u0161anu un klipiem<br \/>\nPa\u0101trin\u0101\u0161ana caur met\u0101la kabe\u013ciem<br \/>\nViduk\u013ca avotu priek\u0161puse un garantija<br \/>\nVelcro regul\u0113jamas plecu siksnas<br \/>\n1x autminitkt ar pistoles \u017eurn\u0101lu un plastmasas velcro siksnu<br \/>\n3x elast\u012bgas un velcro -steping laika soma pistolei<br \/>\n1x liela vertik\u0101la lieto\u0161ana ar dubultu r\u0101v\u0113jsl\u0113dz\u0113ju ar aizv\u0113r\u0161anu un piesitiena vilk\u0161anu<br \/>\nVisas kabatas ir no\u0146emamas un p\u0101rvietotas caur molle sist\u0113mu<br \/>\nUz sagatavotas aizsargpl\u0101ksnes (nav iek\u013cauta)<br \/>\nViena izm\u0113ra regul\u0113jama<br \/>\nIzm\u0113ri 600 mm x 490mm x (maks.) 300 mm<br \/>\nDr\u016bms ol\u012bva<\/p>\n","protected":false},"featured_media":133278,"template":"","meta":{"_acf_changed":false},"product_brand":[],"product_cat":[1093],"product_tag":[],"class_list":{"0":"post-143173","1":"product","2":"type-product","3":"status-publish","4":"has-post-thumbnail","6":"product_cat-vestes-un-zirglietas","8":"first","9":"instock","10":"taxable","11":"shipping-taxable","12":"purchasable","13":"product-type-simple"},"acf":[],"_links":{"self":[{"href":"https:\/\/kingarms.ee\/lv\/wp-json\/wp\/v2\/product\/143173","targetHints":{"allow":["GET"]}}],"collection":[{"href":"https:\/\/kingarms.ee\/lv\/wp-json\/wp\/v2\/product"}],"about":[{"href":"https:\/\/kingarms.ee\/lv\/wp-json\/wp\/v2\/types\/product"}],"wp:featuredmedia":[{"embeddable":true,"href":"https:\/\/kingarms.ee\/lv\/wp-json\/wp\/v2\/media\/133278"}],"wp:attachment":[{"href":"https:\/\/kingarms.ee\/lv\/wp-json\/wp\/v2\/media?parent=143173"}],"wp:term":[{"taxonomy":"product_brand","embeddable":true,"href":"https:\/\/kingarms.ee\/lv\/wp-json\/wp\/v2\/product_brand?post=143173"},{"taxonomy":"product_cat","embeddable":true,"href":"https:\/\/kingarms.ee\/lv\/wp-json\/wp\/v2\/product_cat?post=143173"},{"taxonomy":"product_tag","embeddable":true,"href":"https:\/\/kingarms.ee\/lv\/wp-json\/wp\/v2\/product_tag?post=143173"}],"curies":[{"name":"wp","href":"https:\/\/api.w.org\/{rel}","templated":true}]}}