{"id":143175,"date":"2023-01-10T12:22:41","date_gmt":"2025-01-08T08:15:09","guid":{"rendered":"https:\/\/kingarms.ee\/product\/ar-plaksnes-neseja-kabatam-multicam-karaliskais\/"},"modified":"2025-01-08T11:15:09","modified_gmt":"2025-01-08T08:15:09","slug":"plaadikandja-taskutega-multicam-royal","status":"publish","type":"product","link":"https:\/\/kingarms.ee\/lv\/product\/plaadikandja-taskutega-multicam-royal\/","title":{"rendered":"Ar pl\u0101ksnes nes\u0113ja kabat\u0101m &#8211; multicam (karaliskais)"},"content":{"rendered":"<p><img loading=\"lazy\" decoding=\"async\" class=\"alignnone size-full wp-image-71569\" src=\"https:\/\/kingarms.ee\/wp-content\/uploads\/2023\/01\/royal-tactical-vest-multicam-rp-81mul.jpg\" alt=\"\" width=\"1000\" height=\"1000\" srcset=\"https:\/\/kingarms.ee\/wp-content\/uploads\/2023\/01\/royal-tactical-vest-multicam-rp-81mul.jpg 1000w, https:\/\/kingarms.ee\/wp-content\/uploads\/2023\/01\/royal-tactical-vest-multicam-rp-81mul-300x300.jpg 300w, https:\/\/kingarms.ee\/wp-content\/uploads\/2023\/01\/royal-tactical-vest-multicam-rp-81mul-150x150.jpg 150w, https:\/\/kingarms.ee\/wp-content\/uploads\/2023\/01\/royal-tactical-vest-multicam-rp-81mul-768x768.jpg 768w, https:\/\/kingarms.ee\/wp-content\/uploads\/2023\/01\/royal-tactical-vest-multicam-rp-81mul-500x500.jpg 500w\" sizes=\"auto, (max-width: 1000px) 100vw, 1000px\" \/><\/p>\n","protected":false},"excerpt":{"rendered":"<p>Ar pl\u0101ksnes nes\u0113ja kabat\u0101m &#8211; multicam (karaliskais)<br \/>\nS\u0101nu atvere ar velcro un skavas regul\u0113\u0161anu<br \/>\n\u0100tra atbr\u012bvo\u0161ana, izmantojot met\u0101la kabe\u013cus<br \/>\nSiksnu ceturtda\u013cas priek\u0161puse un aizmugure<br \/>\nRegul\u0113jamas plecu siksnas ar velcro<br \/>\n1x administratora kabata ar panku valk\u0101\u0161anu boksa un velcro pl\u0101ksteros<br \/>\n3x dubult\u0101 apmales rekorbas ar elast\u012bgo un velcro stiprin\u0101jumu<br \/>\n1x Liels vertik\u0101ls bezdarba maiss, dubult\u0101 karoga masta un viduk\u013ca avoti, lai pievienotu citus gad\u012bjumus<br \/>\n1x radio kabata ar zip kinn<br \/>\nVisas kabatas ir no\u0146emamas un p\u0101rvietotas, izmantojot balstiek\u0101rtas sist\u0113mu<br \/>\nSagatavots aizsarg\u0101jo\u0161iem vairogiem (nav iek\u013cauts)<br \/>\nViena izm\u0113ra regul\u0113jama<br \/>\nKr\u0101sa multicam<\/p>\n","protected":false},"featured_media":133211,"template":"","meta":{"_acf_changed":false},"product_brand":[],"product_cat":[1093],"product_tag":[],"class_list":{"0":"post-143175","1":"product","2":"type-product","3":"status-publish","4":"has-post-thumbnail","6":"product_cat-vestes-un-zirglietas","8":"first","9":"instock","10":"taxable","11":"shipping-taxable","12":"purchasable","13":"product-type-simple"},"acf":[],"_links":{"self":[{"href":"https:\/\/kingarms.ee\/lv\/wp-json\/wp\/v2\/product\/143175","targetHints":{"allow":["GET"]}}],"collection":[{"href":"https:\/\/kingarms.ee\/lv\/wp-json\/wp\/v2\/product"}],"about":[{"href":"https:\/\/kingarms.ee\/lv\/wp-json\/wp\/v2\/types\/product"}],"wp:featuredmedia":[{"embeddable":true,"href":"https:\/\/kingarms.ee\/lv\/wp-json\/wp\/v2\/media\/133211"}],"wp:attachment":[{"href":"https:\/\/kingarms.ee\/lv\/wp-json\/wp\/v2\/media?parent=143175"}],"wp:term":[{"taxonomy":"product_brand","embeddable":true,"href":"https:\/\/kingarms.ee\/lv\/wp-json\/wp\/v2\/product_brand?post=143175"},{"taxonomy":"product_cat","embeddable":true,"href":"https:\/\/kingarms.ee\/lv\/wp-json\/wp\/v2\/product_cat?post=143175"},{"taxonomy":"product_tag","embeddable":true,"href":"https:\/\/kingarms.ee\/lv\/wp-json\/wp\/v2\/product_tag?post=143175"}],"curies":[{"name":"wp","href":"https:\/\/api.w.org\/{rel}","templated":true}]}}